{"id":4635,"date":"2021-10-18T22:14:55","date_gmt":"2021-10-18T20:14:55","guid":{"rendered":"https:\/\/serverdedicato.lovenailsrivenditore.com\/?product=jack-top-molly-lac-party-5ml"},"modified":"2026-04-17T18:42:10","modified_gmt":"2026-04-17T16:42:10","slug":"jack-top-molly-lac-party-5ml","status":"publish","type":"product","link":"https:\/\/serverdedicato.lovenailsrivenditore.com\/?product=jack-top-molly-lac-party-5ml","title":{"rendered":"Jack Top Molly Lac &#8211; Party 10 ml"},"content":{"rendered":"<p>Jack Top Molly Lac Party 10 ml<\/p>\n<p>Party Jack Top \u00e8 un rosa olografico dalla forma irregolare. Il finish perfetto per qualsiasi stile, indipendentemente dal colore di base.<\/p>\n<p>Top unico senza dispersione effetto pietra nel tuo colore preferito. Particelle uniche e irregolari, che si trovano nella parte superiore, ti permetteranno di cambiare una normale manicure rendendola unica e scintillante!<\/p>\n<p>Effetto unico, indipendentemente dal colore a cui si applica.<br \/>\nSenza tempo e straordinario! S\u00ec, questo \u00e8 ci\u00f2 che \u00e8 Jack Top MollyLac.<\/p>\n<p>TEMPO DI CATALIZZAZIONE:<br \/>\n-lampada Diodi UV\/LED 60 sec<br \/>\n-Lampada UV &#8211; 120 sec<\/p>\n<p>Stavi aspettando un prodotto universale che trasformer\u00e0 la tua manicure in un&#8217;opera d&#8217;arte come una bacchetta magica? Usa Jack Top MollyLac!<\/p>\n","protected":false},"excerpt":{"rendered":"<p>Jack Top Molly Lac Party 10 ml<\/p>\n<p>Party Jack Top \u00e8 un rosa olografico dalla forma irregolare. Il finish perfetto per qualsiasi stile, indipendentemente dal colore di base.<\/p>\n","protected":false},"featured_media":2059,"comment_status":"closed","ping_status":"open","template":"","meta":[],"product_brand":[],"product_cat":[202,203,81],"product_tag":[634,75,635,636],"class_list":{"0":"post-4635","1":"product","2":"type-product","3":"status-publish","4":"has-post-thumbnail","6":"product_cat-finish","7":"product_cat-finish-molly-lac","8":"product_cat-molly-lac","9":"product_tag-finish","10":"product_tag-gel","11":"product_tag-jack","12":"product_tag-senza-dispersione","14":"first","15":"instock","16":"shipping-taxable","17":"purchasable","18":"product-type-simple"},"_links":{"self":[{"href":"https:\/\/serverdedicato.lovenailsrivenditore.com\/index.php?rest_route=\/wp\/v2\/product\/4635","targetHints":{"allow":["GET"]}}],"collection":[{"href":"https:\/\/serverdedicato.lovenailsrivenditore.com\/index.php?rest_route=\/wp\/v2\/product"}],"about":[{"href":"https:\/\/serverdedicato.lovenailsrivenditore.com\/index.php?rest_route=\/wp\/v2\/types\/product"}],"replies":[{"embeddable":true,"href":"https:\/\/serverdedicato.lovenailsrivenditore.com\/index.php?rest_route=%2Fwp%2Fv2%2Fcomments&post=4635"}],"wp:featuredmedia":[{"embeddable":true,"href":"https:\/\/serverdedicato.lovenailsrivenditore.com\/index.php?rest_route=\/wp\/v2\/media\/2059"}],"wp:attachment":[{"href":"https:\/\/serverdedicato.lovenailsrivenditore.com\/index.php?rest_route=%2Fwp%2Fv2%2Fmedia&parent=4635"}],"wp:term":[{"taxonomy":"product_brand","embeddable":true,"href":"https:\/\/serverdedicato.lovenailsrivenditore.com\/index.php?rest_route=%2Fwp%2Fv2%2Fproduct_brand&post=4635"},{"taxonomy":"product_cat","embeddable":true,"href":"https:\/\/serverdedicato.lovenailsrivenditore.com\/index.php?rest_route=%2Fwp%2Fv2%2Fproduct_cat&post=4635"},{"taxonomy":"product_tag","embeddable":true,"href":"https:\/\/serverdedicato.lovenailsrivenditore.com\/index.php?rest_route=%2Fwp%2Fv2%2Fproduct_tag&post=4635"}],"curies":[{"name":"wp","href":"https:\/\/api.w.org\/{rel}","templated":true}]}}