{"id":46353,"date":"2026-03-10T15:22:33","date_gmt":"2026-03-10T14:22:33","guid":{"rendered":"https:\/\/serverdedicato.lovenailsrivenditore.com\/?product=kodi-correttore-honey-beige-6ml"},"modified":"2026-04-20T17:40:28","modified_gmt":"2026-04-20T15:40:28","slug":"kodi-correttore-honey-beige-6ml","status":"publish","type":"product","link":"https:\/\/serverdedicato.lovenailsrivenditore.com\/?product=kodi-correttore-honey-beige-6ml","title":{"rendered":"KODI &#8211; CORRETTORE &#8211; HONEY BEIGE &#8211; 6ml"},"content":{"rendered":"<p>Il correttore liquido KODI PROFESSIONAL nella tonalit\u00e0 naturale &#8220;Honey Beige&#8221; \u00e8 consigliato per correggere varie imperfezioni della pelle per chi ha tonalit\u00e0 medie.<\/p>\n<p>Il correttore liquido \u00e8 un prodotto progettato per camuffare le aree problematiche della pelle. Il correttore ha un&#8217;ottima copertura, alta durata, nasconde bene le imperfezioni della pelle e uniforma il tono. Non contiene oli, non sovraccarica la pelle, non crea un effetto di &#8220;maschera&#8221;.<\/p>\n<p>Maschere correttorie liquide:<\/p>\n<ul>\n<li>occhiaie sotto gli occhi;<\/li>\n<li>pigmentazione e rete vascolare;<\/li>\n<li>irritazione e arrossamento;<\/li>\n<li>tracce di acne e altri difetti.<\/li>\n<\/ul>\n<p><span><strong>Come usare:\u00a0<\/strong>usa un applicatore o un pennello per raccogliere la quantit\u00e0 richiesta di prodotto e applicarla sulla pelle.<\/span><\/p>\n","protected":false},"excerpt":{"rendered":"<p>Il correttore liquido KODI PROFESSIONAL nella tonalit\u00e0 naturale &#8220;Honey Beige&#8221; \u00e8 consigliato per correggere varie imperfezioni della pelle per chi ha tonalit\u00e0 medie.<\/p>\n<p>Il correttore liquido \u00e8 un prodotto progettato per camuffare le aree problematiche della pelle. Il correttore ha un&#8217;ottima copertura, alta durata, nasconde bene le imperfezioni della pelle e uniforma il tono. Non contiene oli, non sovraccarica la pelle, non crea un effetto di &#8220;maschera&#8221;.<\/p>\n","protected":false},"featured_media":46354,"comment_status":"closed","ping_status":"open","template":"","meta":[],"product_brand":[],"product_cat":[2628,1856,2643,2629],"product_tag":[2704,2330,3294],"class_list":{"0":"post-46353","1":"product","2":"type-product","3":"status-publish","4":"has-post-thumbnail","6":"product_cat-kodi-professional","7":"product_cat-make-up","8":"product_cat-occhi-kodi-professional","9":"product_cat-viso-kodi-professional","10":"product_tag-concealer","11":"product_tag-correttore","12":"product_tag-honey-beige","14":"first","15":"instock","16":"shipping-taxable","17":"purchasable","18":"product-type-simple"},"_links":{"self":[{"href":"https:\/\/serverdedicato.lovenailsrivenditore.com\/index.php?rest_route=\/wp\/v2\/product\/46353","targetHints":{"allow":["GET"]}}],"collection":[{"href":"https:\/\/serverdedicato.lovenailsrivenditore.com\/index.php?rest_route=\/wp\/v2\/product"}],"about":[{"href":"https:\/\/serverdedicato.lovenailsrivenditore.com\/index.php?rest_route=\/wp\/v2\/types\/product"}],"replies":[{"embeddable":true,"href":"https:\/\/serverdedicato.lovenailsrivenditore.com\/index.php?rest_route=%2Fwp%2Fv2%2Fcomments&post=46353"}],"wp:featuredmedia":[{"embeddable":true,"href":"https:\/\/serverdedicato.lovenailsrivenditore.com\/index.php?rest_route=\/wp\/v2\/media\/46354"}],"wp:attachment":[{"href":"https:\/\/serverdedicato.lovenailsrivenditore.com\/index.php?rest_route=%2Fwp%2Fv2%2Fmedia&parent=46353"}],"wp:term":[{"taxonomy":"product_brand","embeddable":true,"href":"https:\/\/serverdedicato.lovenailsrivenditore.com\/index.php?rest_route=%2Fwp%2Fv2%2Fproduct_brand&post=46353"},{"taxonomy":"product_cat","embeddable":true,"href":"https:\/\/serverdedicato.lovenailsrivenditore.com\/index.php?rest_route=%2Fwp%2Fv2%2Fproduct_cat&post=46353"},{"taxonomy":"product_tag","embeddable":true,"href":"https:\/\/serverdedicato.lovenailsrivenditore.com\/index.php?rest_route=%2Fwp%2Fv2%2Fproduct_tag&post=46353"}],"curies":[{"name":"wp","href":"https:\/\/api.w.org\/{rel}","templated":true}]}}