{"id":46356,"date":"2026-03-10T15:23:35","date_gmt":"2026-03-10T14:23:35","guid":{"rendered":"https:\/\/serverdedicato.lovenailsrivenditore.com\/?product=kodi-correttore-salmon-6ml"},"modified":"2026-04-20T17:40:30","modified_gmt":"2026-04-20T15:40:30","slug":"kodi-correttore-salmon-6ml","status":"publish","type":"product","link":"https:\/\/serverdedicato.lovenailsrivenditore.com\/?product=kodi-correttore-salmon-6ml","title":{"rendered":"KODI &#8211; CORRETTORE &#8211; SALMON &#8211; 6ml"},"content":{"rendered":"<p>Il correttore liquido KODI PROFESSIONAL nella tonalit\u00e0 &#8220;Salmon&#8221; \u00e8 pi\u00f9 adatto per correggere occhiaie e altre imperfezioni cutanee con sottotono blu.<\/p>\n<p>Il correttore liquido \u00e8 un prodotto progettato per camuffare le aree problematiche della pelle. Il correttore ha un&#8217;ottima copertura, alta durata, nasconde bene le imperfezioni della pelle e uniforma il tono. Non contiene oli, non sovraccarica la pelle, non crea un effetto di &#8220;maschera&#8221;.<\/p>\n<p>UTILIZZO:<\/p>\n<ul>\n<li>occhiaie sotto gli occhi;<\/li>\n<li>pigmentazione e rete vascolare;<\/li>\n<li>irritazione e arrossamento;<\/li>\n<li>tracce di acne e altri difetti.<\/li>\n<\/ul>\n<p>Come usare: usa un applicatore o un pennello per raccogliere la quantit\u00e0 richiesta di prodotto e applicarla sulla pelle.<\/p>\n<div class=\"wrap-hidden-text-link\">\n<div data-text=\"\u0427\u0438\u0442\u0430\u0442\u044c \u043f\u043e\u043b\u043d\u043e\u0441\u0442\u044c\u044e\"><\/div>\n<\/div>\n","protected":false},"excerpt":{"rendered":"<p>Il correttore liquido KODI PROFESSIONAL nella tonalit\u00e0 &#8220;Salmon&#8221; \u00e8 pi\u00f9 adatto per correggere occhiaie e altre imperfezioni cutanee con sottotono blu.<\/p>\n<p>Il correttore liquido \u00e8 un prodotto progettato per camuffare le aree problematiche della pelle. Il correttore ha un&#8217;ottima copertura, alta durata, nasconde bene le imperfezioni della pelle e uniforma il tono. Non contiene oli, non sovraccarica la pelle, non crea un effetto di &#8220;maschera&#8221;.<\/p>\n","protected":false},"featured_media":46357,"comment_status":"closed","ping_status":"open","template":"","meta":[],"product_brand":[],"product_cat":[2628,1856,2643,2629],"product_tag":[2704,2330,3294],"class_list":{"0":"post-46356","1":"product","2":"type-product","3":"status-publish","4":"has-post-thumbnail","6":"product_cat-kodi-professional","7":"product_cat-make-up","8":"product_cat-occhi-kodi-professional","9":"product_cat-viso-kodi-professional","10":"product_tag-concealer","11":"product_tag-correttore","12":"product_tag-honey-beige","14":"first","15":"instock","16":"shipping-taxable","17":"purchasable","18":"product-type-simple"},"_links":{"self":[{"href":"https:\/\/serverdedicato.lovenailsrivenditore.com\/index.php?rest_route=\/wp\/v2\/product\/46356","targetHints":{"allow":["GET"]}}],"collection":[{"href":"https:\/\/serverdedicato.lovenailsrivenditore.com\/index.php?rest_route=\/wp\/v2\/product"}],"about":[{"href":"https:\/\/serverdedicato.lovenailsrivenditore.com\/index.php?rest_route=\/wp\/v2\/types\/product"}],"replies":[{"embeddable":true,"href":"https:\/\/serverdedicato.lovenailsrivenditore.com\/index.php?rest_route=%2Fwp%2Fv2%2Fcomments&post=46356"}],"wp:featuredmedia":[{"embeddable":true,"href":"https:\/\/serverdedicato.lovenailsrivenditore.com\/index.php?rest_route=\/wp\/v2\/media\/46357"}],"wp:attachment":[{"href":"https:\/\/serverdedicato.lovenailsrivenditore.com\/index.php?rest_route=%2Fwp%2Fv2%2Fmedia&parent=46356"}],"wp:term":[{"taxonomy":"product_brand","embeddable":true,"href":"https:\/\/serverdedicato.lovenailsrivenditore.com\/index.php?rest_route=%2Fwp%2Fv2%2Fproduct_brand&post=46356"},{"taxonomy":"product_cat","embeddable":true,"href":"https:\/\/serverdedicato.lovenailsrivenditore.com\/index.php?rest_route=%2Fwp%2Fv2%2Fproduct_cat&post=46356"},{"taxonomy":"product_tag","embeddable":true,"href":"https:\/\/serverdedicato.lovenailsrivenditore.com\/index.php?rest_route=%2Fwp%2Fv2%2Fproduct_tag&post=46356"}],"curies":[{"name":"wp","href":"https:\/\/api.w.org\/{rel}","templated":true}]}}