{"id":46369,"date":"2026-03-10T15:56:20","date_gmt":"2026-03-10T14:56:20","guid":{"rendered":"https:\/\/serverdedicato.lovenailsrivenditore.com\/?product=kodi-illuminante-stick-fresh-11gr"},"modified":"2026-04-20T17:40:41","modified_gmt":"2026-04-20T15:40:41","slug":"kodi-illuminante-stick-fresh-11gr","status":"publish","type":"product","link":"https:\/\/serverdedicato.lovenailsrivenditore.com\/?product=kodi-illuminante-stick-fresh-11gr","title":{"rendered":"KODI &#8211; ILLUMINANTE STICK &#8211; FRESH &#8211; 11gr"},"content":{"rendered":"<p>L&#8217;illuminante \u00e8 un prodotto decorativo con un effetto scintillante e luminoso. L&#8217;illuminante KODI PROFESSIONAL Make-up stick \u00e8 realizzato in un formato comodo e enfatizza delicatamente tutti i vantaggi del viso grazie a pigmenti riflettenti della luce finemente dispersi.<\/p>\n<p>Ha una consistenza cremosa con particelle brillanti ottimali, \u00e8 facile da applicare e sfumare per un bagliore morbido e oleoso. L&#8217;illuminante presentato \u00e8 universale, ha una composizione sicura e pu\u00f2 essere usato in qualsiasi fase del trucco. A causa dell&#8217;applicazione, rughe e altre irregolarit\u00e0 cutanee diventano meno evidenti e la pelle assume un aspetto fresco, sano e ben curato.<\/p>\n<p>Come usare: Applica il prodotto nelle zone del viso dove devi aggiungere volume o un effetto radiante. Per una sfumatura pi\u00f9 morbida, si consiglia di usare un pennello duofibre.<\/p>\n<p>Colore: Fresco<\/p>\n","protected":false},"excerpt":{"rendered":"<p>L&#8217;illuminante \u00e8 un prodotto decorativo con un effetto scintillante e luminoso. L&#8217;illuminante KODI PROFESSIONAL Make-up stick \u00e8 realizzato in un formato comodo e enfatizza delicatamente tutti i vantaggi del viso grazie a pigmenti riflettenti della luce finemente dispersi.<\/p>\n<p>Ha una consistenza cremosa con particelle brillanti ottimali, \u00e8 facile da applicare e sfumare per un bagliore morbido e oleoso. L&#8217;illuminante presentato \u00e8 universale, ha una composizione sicura e pu\u00f2 essere usato in qualsiasi fase del trucco. A causa dell&#8217;applicazione, rughe e altre irregolarit\u00e0 cutanee diventano meno evidenti e la pelle assume un aspetto fresco, sano e ben curato.<\/p>\n<p>Come usare: Applica il prodotto nelle zone del viso dove devi aggiungere volume o un effetto radiante. Per una sfumatura pi\u00f9 morbida, si consiglia di usare un pennello duofibre.<\/p>\n","protected":false},"featured_media":46370,"comment_status":"closed","ping_status":"open","template":"","meta":[],"product_brand":[],"product_cat":[2628,1856,2629],"product_tag":[3295,2656,2357],"class_list":{"0":"post-46369","1":"product","2":"type-product","3":"status-publish","4":"has-post-thumbnail","6":"product_cat-kodi-professional","7":"product_cat-make-up","8":"product_cat-viso-kodi-professional","9":"product_tag-fresh","10":"product_tag-highlighter","11":"product_tag-illuminante","13":"first","14":"instock","15":"shipping-taxable","16":"purchasable","17":"product-type-simple"},"_links":{"self":[{"href":"https:\/\/serverdedicato.lovenailsrivenditore.com\/index.php?rest_route=\/wp\/v2\/product\/46369","targetHints":{"allow":["GET"]}}],"collection":[{"href":"https:\/\/serverdedicato.lovenailsrivenditore.com\/index.php?rest_route=\/wp\/v2\/product"}],"about":[{"href":"https:\/\/serverdedicato.lovenailsrivenditore.com\/index.php?rest_route=\/wp\/v2\/types\/product"}],"replies":[{"embeddable":true,"href":"https:\/\/serverdedicato.lovenailsrivenditore.com\/index.php?rest_route=%2Fwp%2Fv2%2Fcomments&post=46369"}],"wp:featuredmedia":[{"embeddable":true,"href":"https:\/\/serverdedicato.lovenailsrivenditore.com\/index.php?rest_route=\/wp\/v2\/media\/46370"}],"wp:attachment":[{"href":"https:\/\/serverdedicato.lovenailsrivenditore.com\/index.php?rest_route=%2Fwp%2Fv2%2Fmedia&parent=46369"}],"wp:term":[{"taxonomy":"product_brand","embeddable":true,"href":"https:\/\/serverdedicato.lovenailsrivenditore.com\/index.php?rest_route=%2Fwp%2Fv2%2Fproduct_brand&post=46369"},{"taxonomy":"product_cat","embeddable":true,"href":"https:\/\/serverdedicato.lovenailsrivenditore.com\/index.php?rest_route=%2Fwp%2Fv2%2Fproduct_cat&post=46369"},{"taxonomy":"product_tag","embeddable":true,"href":"https:\/\/serverdedicato.lovenailsrivenditore.com\/index.php?rest_route=%2Fwp%2Fv2%2Fproduct_tag&post=46369"}],"curies":[{"name":"wp","href":"https:\/\/api.w.org\/{rel}","templated":true}]}}