{"id":46372,"date":"2026-03-11T11:26:54","date_gmt":"2026-03-11T10:26:54","guid":{"rendered":"https:\/\/serverdedicato.lovenailsrivenditore.com\/?product=kodi-pennello-per-sopracciglia-n-03"},"modified":"2026-04-20T17:40:42","modified_gmt":"2026-04-20T15:40:42","slug":"kodi-pennello-per-sopracciglia-n-03","status":"publish","type":"product","link":"https:\/\/serverdedicato.lovenailsrivenditore.com\/?product=kodi-pennello-per-sopracciglia-n-03","title":{"rendered":"KODI &#8211; PENNELLO PER SOPRACCIGLIA n.03"},"content":{"rendered":"<p>Le sopracciglia ben curate sono la tendenza principale degli ultimi anni, che ancora oggi non rinuncer\u00e0 alla sua posizione. Un pennello professionale per sopracciglia aiuter\u00e0 a correggere la forma, eliminare i difetti e dare intensit\u00e0 al colore. KODI PROFESSIONAL Make-up offre una gamma completa di prodotti per creare sopracciglia perfette.<\/p>\n<p>Il Compact BrushNo 3 \u00e8 un pennello per sopracciglia tutto-in-uno. Il pennello \u00e8 realizzato con setole di nylon sintetico,\u00a0 ha una forma smussata manovrabile che permette di fare tratti precisi, oltre a usarlo quando hai bisogno di trucco per gli occhi. Il pennello \u00e8 adatto all&#8217;uso con qualsiasi texture di sopracciglia &#8211; gel, ombretto, cera. Il pennello non richiede cure particolari e non si deforma durante l&#8217;uso.<\/p>\n<p>Parametri:<\/p>\n<ul>\n<li>Dimensione del pennello: 140 mm;<\/li>\n<li>Altezza del palo: 5 mm;<\/li>\n<li>Larghezza del pennello: 5 mm;<\/li>\n<li>Spessore del pennello: 2 mm.<\/li>\n<\/ul>\n","protected":false},"excerpt":{"rendered":"<p>Le sopracciglia ben curate sono la tendenza principale degli ultimi anni, che ancora oggi non rinuncer\u00e0 alla sua posizione. Un pennello professionale per sopracciglia aiuter\u00e0 a correggere la forma, eliminare i difetti e dare intensit\u00e0 al colore. KODI PROFESSIONAL Make-up offre una gamma completa di prodotti per creare sopracciglia perfette.<\/p>\n<p>Il Compact BrushNo 3 \u00e8 un pennello per sopracciglia tutto-in-uno. Il pennello \u00e8 realizzato con setole di nylon sintetico,\u00a0 ha una forma smussata manovrabile che permette di fare tratti precisi, oltre a usarlo quando hai bisogno di trucco per gli occhi. Il pennello \u00e8 adatto all&#8217;uso con qualsiasi texture di sopracciglia &#8211; gel, ombretto, cera. Il pennello non richiede cure particolari e non si deforma durante l&#8217;uso.<\/p>\n","protected":false},"featured_media":46373,"comment_status":"closed","ping_status":"open","template":"","meta":[],"product_brand":[],"product_cat":[2628,1856,2641],"product_tag":[245,3296,2007],"class_list":{"0":"post-46372","1":"product","2":"type-product","3":"status-publish","4":"has-post-thumbnail","6":"product_cat-kodi-professional","7":"product_cat-make-up","8":"product_cat-sopracciglia-kodi-professional","9":"product_tag-pennello","10":"product_tag-pennello-make-up","11":"product_tag-sopracciglia","13":"first","14":"instock","15":"shipping-taxable","16":"purchasable","17":"product-type-simple"},"_links":{"self":[{"href":"https:\/\/serverdedicato.lovenailsrivenditore.com\/index.php?rest_route=\/wp\/v2\/product\/46372","targetHints":{"allow":["GET"]}}],"collection":[{"href":"https:\/\/serverdedicato.lovenailsrivenditore.com\/index.php?rest_route=\/wp\/v2\/product"}],"about":[{"href":"https:\/\/serverdedicato.lovenailsrivenditore.com\/index.php?rest_route=\/wp\/v2\/types\/product"}],"replies":[{"embeddable":true,"href":"https:\/\/serverdedicato.lovenailsrivenditore.com\/index.php?rest_route=%2Fwp%2Fv2%2Fcomments&post=46372"}],"wp:featuredmedia":[{"embeddable":true,"href":"https:\/\/serverdedicato.lovenailsrivenditore.com\/index.php?rest_route=\/wp\/v2\/media\/46373"}],"wp:attachment":[{"href":"https:\/\/serverdedicato.lovenailsrivenditore.com\/index.php?rest_route=%2Fwp%2Fv2%2Fmedia&parent=46372"}],"wp:term":[{"taxonomy":"product_brand","embeddable":true,"href":"https:\/\/serverdedicato.lovenailsrivenditore.com\/index.php?rest_route=%2Fwp%2Fv2%2Fproduct_brand&post=46372"},{"taxonomy":"product_cat","embeddable":true,"href":"https:\/\/serverdedicato.lovenailsrivenditore.com\/index.php?rest_route=%2Fwp%2Fv2%2Fproduct_cat&post=46372"},{"taxonomy":"product_tag","embeddable":true,"href":"https:\/\/serverdedicato.lovenailsrivenditore.com\/index.php?rest_route=%2Fwp%2Fv2%2Fproduct_tag&post=46372"}],"curies":[{"name":"wp","href":"https:\/\/api.w.org\/{rel}","templated":true}]}}