{"id":46375,"date":"2026-03-11T11:37:40","date_gmt":"2026-03-11T10:37:40","guid":{"rendered":"https:\/\/serverdedicato.lovenailsrivenditore.com\/?product=kodi-pennello-per-eyeliner-n-04"},"modified":"2026-04-20T17:40:44","modified_gmt":"2026-04-20T15:40:44","slug":"kodi-pennello-per-eyeliner-n-04","status":"publish","type":"product","link":"https:\/\/serverdedicato.lovenailsrivenditore.com\/?product=kodi-pennello-per-eyeliner-n-04","title":{"rendered":"KODI &#8211; PENNELLO PER EYELINER n.04"},"content":{"rendered":"<p>La variet\u00e0 di pennelli per il trucco occhi KODI PROFESSIONAL rende possibile scegliere il pennello pi\u00f9 preciso per un lavoro semplice e preciso. La gamma di pennelli per il trucco \u00e8 progettata pensando a una variet\u00e0 di texture e tecniche di applicazione, offrendo una vasta gamma di pennelli pratici con setole naturali e artificiali.<\/p>\n<p>Il pennello No04 \u00e8 progettato per applicare eyeliner e tracciare sottili &#8220;linee da gioiello&#8221;. Con l&#8217;aiuto di questo pennello, \u00e8 molto comodo realizzare frecce di ogni tipo: eleganti, larghe, grafiche. Il pennello ha una forma arrotondata e manovrabile ed \u00e8 realizzato con setole sintetiche elastiche e morbide &#8211; nylon. Il pennello non tira n\u00e9 allunga la pelle. Dopo un lungo periodo di utilizzo, non si gonfia e mantiene la sua forma.<\/p>\n<p>Parametri:<\/p>\n<ul>\n<li>Dimensione del pennello: 140 mm;<\/li>\n<li>Altezza del palo: 6 mm;<\/li>\n<li>Larghezza del pennello: 4 mm;<\/li>\n<li>Spessore del pennello: 1 mm.<\/li>\n<\/ul>\n","protected":false},"excerpt":{"rendered":"<p>La variet\u00e0 di pennelli per il trucco occhi KODI PROFESSIONAL rende possibile scegliere il pennello pi\u00f9 preciso per un lavoro semplice e preciso. La gamma di pennelli per il trucco \u00e8 progettata pensando a una variet\u00e0 di texture e tecniche di applicazione, offrendo una vasta gamma di pennelli pratici con setole naturali e artificiali.<\/p>\n<p>Il pennello No04 \u00e8 progettato per applicare eyeliner e tracciare sottili &#8220;linee da gioiello&#8221;. Con l&#8217;aiuto di questo pennello, \u00e8 molto comodo realizzare frecce di ogni tipo: eleganti, larghe, grafiche. Il pennello ha una forma arrotondata e manovrabile ed \u00e8 realizzato con setole sintetiche elastiche e morbide &#8211; nylon. Il pennello non tira n\u00e9 allunga la pelle. Dopo un lungo periodo di utilizzo, non si gonfia e mantiene la sua forma.<\/p>\n","protected":false},"featured_media":46376,"comment_status":"closed","ping_status":"open","template":"","meta":[],"product_brand":[],"product_cat":[2628,1856,2643],"product_tag":[3297,3296],"class_list":{"0":"post-46375","1":"product","2":"type-product","3":"status-publish","4":"has-post-thumbnail","6":"product_cat-kodi-professional","7":"product_cat-make-up","8":"product_cat-occhi-kodi-professional","9":"product_tag-pennello-eyeliner","10":"product_tag-pennello-make-up","12":"first","13":"instock","14":"shipping-taxable","15":"purchasable","16":"product-type-simple"},"_links":{"self":[{"href":"https:\/\/serverdedicato.lovenailsrivenditore.com\/index.php?rest_route=\/wp\/v2\/product\/46375","targetHints":{"allow":["GET"]}}],"collection":[{"href":"https:\/\/serverdedicato.lovenailsrivenditore.com\/index.php?rest_route=\/wp\/v2\/product"}],"about":[{"href":"https:\/\/serverdedicato.lovenailsrivenditore.com\/index.php?rest_route=\/wp\/v2\/types\/product"}],"replies":[{"embeddable":true,"href":"https:\/\/serverdedicato.lovenailsrivenditore.com\/index.php?rest_route=%2Fwp%2Fv2%2Fcomments&post=46375"}],"wp:featuredmedia":[{"embeddable":true,"href":"https:\/\/serverdedicato.lovenailsrivenditore.com\/index.php?rest_route=\/wp\/v2\/media\/46376"}],"wp:attachment":[{"href":"https:\/\/serverdedicato.lovenailsrivenditore.com\/index.php?rest_route=%2Fwp%2Fv2%2Fmedia&parent=46375"}],"wp:term":[{"taxonomy":"product_brand","embeddable":true,"href":"https:\/\/serverdedicato.lovenailsrivenditore.com\/index.php?rest_route=%2Fwp%2Fv2%2Fproduct_brand&post=46375"},{"taxonomy":"product_cat","embeddable":true,"href":"https:\/\/serverdedicato.lovenailsrivenditore.com\/index.php?rest_route=%2Fwp%2Fv2%2Fproduct_cat&post=46375"},{"taxonomy":"product_tag","embeddable":true,"href":"https:\/\/serverdedicato.lovenailsrivenditore.com\/index.php?rest_route=%2Fwp%2Fv2%2Fproduct_tag&post=46375"}],"curies":[{"name":"wp","href":"https:\/\/api.w.org\/{rel}","templated":true}]}}