{"id":46508,"date":"2026-03-12T14:04:28","date_gmt":"2026-03-12T13:04:28","guid":{"rendered":"https:\/\/serverdedicato.lovenailsrivenditore.com\/?product=molly-lac-shimmy-violet-n-543-5ml"},"modified":"2026-04-20T17:42:50","modified_gmt":"2026-04-20T15:42:50","slug":"molly-lac-shimmy-violet-n-543-5ml","status":"publish","type":"product","link":"https:\/\/serverdedicato.lovenailsrivenditore.com\/?product=molly-lac-shimmy-violet-n-543-5ml","title":{"rendered":"MOLLY LAC &#8211; SHIMMY VIOLET n.543 &#8211; 5ml"},"content":{"rendered":"<p><strong>543<\/strong>. Questo colore illuminer\u00e0 qualsiasi look! Una tonalit\u00e0 viola di erica molto lucida con particelle argentate \u00e8 il complemento perfetto per un look primaverile.<\/p>\n","protected":false},"excerpt":{"rendered":"<p><strong>543<\/strong>. Questo colore illuminer\u00e0 qualsiasi look! Una tonalit\u00e0 viola di erica molto lucida con particelle argentate \u00e8 il complemento perfetto per un look primaverile.<\/p>\n","protected":false},"featured_media":46509,"comment_status":"closed","ping_status":"open","template":"","meta":[],"product_brand":[],"product_cat":[24,82,81,83,1509],"product_tag":[350,3217,172],"class_list":{"0":"post-46508","1":"product","2":"type-product","3":"status-publish","4":"has-post-thumbnail","6":"product_cat-colori","7":"product_cat-colori-semipermanente","8":"product_cat-molly-lac","9":"product_cat-semipermanenti","10":"product_cat-top-brand-professionali-unghie","11":"product_tag-glitter","12":"product_tag-glitter-nails","13":"product_tag-lilla","15":"first","16":"outofstock","17":"sale","18":"shipping-taxable","19":"purchasable","20":"product-type-simple"},"_links":{"self":[{"href":"https:\/\/serverdedicato.lovenailsrivenditore.com\/index.php?rest_route=\/wp\/v2\/product\/46508","targetHints":{"allow":["GET"]}}],"collection":[{"href":"https:\/\/serverdedicato.lovenailsrivenditore.com\/index.php?rest_route=\/wp\/v2\/product"}],"about":[{"href":"https:\/\/serverdedicato.lovenailsrivenditore.com\/index.php?rest_route=\/wp\/v2\/types\/product"}],"replies":[{"embeddable":true,"href":"https:\/\/serverdedicato.lovenailsrivenditore.com\/index.php?rest_route=%2Fwp%2Fv2%2Fcomments&post=46508"}],"wp:featuredmedia":[{"embeddable":true,"href":"https:\/\/serverdedicato.lovenailsrivenditore.com\/index.php?rest_route=\/wp\/v2\/media\/46509"}],"wp:attachment":[{"href":"https:\/\/serverdedicato.lovenailsrivenditore.com\/index.php?rest_route=%2Fwp%2Fv2%2Fmedia&parent=46508"}],"wp:term":[{"taxonomy":"product_brand","embeddable":true,"href":"https:\/\/serverdedicato.lovenailsrivenditore.com\/index.php?rest_route=%2Fwp%2Fv2%2Fproduct_brand&post=46508"},{"taxonomy":"product_cat","embeddable":true,"href":"https:\/\/serverdedicato.lovenailsrivenditore.com\/index.php?rest_route=%2Fwp%2Fv2%2Fproduct_cat&post=46508"},{"taxonomy":"product_tag","embeddable":true,"href":"https:\/\/serverdedicato.lovenailsrivenditore.com\/index.php?rest_route=%2Fwp%2Fv2%2Fproduct_tag&post=46508"}],"curies":[{"name":"wp","href":"https:\/\/api.w.org\/{rel}","templated":true}]}}