{"id":46625,"date":"2026-03-14T11:37:26","date_gmt":"2026-03-14T10:37:26","guid":{"rendered":"https:\/\/serverdedicato.lovenailsrivenditore.com\/?product=paese-puff-cloud-cipria-under-eye-powder"},"modified":"2026-04-20T17:44:46","modified_gmt":"2026-04-20T15:44:46","slug":"paese-puff-cloud-cipria-under-eye-powder","status":"publish","type":"product","link":"https:\/\/serverdedicato.lovenailsrivenditore.com\/?product=paese-puff-cloud-cipria-under-eye-powder","title":{"rendered":"PAESE &#8211; PUFF CLOUD &#8211; CIPRIA  UNDER EYE POWDER &#8211;"},"content":{"rendered":"<p><span>La pelle intorno agli occhi \u00e8 la parte pi\u00f9 sensibile del viso e richiede un trattamento speciale. Le persone che lottano con le occhiaie usano una variet\u00e0 di prodotti per coprirle. Per prolungare la durata di tali prodotti, dovrebbero provare la nostra Puff Cloud Eye Powder, che preserva il cosmetico precedentemente applicato lisciando e illuminando l&#8217;area allo stesso tempo. La polvere finemente macinata di consistenza setosa contiene particelle delicatamente illuminate per un effetto unico e levigante. La Puff Cloud Powder \u00e8 adatta per pelli sensibili.<\/p>\n<p><strong>Principio attivo \u2013 olio di opuntia FIG:<\/strong><\/span><\/p>\n<ul>\n<li>\u00e8 un cipria di correzione a lunga durata<\/li>\n<li>riflette la luce per creare un effetto naturale di sfocatura sui contorni di SOFT FOCUS<\/li>\n<li>liscia la pelle intorno agli occhi<\/li>\n<\/ul>\n","protected":false},"excerpt":{"rendered":"<p>La pelle intorno agli occhi \u00e8 la parte pi\u00f9 sensibile del viso e richiede un trattamento speciale. Le persone che lottano con le occhiaie usano una variet\u00e0 di prodotti per coprirle. Per prolungare la durata di tali prodotti, dovrebbero provare la nostra Puff Cloud Eye Powder, che preserva il cosmetico precedentemente applicato lisciando e illuminando l&#8217;area allo stesso tempo. La polvere finemente macinata di consistenza setosa contiene particelle delicatamente illuminate per un effetto unico e levigante. La Puff Cloud Powder \u00e8 adatta per pelli sensibili.<\/p>\n<p><strong>Principio attivo \u2013 olio di opuntia FIG:<\/strong><\/p>\n<ul>\n<li>\u00e8 un cipria di correzione a lunga durata<\/li>\n<li>riflette la luce per creare un effetto naturale di sfocatura sui contorni di SOFT FOCUS<\/li>\n<li>liscia la pelle intorno agli occhi<\/li>\n<\/ul>\n","protected":false},"featured_media":46626,"comment_status":"closed","ping_status":"open","template":"","meta":[],"product_brand":[],"product_cat":[1856,2695,2697],"product_tag":[2359,3314,3285],"class_list":{"0":"post-46625","1":"product","2":"type-product","3":"status-publish","4":"has-post-thumbnail","6":"product_cat-make-up","7":"product_cat-paese","8":"product_cat-viso-paese","9":"product_tag-cipria","10":"product_tag-cipria-occhi","11":"product_tag-puff-cloud","13":"first","14":"instock","15":"shipping-taxable","16":"purchasable","17":"product-type-simple"},"_links":{"self":[{"href":"https:\/\/serverdedicato.lovenailsrivenditore.com\/index.php?rest_route=\/wp\/v2\/product\/46625","targetHints":{"allow":["GET"]}}],"collection":[{"href":"https:\/\/serverdedicato.lovenailsrivenditore.com\/index.php?rest_route=\/wp\/v2\/product"}],"about":[{"href":"https:\/\/serverdedicato.lovenailsrivenditore.com\/index.php?rest_route=\/wp\/v2\/types\/product"}],"replies":[{"embeddable":true,"href":"https:\/\/serverdedicato.lovenailsrivenditore.com\/index.php?rest_route=%2Fwp%2Fv2%2Fcomments&post=46625"}],"wp:featuredmedia":[{"embeddable":true,"href":"https:\/\/serverdedicato.lovenailsrivenditore.com\/index.php?rest_route=\/wp\/v2\/media\/46626"}],"wp:attachment":[{"href":"https:\/\/serverdedicato.lovenailsrivenditore.com\/index.php?rest_route=%2Fwp%2Fv2%2Fmedia&parent=46625"}],"wp:term":[{"taxonomy":"product_brand","embeddable":true,"href":"https:\/\/serverdedicato.lovenailsrivenditore.com\/index.php?rest_route=%2Fwp%2Fv2%2Fproduct_brand&post=46625"},{"taxonomy":"product_cat","embeddable":true,"href":"https:\/\/serverdedicato.lovenailsrivenditore.com\/index.php?rest_route=%2Fwp%2Fv2%2Fproduct_cat&post=46625"},{"taxonomy":"product_tag","embeddable":true,"href":"https:\/\/serverdedicato.lovenailsrivenditore.com\/index.php?rest_route=%2Fwp%2Fv2%2Fproduct_tag&post=46625"}],"curies":[{"name":"wp","href":"https:\/\/api.w.org\/{rel}","templated":true}]}}