{"id":46693,"date":"2026-03-14T17:36:06","date_gmt":"2026-03-14T16:36:06","guid":{"rendered":"https:\/\/serverdedicato.lovenailsrivenditore.com\/?product=clavier-pant-gel-black-5gr"},"modified":"2026-04-20T17:45:57","modified_gmt":"2026-04-20T15:45:57","slug":"clavier-pant-gel-black-5gr","status":"publish","type":"product","link":"https:\/\/serverdedicato.lovenailsrivenditore.com\/?product=clavier-pant-gel-black-5gr","title":{"rendered":"CLAVIER &#8211; PAINT GEL &#8211;  BLACK &#8211; 5gr"},"content":{"rendered":"<p>Paint UV\/LED Gel 5 ml \u2013 Volete creare nail art precise e di lunga durata? Optate per un gel denso che vi aiuter\u00e0 a farlo! Paint Gel CLAVIER \u00e8 ben pigmentato e la sua consistenza fa s\u00ec che il prodotto non si disfi, rendendo facile la creazione di disegni creativi sulla lamina ungueale.<\/p>\n<p>Paint Gel CLAVIER vi aiuter\u00e0 a dipingere linee sottili e precise, punti e altre forme, anche le pi\u00f9 insolite. Date libero sfogo alla vostra immaginazione e utilizzate il gel decorativo per creare una manicure secondo il vostro stile.<\/p>\n","protected":false},"excerpt":{"rendered":"<p>Paint UV\/LED Gel 5 ml \u2013 Volete creare nail art precise e di lunga durata? Optate per un gel denso che vi aiuter\u00e0 a farlo! Paint Gel CLAVIER \u00e8 ben pigmentato e la sua consistenza fa s\u00ec che il prodotto non si disfi, rendendo facile la creazione di disegni creativi sulla lamina ungueale.<\/p>\n<p>Paint Gel CLAVIER vi aiuter\u00e0 a dipingere linee sottili e precise, punti e altre forme, anche le pi\u00f9 insolite. Date libero sfogo alla vostra immaginazione e utilizzate il gel decorativo per creare una manicure secondo il vostro stile.<\/p>\n","protected":false},"featured_media":46694,"comment_status":"closed","ping_status":"open","template":"","meta":[],"product_brand":[],"product_cat":[3250,24,25,3261],"product_tag":[511,726,197,2830],"class_list":{"0":"post-46693","1":"product","2":"type-product","3":"status-publish","4":"has-post-thumbnail","6":"product_cat-clavier","7":"product_cat-colori","8":"product_cat-gel-color","9":"product_cat-gel-decorativi-clavier","10":"product_tag-black","11":"product_tag-gel-paint","12":"product_tag-nero","13":"product_tag-paint-nero","15":"first","16":"outofstock","17":"shipping-taxable","18":"purchasable","19":"product-type-simple"},"_links":{"self":[{"href":"https:\/\/serverdedicato.lovenailsrivenditore.com\/index.php?rest_route=\/wp\/v2\/product\/46693","targetHints":{"allow":["GET"]}}],"collection":[{"href":"https:\/\/serverdedicato.lovenailsrivenditore.com\/index.php?rest_route=\/wp\/v2\/product"}],"about":[{"href":"https:\/\/serverdedicato.lovenailsrivenditore.com\/index.php?rest_route=\/wp\/v2\/types\/product"}],"replies":[{"embeddable":true,"href":"https:\/\/serverdedicato.lovenailsrivenditore.com\/index.php?rest_route=%2Fwp%2Fv2%2Fcomments&post=46693"}],"wp:featuredmedia":[{"embeddable":true,"href":"https:\/\/serverdedicato.lovenailsrivenditore.com\/index.php?rest_route=\/wp\/v2\/media\/46694"}],"wp:attachment":[{"href":"https:\/\/serverdedicato.lovenailsrivenditore.com\/index.php?rest_route=%2Fwp%2Fv2%2Fmedia&parent=46693"}],"wp:term":[{"taxonomy":"product_brand","embeddable":true,"href":"https:\/\/serverdedicato.lovenailsrivenditore.com\/index.php?rest_route=%2Fwp%2Fv2%2Fproduct_brand&post=46693"},{"taxonomy":"product_cat","embeddable":true,"href":"https:\/\/serverdedicato.lovenailsrivenditore.com\/index.php?rest_route=%2Fwp%2Fv2%2Fproduct_cat&post=46693"},{"taxonomy":"product_tag","embeddable":true,"href":"https:\/\/serverdedicato.lovenailsrivenditore.com\/index.php?rest_route=%2Fwp%2Fv2%2Fproduct_tag&post=46693"}],"curies":[{"name":"wp","href":"https:\/\/api.w.org\/{rel}","templated":true}]}}