{"id":46768,"date":"2026-03-16T10:35:37","date_gmt":"2026-03-16T09:35:37","guid":{"rendered":"https:\/\/serverdedicato.lovenailsrivenditore.com\/?product=kodi-crema-viso-face-care-8ml"},"modified":"2026-04-20T17:47:37","modified_gmt":"2026-04-20T15:47:37","slug":"kodi-crema-viso-face-care-8ml","status":"publish","type":"product","link":"https:\/\/serverdedicato.lovenailsrivenditore.com\/?product=kodi-crema-viso-face-care-8ml","title":{"rendered":"KODI &#8211; CREMA VISO &#8211; FACE CARE &#8211;  8ml"},"content":{"rendered":"<p>I prodotti per la cura del viso in mini tubi si adattano anche nella pi\u00f9 piccola borsa cosmetica e ti aiuteranno sempre a rimanere bella e ben curata.<\/p>\n<p>La crema a soluzione ricca di derma \u00e8 consigliata per la pelle con segni di stanchezza e secchezza. Il prodotto offre alla pelle un&#8217;efficace rigenerazione, nutrendola e idratandola intensamente. Con un uso regolare, la secchezza viene eliminata, elasticit\u00e0, rigidit\u00e0 e una carnagione sana vengono ripristinate. Pu\u00f2 essere usato a qualsiasi et\u00e0.<\/p>\n<p>L&#8217;elevata efficacia della crema \u00e8 dovuta alla sua composizione dei componenti. L&#8217;arginina elimina i micro danni, partecipa attivamente alla rigenerazione dei tessuti, aiuta a levigare la pelle e combatte la pigmentazione. Gli estratti di foglie d&#8217;ulivo e di ciliegia amara stimolano i processi metabolici, idratano e nutrono, eliminano la sensazione di disagio e rendono la pelle morbida e vellutata.<\/p>\n<div class=\"wrap-hidden-text-link\">\n<div data-text=\"\u0427\u0438\u0442\u0430\u0442\u044c \u043f\u043e\u043b\u043d\u043e\u0441\u0442\u044c\u044e\"><\/div>\n<\/div>\n","protected":false},"excerpt":{"rendered":"<p>I prodotti per la cura del viso in mini tubi si adattano anche nella pi\u00f9 piccola borsa cosmetica e ti aiuteranno sempre a rimanere bella e ben curata.<\/p>\n<p>La crema a soluzione ricca di derma \u00e8 consigliata per la pelle con segni di stanchezza e secchezza. Il prodotto offre alla pelle un&#8217;efficace rigenerazione, nutrendola e idratandola intensamente. Con un uso regolare, la secchezza viene eliminata, elasticit\u00e0, rigidit\u00e0 e una carnagione sana vengono ripristinate. Pu\u00f2 essere usato a qualsiasi et\u00e0.<\/p>\n<p>L&#8217;elevata efficacia della crema \u00e8 dovuta alla sua composizione dei componenti. L&#8217;arginina elimina i micro danni, partecipa attivamente alla rigenerazione dei tessuti, aiuta a levigare la pelle e combatte la pigmentazione. Gli estratti di foglie d&#8217;ulivo e di ciliegia amara stimolano i processi metabolici, idratano e nutrono, eliminano la sensazione di disagio e rendono la pelle morbida e vellutata.<\/p>\n","protected":false},"featured_media":46769,"comment_status":"closed","ping_status":"open","template":"","meta":[],"product_brand":[],"product_cat":[2627,2628,1856,1034,1509],"product_tag":[1612,3293,3319],"class_list":{"0":"post-46768","1":"product","2":"type-product","3":"status-publish","4":"has-post-thumbnail","6":"product_cat-kodi","7":"product_cat-kodi-professional","8":"product_cat-make-up","9":"product_cat-offerte-settimanali","10":"product_cat-top-brand-professionali-unghie","11":"product_tag-crema","12":"product_tag-crema-viso","13":"product_tag-face-care","15":"first","16":"instock","17":"sale","18":"shipping-taxable","19":"purchasable","20":"product-type-simple"},"_links":{"self":[{"href":"https:\/\/serverdedicato.lovenailsrivenditore.com\/index.php?rest_route=\/wp\/v2\/product\/46768","targetHints":{"allow":["GET"]}}],"collection":[{"href":"https:\/\/serverdedicato.lovenailsrivenditore.com\/index.php?rest_route=\/wp\/v2\/product"}],"about":[{"href":"https:\/\/serverdedicato.lovenailsrivenditore.com\/index.php?rest_route=\/wp\/v2\/types\/product"}],"replies":[{"embeddable":true,"href":"https:\/\/serverdedicato.lovenailsrivenditore.com\/index.php?rest_route=%2Fwp%2Fv2%2Fcomments&post=46768"}],"wp:featuredmedia":[{"embeddable":true,"href":"https:\/\/serverdedicato.lovenailsrivenditore.com\/index.php?rest_route=\/wp\/v2\/media\/46769"}],"wp:attachment":[{"href":"https:\/\/serverdedicato.lovenailsrivenditore.com\/index.php?rest_route=%2Fwp%2Fv2%2Fmedia&parent=46768"}],"wp:term":[{"taxonomy":"product_brand","embeddable":true,"href":"https:\/\/serverdedicato.lovenailsrivenditore.com\/index.php?rest_route=%2Fwp%2Fv2%2Fproduct_brand&post=46768"},{"taxonomy":"product_cat","embeddable":true,"href":"https:\/\/serverdedicato.lovenailsrivenditore.com\/index.php?rest_route=%2Fwp%2Fv2%2Fproduct_cat&post=46768"},{"taxonomy":"product_tag","embeddable":true,"href":"https:\/\/serverdedicato.lovenailsrivenditore.com\/index.php?rest_route=%2Fwp%2Fv2%2Fproduct_tag&post=46768"}],"curies":[{"name":"wp","href":"https:\/\/api.w.org\/{rel}","templated":true}]}}