{"id":46897,"date":"2026-03-16T15:39:25","date_gmt":"2026-03-16T14:39:25","guid":{"rendered":"https:\/\/serverdedicato.lovenailsrivenditore.com\/?product=claresa-glossy-lips"},"modified":"2026-04-20T17:49:45","modified_gmt":"2026-04-20T15:49:45","slug":"claresa-glossy-lips","status":"publish","type":"product","link":"https:\/\/serverdedicato.lovenailsrivenditore.com\/?product=claresa-glossy-lips","title":{"rendered":"CLARESA &#8211; GLOSSY LIPS"},"content":{"rendered":"<p>Dopo un lungo periodo di regno di matte, la lucentezza sulle labbra \u00e8 tornata! Un top coat vegano e lucido \u00e8 la garanzia dell&#8217;effetto di labbra lucide, lisce e otticamente ingrandite. \u00c8 perfetto sia da solo, offrendo l&#8217;effetto di labbra &#8220;bagnate&#8221;, sia in compagnia di una matita o rossetto opaco.<\/p>\n<p>Incolore, quindi non cambia il colore del rossetto, ma ne esalta solo il colore. Elimina efficacemente la sensazione di fastidio e secchezza, che a volte accompagna l&#8217;uso di prodotti opachi sulle labbra per molte ore.<\/p>\n<p><strong>\u00a0<\/strong><\/p>\n<p><strong>CURIOSIT\u00c0\u00a0<\/strong><\/p>\n<p>La dimeticone \u00e8 un emolliente che crea una pellicola sulla superficie della delicata epidermide delle labbra che protegge dall&#8217;acqua che fuoriesce e quindi si secchi.<\/p>\n<p><strong>\u00a0<\/strong><\/p>\n<p><strong>APPLICAZIONE<\/strong><\/p>\n<p>Applica direttamente il top coat sulle labbra per ottenere un effetto di superficie lucida. Il cosmetico applicato sulle labbra contornate e riempite con una matita o con rossetto opaco offrir\u00e0 un effetto duraturo di labbra lucide e rivestite di colore senza la sensazione di tensione o screpolamento<\/p>\n<p><strong>\u00a0<\/strong><\/p>\n<p><strong>TRUCCO DEI TRUCCATORI<\/strong><\/p>\n<p>Ti piace la longevit\u00e0 dell&#8217;effetto delle labbra dipinte con rossetto opaco, ma ti piacerebbe aggiungere un po&#8217; di lucentezza e volume alla moda? Applica il top coat solo al centro del labbro superiore e inferiore e le labbra appariranno immediatamente pi\u00f9 piene e appetitose<\/p>\n","protected":false},"excerpt":{"rendered":"<p>Dopo un lungo periodo di regno di matte, la lucentezza sulle labbra \u00e8 tornata! Un top coat vegano e lucido \u00e8 la garanzia dell&#8217;effetto di labbra lucide, lisce e otticamente ingrandite. \u00c8 perfetto sia da solo, offrendo l&#8217;effetto di labbra &#8220;bagnate&#8221;, sia in compagnia di una matita o rossetto opaco.<\/p>\n<p>Incolore, quindi non cambia il colore del rossetto, ma ne esalta solo il colore. Elimina efficacemente la sensazione di fastidio e secchezza, che a volte accompagna l&#8217;uso di prodotti opachi sulle labbra per molte ore.<\/p>\n","protected":false},"featured_media":46898,"comment_status":"closed","ping_status":"open","template":"","meta":[],"product_brand":[],"product_cat":[2319,2328,1856],"product_tag":[3325,1181,1890],"class_list":{"0":"post-46897","1":"product","2":"type-product","3":"status-publish","4":"has-post-thumbnail","6":"product_cat-claresa-make-up","7":"product_cat-labbra-claresa-make-up","8":"product_cat-make-up","9":"product_tag-glossy-lips","10":"product_tag-lip-gloss","11":"product_tag-lucidalabbra","13":"first","14":"instock","15":"shipping-taxable","16":"purchasable","17":"product-type-simple"},"_links":{"self":[{"href":"https:\/\/serverdedicato.lovenailsrivenditore.com\/index.php?rest_route=\/wp\/v2\/product\/46897","targetHints":{"allow":["GET"]}}],"collection":[{"href":"https:\/\/serverdedicato.lovenailsrivenditore.com\/index.php?rest_route=\/wp\/v2\/product"}],"about":[{"href":"https:\/\/serverdedicato.lovenailsrivenditore.com\/index.php?rest_route=\/wp\/v2\/types\/product"}],"replies":[{"embeddable":true,"href":"https:\/\/serverdedicato.lovenailsrivenditore.com\/index.php?rest_route=%2Fwp%2Fv2%2Fcomments&post=46897"}],"wp:featuredmedia":[{"embeddable":true,"href":"https:\/\/serverdedicato.lovenailsrivenditore.com\/index.php?rest_route=\/wp\/v2\/media\/46898"}],"wp:attachment":[{"href":"https:\/\/serverdedicato.lovenailsrivenditore.com\/index.php?rest_route=%2Fwp%2Fv2%2Fmedia&parent=46897"}],"wp:term":[{"taxonomy":"product_brand","embeddable":true,"href":"https:\/\/serverdedicato.lovenailsrivenditore.com\/index.php?rest_route=%2Fwp%2Fv2%2Fproduct_brand&post=46897"},{"taxonomy":"product_cat","embeddable":true,"href":"https:\/\/serverdedicato.lovenailsrivenditore.com\/index.php?rest_route=%2Fwp%2Fv2%2Fproduct_cat&post=46897"},{"taxonomy":"product_tag","embeddable":true,"href":"https:\/\/serverdedicato.lovenailsrivenditore.com\/index.php?rest_route=%2Fwp%2Fv2%2Fproduct_tag&post=46897"}],"curies":[{"name":"wp","href":"https:\/\/api.w.org\/{rel}","templated":true}]}}