{"id":46944,"date":"2026-03-17T09:29:12","date_gmt":"2026-03-17T08:29:12","guid":{"rendered":"https:\/\/serverdedicato.lovenailsrivenditore.com\/?product=clavier-3in1-paint-babyboomer-p02-barbielle-3gr"},"modified":"2026-04-20T17:50:49","modified_gmt":"2026-04-20T15:50:49","slug":"clavier-3in1-paint-babyboomer-p02-barbielle-3gr","status":"publish","type":"product","link":"https:\/\/serverdedicato.lovenailsrivenditore.com\/?product=clavier-3in1-paint-babyboomer-p02-barbielle-3gr","title":{"rendered":"CLAVIER &#8211; 3in1 PAINT BABYBOOMER &#8211; P02 BARBIELLE &#8211; 3gr"},"content":{"rendered":"<p>Cercate il gel perfetto per creare unghie di tendenza, durature e precise? Scegliete il gel professionale 3 in 1 Nailsology Baby Boomer Clavier: un prodotto versatile che vi permette di creare uno styling delle unghie di altissimo livello senza compromessi.<\/p>\n<p>Il gel 3 in 1 Nailsology Baby Boomer Clavier non \u00e8 un gel qualunque. \u00c8 una rivoluzione per lo styling delle unghie che cambia tutto ci\u00f2 che avete sempre saputo sull\u2019ombreggiatura! Questo prodotto innovativo colpisce per la sua texture cremosa e liscia come la seta, per l\u2019eccellente pigmentazione e per l\u2019esclusivo sistema a rete nel barattolo, che favorisce il controllo del prodotto e la facilit\u00e0 di erogazione.<\/p>\n<p>In combinazione con il nostro indispensabile strumento Blendie Bestie, ci vorranno letteralmente pochi istanti per creare l\u2019ombreggiatura liquida perfetta. Niente striature, niente stress: solo transizioni di colore perfette e risparmio di tempo per lo stilista di tutti i giorni.<\/p>\n<p>&nbsp;<\/p>\n<p>Baby Boomer, \u00e8 una soluzione innovativa per i nail stylist che desiderano la massima funzionalit\u00e0 e comfort nel loro lavoro. Il gel Nailsology Clavier 3 in 1 \u00e8 stato progettato per le tre tecniche di nail art pi\u00f9 popolari: ombre (baby boomer), nail art e stamping. Un solo prodotto \u2013 innumerevoli possibilit\u00e0 di styling.<\/p>\n","protected":false},"excerpt":{"rendered":"<p>Cercate il gel perfetto per creare unghie di tendenza, durature e precise? Scegliete il gel professionale 3 in 1 Nailsology Baby Boomer Clavier: un prodotto versatile che vi permette di creare uno styling delle unghie di altissimo livello senza compromessi.<\/p>\n<p>Il gel 3 in 1 Nailsology Baby Boomer Clavier non \u00e8 un gel qualunque. \u00c8 una rivoluzione per lo styling delle unghie che cambia tutto ci\u00f2 che avete sempre saputo sull\u2019ombreggiatura! Questo prodotto innovativo colpisce per la sua texture cremosa e liscia come la seta, per l\u2019eccellente pigmentazione e per l\u2019esclusivo sistema a rete nel barattolo, che favorisce il controllo del prodotto e la facilit\u00e0 di erogazione.<\/p>\n<p>In combinazione con il nostro indispensabile strumento Blendie Bestie, ci vorranno letteralmente pochi istanti per creare l\u2019ombreggiatura liquida perfetta. Niente striature, niente stress: solo transizioni di colore perfette e risparmio di tempo per lo stilista di tutti i giorni.<\/p>\n<p>&nbsp;<\/p>\n<p>Baby Boomer, \u00e8 una soluzione innovativa per i nail stylist che desiderano la massima funzionalit\u00e0 e comfort nel loro lavoro. Il gel Nailsology Clavier 3 in 1 \u00e8 stato progettato per le tre tecniche di nail art pi\u00f9 popolari: ombre (baby boomer), nail art e stamping. Un solo prodotto \u2013 innumerevoli possibilit\u00e0 di styling.<\/p>\n","protected":false},"featured_media":46945,"comment_status":"closed","ping_status":"open","template":"","meta":[],"product_brand":[],"product_cat":[3318,3250],"product_tag":[509,798],"class_list":{"0":"post-46944","1":"product","2":"type-product","3":"status-publish","4":"has-post-thumbnail","6":"product_cat-baby-boomer","7":"product_cat-clavier","8":"product_tag-baby-boomer","9":"product_tag-babyboomer","11":"first","12":"instock","13":"shipping-taxable","14":"purchasable","15":"product-type-simple"},"_links":{"self":[{"href":"https:\/\/serverdedicato.lovenailsrivenditore.com\/index.php?rest_route=\/wp\/v2\/product\/46944","targetHints":{"allow":["GET"]}}],"collection":[{"href":"https:\/\/serverdedicato.lovenailsrivenditore.com\/index.php?rest_route=\/wp\/v2\/product"}],"about":[{"href":"https:\/\/serverdedicato.lovenailsrivenditore.com\/index.php?rest_route=\/wp\/v2\/types\/product"}],"replies":[{"embeddable":true,"href":"https:\/\/serverdedicato.lovenailsrivenditore.com\/index.php?rest_route=%2Fwp%2Fv2%2Fcomments&post=46944"}],"wp:featuredmedia":[{"embeddable":true,"href":"https:\/\/serverdedicato.lovenailsrivenditore.com\/index.php?rest_route=\/wp\/v2\/media\/46945"}],"wp:attachment":[{"href":"https:\/\/serverdedicato.lovenailsrivenditore.com\/index.php?rest_route=%2Fwp%2Fv2%2Fmedia&parent=46944"}],"wp:term":[{"taxonomy":"product_brand","embeddable":true,"href":"https:\/\/serverdedicato.lovenailsrivenditore.com\/index.php?rest_route=%2Fwp%2Fv2%2Fproduct_brand&post=46944"},{"taxonomy":"product_cat","embeddable":true,"href":"https:\/\/serverdedicato.lovenailsrivenditore.com\/index.php?rest_route=%2Fwp%2Fv2%2Fproduct_cat&post=46944"},{"taxonomy":"product_tag","embeddable":true,"href":"https:\/\/serverdedicato.lovenailsrivenditore.com\/index.php?rest_route=%2Fwp%2Fv2%2Fproduct_tag&post=46944"}],"curies":[{"name":"wp","href":"https:\/\/api.w.org\/{rel}","templated":true}]}}