{"id":47205,"date":"2026-03-18T10:46:14","date_gmt":"2026-03-18T09:46:14","guid":{"rendered":"https:\/\/serverdedicato.lovenailsrivenditore.com\/?product=clavier-nailsology-blendie-bestie-set-spugnette-nail-art"},"modified":"2026-04-20T17:56:34","modified_gmt":"2026-04-20T15:56:34","slug":"clavier-nailsology-blendie-bestie-set-spugnette-nail-art","status":"publish","type":"product","link":"https:\/\/serverdedicato.lovenailsrivenditore.com\/?product=clavier-nailsology-blendie-bestie-set-spugnette-nail-art","title":{"rendered":"CLAVIER &#8211; Nailsology Blendie Bestie set &#8211; Spugnette Nail Art"},"content":{"rendered":"<h2 class=\"wp-block-heading\">Nailsology Ombre Set \u2013 La tua amica di miscela per unghie ombreggiate perfette<\/h2>\n<p>Sognate il perfetto effetto ombre o baby boomer sulle vostre unghie? L\u2019Ombre Set di Nailsology \u00e8 un set professionale per nail art progettato per gli stilisti delle unghie che apprezzano la qualit\u00e0, la precisione e i risultati spettacolari.<\/p>\n<h2 class=\"wp-block-heading\">Set Blendie Bestie \u2013 Elegante, veloce, perfetto!<\/h2>\n<p>Scoprite un comfort di lavoro senza pari e risultati spettacolari con il Nailsology Ombre Set, un duo professionale progettato per gli stilisti che vogliono combinare creativit\u00e0 e precisione affidabile. Pi\u00f9 che semplici strumenti, questo set \u00e8 il vostro alleato quotidiano nella creazione di straordinari stili ombre e baby boomer, adatti sia per la manicure in salone che a casa.<\/p>\n<p><strong>KIT :<\/strong><\/p>\n<p><strong>Precise Ombre Pen<\/strong>\u00a0\u2013 Applicatore eccezionalmente sottile ed ergonomico per garantire un perfetto dosaggio del prodotto. Permette di lavorare \u201cpasso dopo passo\u201d: dal delicato primer all\u2019applicazione graduale del pigmento fino alla finitura. Ottimo per abbellimenti precisi: le linee sono uniformi, le transizioni sono fluide e l\u2019effetto \u00e8 impeccabile.<\/p>\n<p><strong>Ultra-soft Ombre Puffs\u00a0<\/strong>\u2013 Materiale in spugna appositamente formulato per ottenere la massima sfumatura senza antiestetiche striature. Flessibili e di lunga durata, si adattano alla forma del letto ungueale per una facile sfumatura anche nelle zone pi\u00f9 difficili da raggiungere. Ideali per applicare diversi livelli di copertura, da un\u2019ombreggiatura sottile e nuda a contrasti di colore audaci.<\/p>\n","protected":false},"excerpt":{"rendered":"<h2 class=\"wp-block-heading\">Set Blendie Bestie \u2013 Elegante, veloce, perfetto!<\/h2>\n<p>Scoprite un comfort di lavoro senza pari e risultati spettacolari con il Nailsology Ombre Set, un duo professionale progettato per gli stilisti che vogliono combinare creativit\u00e0 e precisione affidabile. Pi\u00f9 che semplici strumenti, questo set \u00e8 il vostro alleato quotidiano nella creazione di straordinari stili ombre e baby boomer, adatti sia per la manicure in salone che a casa.<\/p>\n","protected":false},"featured_media":47206,"comment_status":"closed","ping_status":"open","template":"","meta":[],"product_brand":[],"product_cat":[177,3318,3250,243],"product_tag":[3328,3329],"class_list":{"0":"post-47205","1":"product","2":"type-product","3":"status-publish","4":"has-post-thumbnail","6":"product_cat-accessori","7":"product_cat-baby-boomer","8":"product_cat-clavier","9":"product_cat-pennelli","10":"product_tag-blendie-bestie","11":"product_tag-spugnette","13":"first","14":"outofstock","15":"shipping-taxable","16":"purchasable","17":"product-type-simple"},"_links":{"self":[{"href":"https:\/\/serverdedicato.lovenailsrivenditore.com\/index.php?rest_route=\/wp\/v2\/product\/47205","targetHints":{"allow":["GET"]}}],"collection":[{"href":"https:\/\/serverdedicato.lovenailsrivenditore.com\/index.php?rest_route=\/wp\/v2\/product"}],"about":[{"href":"https:\/\/serverdedicato.lovenailsrivenditore.com\/index.php?rest_route=\/wp\/v2\/types\/product"}],"replies":[{"embeddable":true,"href":"https:\/\/serverdedicato.lovenailsrivenditore.com\/index.php?rest_route=%2Fwp%2Fv2%2Fcomments&post=47205"}],"wp:featuredmedia":[{"embeddable":true,"href":"https:\/\/serverdedicato.lovenailsrivenditore.com\/index.php?rest_route=\/wp\/v2\/media\/47206"}],"wp:attachment":[{"href":"https:\/\/serverdedicato.lovenailsrivenditore.com\/index.php?rest_route=%2Fwp%2Fv2%2Fmedia&parent=47205"}],"wp:term":[{"taxonomy":"product_brand","embeddable":true,"href":"https:\/\/serverdedicato.lovenailsrivenditore.com\/index.php?rest_route=%2Fwp%2Fv2%2Fproduct_brand&post=47205"},{"taxonomy":"product_cat","embeddable":true,"href":"https:\/\/serverdedicato.lovenailsrivenditore.com\/index.php?rest_route=%2Fwp%2Fv2%2Fproduct_cat&post=47205"},{"taxonomy":"product_tag","embeddable":true,"href":"https:\/\/serverdedicato.lovenailsrivenditore.com\/index.php?rest_route=%2Fwp%2Fv2%2Fproduct_tag&post=47205"}],"curies":[{"name":"wp","href":"https:\/\/api.w.org\/{rel}","templated":true}]}}