{"id":47222,"date":"2026-03-18T11:37:52","date_gmt":"2026-03-18T10:37:52","guid":{"rendered":"https:\/\/serverdedicato.lovenailsrivenditore.com\/?product=clavier-acrygel-jelliq-pink-30gr"},"modified":"2026-04-20T17:56:50","modified_gmt":"2026-04-20T15:56:50","slug":"clavier-acrygel-jelliq-pink-30gr","status":"publish","type":"product","link":"https:\/\/serverdedicato.lovenailsrivenditore.com\/?product=clavier-acrygel-jelliq-pink-30gr","title":{"rendered":"CLAVIER &#8211; ACRYGEL &#8211; JELLIQ &#8211; PINK &#8211; 30gr"},"content":{"rendered":"<p>Il gel acrilico per unghie JELLIQ \u00e8 un prodotto per l\u2019allungamento delle unghie molto apprezzato nel settore della ricostruzione unghie. \u00c8 progettato per allungare e rinforzare le unghie, garantendo una manicure di lunga durata.<\/p>\n<p>Le unghie realizzate con gel acrilico sono molto pi\u00f9 resistenti di quelle naturali e hanno meno probabilit\u00e0 di rompersi o scheggiarsi. Possono durare per molte settimane senza bisogno di ritocchi.<\/p>\n<p>Il gel acrilico permette di rinforzare la lamina naturale, creare scheletri e costruire curve corrette. \u00c8 ottimo anche per correggere le unghie che crescono verso il basso.<\/p>\n<p>Caratteristiche del gel acrilico JELLIQ Clavier:<\/p>\n<p>Flessibilit\u00e0: grazie alla sua elasticit\u00e0, \u00e8 meno soggetto a rotture, rendendo le unghie pi\u00f9 resistenti ai danni meccanici.<br \/>\nFacilit\u00e0 di applicazione: La sua facilit\u00e0 di applicazione lo rende pi\u00f9 adatto alle onicotecniche principianti. Pu\u00f2 anche essere utilizzato vantaggiosamente per creare forme di unghie ed effetti vari.<br \/>\nDurata: le unghie realizzate con il Gel Acrilico sono resistenti e possono durare a lungo, proprio come quelle realizzate con i metodi tradizionali. Tuttavia, per mantenere l\u2019estetica \u00e8 necessario effettuare ritocchi regolari sulle unghie in crescita.<br \/>\nRimozione senza problemi: il gel acrilico pu\u00f2 essere rimosso con la fresa o utilizzando speciali prodotti ibridi per la rimozione del gel.<br \/>\nOpzioni di colore: Il prodotto \u00e8 disponibile in diversi colori, tra cui trasparente (Clear), bianco (White) e rosa (Pink). In questo modo \u00e8 possibile dare alle unghie un colore delicato o scegliere una tonalit\u00e0 adatta come base per un ulteriore styling.<\/p>\n","protected":false},"excerpt":{"rendered":"<p>Il gel acrilico per unghie JELLIQ \u00e8 un prodotto per l\u2019allungamento delle unghie molto apprezzato nel settore della ricostruzione unghie. \u00c8 progettato per allungare e rinforzare le unghie, garantendo una manicure di lunga durata.<\/p>\n<p>Le unghie realizzate con gel acrilico sono molto pi\u00f9 resistenti di quelle naturali e hanno meno probabilit\u00e0 di rompersi o scheggiarsi. Possono durare per molte settimane senza bisogno di ritocchi.<\/p>\n<p>Il gel acrilico permette di rinforzare la lamina naturale, creare scheletri e costruire curve corrette. \u00c8 ottimo anche per correggere le unghie che crescono verso il basso.<\/p>\n","protected":false},"featured_media":47223,"comment_status":"closed","ping_status":"open","template":"","meta":[],"product_brand":[],"product_cat":[296,3250,3330],"product_tag":[298,3331,1155],"class_list":{"0":"post-47222","1":"product","2":"type-product","3":"status-publish","4":"has-post-thumbnail","6":"product_cat-acrygel","7":"product_cat-clavier","8":"product_cat-costruttori-clavier","9":"product_tag-acrygel","10":"product_tag-acrylic-gel","11":"product_tag-polygel","13":"first","14":"instock","15":"shipping-taxable","16":"purchasable","17":"product-type-simple"},"_links":{"self":[{"href":"https:\/\/serverdedicato.lovenailsrivenditore.com\/index.php?rest_route=\/wp\/v2\/product\/47222","targetHints":{"allow":["GET"]}}],"collection":[{"href":"https:\/\/serverdedicato.lovenailsrivenditore.com\/index.php?rest_route=\/wp\/v2\/product"}],"about":[{"href":"https:\/\/serverdedicato.lovenailsrivenditore.com\/index.php?rest_route=\/wp\/v2\/types\/product"}],"replies":[{"embeddable":true,"href":"https:\/\/serverdedicato.lovenailsrivenditore.com\/index.php?rest_route=%2Fwp%2Fv2%2Fcomments&post=47222"}],"wp:featuredmedia":[{"embeddable":true,"href":"https:\/\/serverdedicato.lovenailsrivenditore.com\/index.php?rest_route=\/wp\/v2\/media\/47223"}],"wp:attachment":[{"href":"https:\/\/serverdedicato.lovenailsrivenditore.com\/index.php?rest_route=%2Fwp%2Fv2%2Fmedia&parent=47222"}],"wp:term":[{"taxonomy":"product_brand","embeddable":true,"href":"https:\/\/serverdedicato.lovenailsrivenditore.com\/index.php?rest_route=%2Fwp%2Fv2%2Fproduct_brand&post=47222"},{"taxonomy":"product_cat","embeddable":true,"href":"https:\/\/serverdedicato.lovenailsrivenditore.com\/index.php?rest_route=%2Fwp%2Fv2%2Fproduct_cat&post=47222"},{"taxonomy":"product_tag","embeddable":true,"href":"https:\/\/serverdedicato.lovenailsrivenditore.com\/index.php?rest_route=%2Fwp%2Fv2%2Fproduct_tag&post=47222"}],"curies":[{"name":"wp","href":"https:\/\/api.w.org\/{rel}","templated":true}]}}