{"id":47329,"date":"2026-03-19T15:25:00","date_gmt":"2026-03-19T14:25:00","guid":{"rendered":"https:\/\/serverdedicato.lovenailsrivenditore.com\/?product=kodi-liquid-builder-gel-n-04-30gr"},"modified":"2026-04-20T17:58:29","modified_gmt":"2026-04-20T15:58:29","slug":"kodi-liquid-builder-gel-n-04-30gr","status":"publish","type":"product","link":"https:\/\/serverdedicato.lovenailsrivenditore.com\/?product=kodi-liquid-builder-gel-n-04-30gr","title":{"rendered":"KODI &#8211; LIQUID BUILDER GEL n.04 &#8211; 30gr"},"content":{"rendered":"<p>La scelta corretta dei materiali nel processo di lavoro influisce accuratamente sul risultato, ogni maestro lo sa. Gli esperti del popolare marchio internazionale Kodi Professional presentano una nuova linea di gel Liquid builder con prestazioni impeccabili.<\/p>\n<p>Il gel liquido costruttore ha tutte le propriet\u00e0 di un gel, ma \u00e8 molto facile da applicare; grazie alla consistenza liquida come base, \u00e8 distribuito uniformemente sulla superficie e autolivellante. Il gel pu\u00f2 essere usato per allineare e rafforzare unghie sottili. \u00c8 la scelta perfetta per una tecnologia senza limatura. Il gel builder liquido funziona bene anche con le dual form .<\/p>\n<p><b>Consigli d&#8217;uso:\u00a0<\/b>applica uno strato di Rubber Base o gel a 1ph come substrato. La polimerizzazione in gel in una lampada UV richiede 2 minuti, in una lampada LED \u2013 90-120 secondi.<\/p>\n<div class=\"wrap-hidden-text-link\">\n<div data-text=\"\u0427\u0438\u0442\u0430\u0442\u044c \u043f\u043e\u043b\u043d\u043e\u0441\u0442\u044c\u044e\"><\/div>\n<\/div>\n","protected":false},"excerpt":{"rendered":"<p>La scelta corretta dei materiali nel processo di lavoro influisce accuratamente sul risultato, ogni maestro lo sa. Gli esperti del popolare marchio internazionale Kodi Professional presentano una nuova linea di gel Liquid builder con prestazioni impeccabili.<\/p>\n<p>Il gel liquido costruttore ha tutte le propriet\u00e0 di un gel, ma \u00e8 molto facile da applicare; grazie alla consistenza liquida come base, \u00e8 distribuito uniformemente sulla superficie e autolivellante. Il gel pu\u00f2 essere usato per allineare e rafforzare unghie sottili. \u00c8 la scelta perfetta per una tecnologia senza limatura. Il gel builder liquido funziona bene anche con le dual form .<\/p>\n","protected":false},"featured_media":47330,"comment_status":"closed","ping_status":"open","template":"","meta":[],"product_brand":[],"product_cat":[224,2662,223,2627,1509],"product_tag":[1512,1738,2853],"class_list":{"0":"post-47329","1":"product","2":"type-product","3":"status-publish","4":"has-post-thumbnail","6":"product_cat-costruttori","7":"product_cat-costruttori-kodi","8":"product_cat-gel-uv","9":"product_cat-kodi","10":"product_cat-top-brand-professionali-unghie","11":"product_tag-builder-gel","12":"product_tag-camouflage","13":"product_tag-liquid-gel","15":"first","16":"instock","17":"shipping-taxable","18":"purchasable","19":"product-type-simple"},"_links":{"self":[{"href":"https:\/\/serverdedicato.lovenailsrivenditore.com\/index.php?rest_route=\/wp\/v2\/product\/47329","targetHints":{"allow":["GET"]}}],"collection":[{"href":"https:\/\/serverdedicato.lovenailsrivenditore.com\/index.php?rest_route=\/wp\/v2\/product"}],"about":[{"href":"https:\/\/serverdedicato.lovenailsrivenditore.com\/index.php?rest_route=\/wp\/v2\/types\/product"}],"replies":[{"embeddable":true,"href":"https:\/\/serverdedicato.lovenailsrivenditore.com\/index.php?rest_route=%2Fwp%2Fv2%2Fcomments&post=47329"}],"wp:featuredmedia":[{"embeddable":true,"href":"https:\/\/serverdedicato.lovenailsrivenditore.com\/index.php?rest_route=\/wp\/v2\/media\/47330"}],"wp:attachment":[{"href":"https:\/\/serverdedicato.lovenailsrivenditore.com\/index.php?rest_route=%2Fwp%2Fv2%2Fmedia&parent=47329"}],"wp:term":[{"taxonomy":"product_brand","embeddable":true,"href":"https:\/\/serverdedicato.lovenailsrivenditore.com\/index.php?rest_route=%2Fwp%2Fv2%2Fproduct_brand&post=47329"},{"taxonomy":"product_cat","embeddable":true,"href":"https:\/\/serverdedicato.lovenailsrivenditore.com\/index.php?rest_route=%2Fwp%2Fv2%2Fproduct_cat&post=47329"},{"taxonomy":"product_tag","embeddable":true,"href":"https:\/\/serverdedicato.lovenailsrivenditore.com\/index.php?rest_route=%2Fwp%2Fv2%2Fproduct_tag&post=47329"}],"curies":[{"name":"wp","href":"https:\/\/api.w.org\/{rel}","templated":true}]}}