{"id":47450,"date":"2026-03-20T13:30:00","date_gmt":"2026-03-20T12:30:00","guid":{"rendered":"https:\/\/serverdedicato.lovenailsrivenditore.com\/?product=kodi-liquid-polygel-with-shine-shine-05-15ml"},"modified":"2026-04-20T18:00:26","modified_gmt":"2026-04-20T16:00:26","slug":"kodi-liquid-polygel-with-shine-shine-05-15ml","status":"publish","type":"product","link":"https:\/\/serverdedicato.lovenailsrivenditore.com\/?product=kodi-liquid-polygel-with-shine-shine-05-15ml","title":{"rendered":"KODI &#8211; LIQUID POLYGEL WITH SHINE &#8211; SHINE 05 &#8211; 15ml"},"content":{"rendered":"<p>Il poligel liquido \u00e8 uno sviluppo unico dei tecnologi del popolare marchio internazionale Kodi Professional. Questo materiale moderno combina la resistenza dell&#8217;acrilico con la rapidit\u00e0 di applicazione dei sistemi di smalto gel.<\/p>\n<p>La palette della serie Shine include 8 tonalit\u00e0 scintillanti.<\/p>\n<p>\u00c8 piuttosto duro, ma molto pi\u00f9 morbido del poligel classico. Ha un&#8217;adesione impeccabile e garantisce durabilit\u00e0 ed estetica del risultato.<\/p>\n<p><b>Indurimento:\u00a0<\/b>120 secondi in una lampada UV o 60 secondi in una lampada LED.<\/p>\n<div class=\"wrap-hidden-text-link\">\n<div data-text=\"\u0427\u0438\u0442\u0430\u0442\u044c \u043f\u043e\u043b\u043d\u043e\u0441\u0442\u044c\u044e\"><\/div>\n<\/div>\n","protected":false},"excerpt":{"rendered":"<p>Il poligel liquido \u00e8 uno sviluppo unico dei tecnologi del popolare marchio internazionale Kodi Professional. Questo materiale moderno combina la resistenza dell&#8217;acrilico con la rapidit\u00e0 di applicazione dei sistemi di smalto gel.<\/p>\n","protected":false},"featured_media":47451,"comment_status":"closed","ping_status":"open","template":"","meta":[],"product_brand":[],"product_cat":[3272,2662,2627,1509],"product_tag":[3335,1155],"class_list":{"0":"post-47450","1":"product","2":"type-product","3":"status-publish","4":"has-post-thumbnail","6":"product_cat-acrygel-kodi","7":"product_cat-costruttori-kodi","8":"product_cat-kodi","9":"product_cat-top-brand-professionali-unghie","10":"product_tag-liquid-polygel","11":"product_tag-polygel","13":"first","14":"instock","15":"shipping-taxable","16":"purchasable","17":"product-type-simple"},"_links":{"self":[{"href":"https:\/\/serverdedicato.lovenailsrivenditore.com\/index.php?rest_route=\/wp\/v2\/product\/47450","targetHints":{"allow":["GET"]}}],"collection":[{"href":"https:\/\/serverdedicato.lovenailsrivenditore.com\/index.php?rest_route=\/wp\/v2\/product"}],"about":[{"href":"https:\/\/serverdedicato.lovenailsrivenditore.com\/index.php?rest_route=\/wp\/v2\/types\/product"}],"replies":[{"embeddable":true,"href":"https:\/\/serverdedicato.lovenailsrivenditore.com\/index.php?rest_route=%2Fwp%2Fv2%2Fcomments&post=47450"}],"wp:featuredmedia":[{"embeddable":true,"href":"https:\/\/serverdedicato.lovenailsrivenditore.com\/index.php?rest_route=\/wp\/v2\/media\/47451"}],"wp:attachment":[{"href":"https:\/\/serverdedicato.lovenailsrivenditore.com\/index.php?rest_route=%2Fwp%2Fv2%2Fmedia&parent=47450"}],"wp:term":[{"taxonomy":"product_brand","embeddable":true,"href":"https:\/\/serverdedicato.lovenailsrivenditore.com\/index.php?rest_route=%2Fwp%2Fv2%2Fproduct_brand&post=47450"},{"taxonomy":"product_cat","embeddable":true,"href":"https:\/\/serverdedicato.lovenailsrivenditore.com\/index.php?rest_route=%2Fwp%2Fv2%2Fproduct_cat&post=47450"},{"taxonomy":"product_tag","embeddable":true,"href":"https:\/\/serverdedicato.lovenailsrivenditore.com\/index.php?rest_route=%2Fwp%2Fv2%2Fproduct_tag&post=47450"}],"curies":[{"name":"wp","href":"https:\/\/api.w.org\/{rel}","templated":true}]}}