{"id":47522,"date":"2026-03-21T07:43:27","date_gmt":"2026-03-21T06:43:27","guid":{"rendered":"https:\/\/serverdedicato.lovenailsrivenditore.com\/?product=kodi-rubber-base-acid-free-12ml"},"modified":"2026-04-20T18:01:44","modified_gmt":"2026-04-20T16:01:44","slug":"kodi-rubber-base-acid-free-12ml","status":"publish","type":"product","link":"https:\/\/serverdedicato.lovenailsrivenditore.com\/?product=kodi-rubber-base-acid-free-12ml","title":{"rendered":"KODI &#8211; RUBBER BASE ACID FREE &#8211; 12ml"},"content":{"rendered":"<p>La base di gomma priva di acidi, del noto marchio internazionale Kodi Professional, \u00e8 una soluzione ideale e sicura.<\/p>\n<p>La base viene utilizzata per livellare le unghie e aggiungere resistenza ai prodotti di smalto gel. La base ha una consistenza di viscosit\u00e0 media, si distribuisce facilmente con un pennello e non cola. Ha la capacit\u00e0 di autolivellarsi per un maggiore comfort di lavoro e un risultato ideale. La base garantisce la durata della manicure da 14 a 21 giorni, a seconda delle condizioni delle unghie.<\/p>\n<p>Ha una durezza media, non \u00e8 raccomandata per unghie sottili e fragili.<\/p>\n<p>La base \u00e8 priva di acidi e completamente sicura, poich\u00e9 il pH della sua composizione \u00e8 uguale al pH dell&#8217;acqua.<\/p>\n<p>Utilizzo consigliato: non adatta per unghie sottili e fragili. Solo rimozione meccanica. Prima di usare la base, \u00e8 necessario applicare preventivamente Ultrabond.<\/p>\n","protected":false},"excerpt":{"rendered":"<p>La base di gomma priva di acidi, del noto marchio internazionale Kodi Professional, \u00e8 una soluzione ideale e sicura.<\/p>\n<p>La base viene utilizzata per livellare le unghie e aggiungere resistenza ai prodotti di smalto gel. La base ha una consistenza di viscosit\u00e0 media, si distribuisce facilmente con un pennello e non cola. Ha la capacit\u00e0 di autolivellarsi per un maggiore comfort di lavoro e un risultato ideale. La base garantisce la durata della manicure da 14 a 21 giorni, a seconda delle condizioni delle unghie.<\/p>\n<p>Ha una durezza media, non \u00e8 raccomandata per unghie sottili e fragili.<\/p>\n<p>La base \u00e8 priva di acidi e completamente sicura, poich\u00e9 il pH della sua composizione \u00e8 uguale al pH dell&#8217;acqua.<\/p>\n<p>Utilizzo consigliato: non adatta per unghie sottili e fragili. Solo rimozione meccanica. Prima di usare la base, \u00e8 necessario applicare preventivamente Ultrabond.<\/p>\n","protected":false},"featured_media":47523,"comment_status":"closed","ping_status":"open","template":"","meta":[],"product_brand":[],"product_cat":[2675,2627,1509],"product_tag":[258,2957,268],"class_list":{"0":"post-47522","1":"product","2":"type-product","3":"status-publish","4":"has-post-thumbnail","6":"product_cat-base-kodi","7":"product_cat-kodi","8":"product_cat-top-brand-professionali-unghie","9":"product_tag-base","10":"product_tag-base-acid-free","11":"product_tag-rubber-base","13":"first","14":"instock","15":"shipping-taxable","16":"purchasable","17":"product-type-simple"},"_links":{"self":[{"href":"https:\/\/serverdedicato.lovenailsrivenditore.com\/index.php?rest_route=\/wp\/v2\/product\/47522","targetHints":{"allow":["GET"]}}],"collection":[{"href":"https:\/\/serverdedicato.lovenailsrivenditore.com\/index.php?rest_route=\/wp\/v2\/product"}],"about":[{"href":"https:\/\/serverdedicato.lovenailsrivenditore.com\/index.php?rest_route=\/wp\/v2\/types\/product"}],"replies":[{"embeddable":true,"href":"https:\/\/serverdedicato.lovenailsrivenditore.com\/index.php?rest_route=%2Fwp%2Fv2%2Fcomments&post=47522"}],"wp:featuredmedia":[{"embeddable":true,"href":"https:\/\/serverdedicato.lovenailsrivenditore.com\/index.php?rest_route=\/wp\/v2\/media\/47523"}],"wp:attachment":[{"href":"https:\/\/serverdedicato.lovenailsrivenditore.com\/index.php?rest_route=%2Fwp%2Fv2%2Fmedia&parent=47522"}],"wp:term":[{"taxonomy":"product_brand","embeddable":true,"href":"https:\/\/serverdedicato.lovenailsrivenditore.com\/index.php?rest_route=%2Fwp%2Fv2%2Fproduct_brand&post=47522"},{"taxonomy":"product_cat","embeddable":true,"href":"https:\/\/serverdedicato.lovenailsrivenditore.com\/index.php?rest_route=%2Fwp%2Fv2%2Fproduct_cat&post=47522"},{"taxonomy":"product_tag","embeddable":true,"href":"https:\/\/serverdedicato.lovenailsrivenditore.com\/index.php?rest_route=%2Fwp%2Fv2%2Fproduct_tag&post=47522"}],"curies":[{"name":"wp","href":"https:\/\/api.w.org\/{rel}","templated":true}]}}