{"id":47550,"date":"2026-03-21T08:22:07","date_gmt":"2026-03-21T07:22:07","guid":{"rendered":"https:\/\/serverdedicato.lovenailsrivenditore.com\/?product=kodi-repair-nail-serum-30ml"},"modified":"2026-04-20T18:02:04","modified_gmt":"2026-04-20T16:02:04","slug":"kodi-repair-nail-serum-30ml","status":"publish","type":"product","link":"https:\/\/serverdedicato.lovenailsrivenditore.com\/?product=kodi-repair-nail-serum-30ml","title":{"rendered":"KODI &#8211; REPAIR NAIL SERUM &#8211; 30ml"},"content":{"rendered":"<p>Ogni giorno le nostre mani e unghie sono esposte a influenze negative: sostanze chimiche domestiche, variazioni di temperatura, danni meccanici, acqua dura. Tutto ci\u00f2 distrugge la barriera idrolipidica protettiva della pelle e delle unghie, provocando secchezza dell&#8217;epidermide e fragilit\u00e0 della lamina ungueale.<\/p>\n<p>Il Siero per unghie Repair di Kodi Professional \u00e8 progettato per riparare unghie e pelle danneggiate. L&#8217;olio di crusca di riso previene l&#8217;invecchiamento precoce e migliora l&#8217;elasticit\u00e0 della pelle. La vitamina E, come antiossidante naturale, contrasta gli effetti distruttivi dei radicali liberi e protegge la cuticola dalla secchezza. La vitamina A ripristina la crescita e rafforza le unghie fragili, restituendone la lucentezza.<\/p>\n<p>Come usare: Scuoti prima di usare, applica e distribuisci la quantit\u00e0 necessaria di siero intorno alla cuticola e sulle unghie. Massaggiare con un movimento circolare finch\u00e9 il prodotto non viene completamente assorbito. Il siero pu\u00f2 essere usato sia come prodotto autonomo sia come aggiunta a una crema per le mani.<\/p>\n<div class=\"wrap-hidden-text-link\">\n<div data-text=\"\u0427\u0438\u0442\u0430\u0442\u044c \u043f\u043e\u043b\u043d\u043e\u0441\u0442\u044c\u044e\"><\/div>\n<\/div>\n","protected":false},"excerpt":{"rendered":"<p>Il Siero per unghie Repair di Kodi Professional \u00e8 progettato per riparare unghie e pelle danneggiate. L&#8217;olio di crusca di riso previene l&#8217;invecchiamento precoce e migliora l&#8217;elasticit\u00e0 della pelle. La vitamina E, come antiossidante naturale, contrasta gli effetti distruttivi dei radicali liberi e protegge la cuticola dalla secchezza. La vitamina A ripristina la crescita e rafforza le unghie fragili, restituendone la lucentezza.<\/p>\n","protected":false},"featured_media":47551,"comment_status":"closed","ping_status":"open","template":"","meta":[],"product_brand":[],"product_cat":[2627,2664,208,1509],"product_tag":[3337,3338,849],"class_list":{"0":"post-47550","1":"product","2":"type-product","3":"status-publish","4":"has-post-thumbnail","6":"product_cat-kodi","7":"product_cat-liquidi-e-preparatori-kodi","8":"product_cat-liquidi-e-preparatori-2","9":"product_cat-top-brand-professionali-unghie","10":"product_tag-repair","11":"product_tag-serum","12":"product_tag-siero","14":"first","15":"instock","16":"shipping-taxable","17":"purchasable","18":"product-type-simple"},"_links":{"self":[{"href":"https:\/\/serverdedicato.lovenailsrivenditore.com\/index.php?rest_route=\/wp\/v2\/product\/47550","targetHints":{"allow":["GET"]}}],"collection":[{"href":"https:\/\/serverdedicato.lovenailsrivenditore.com\/index.php?rest_route=\/wp\/v2\/product"}],"about":[{"href":"https:\/\/serverdedicato.lovenailsrivenditore.com\/index.php?rest_route=\/wp\/v2\/types\/product"}],"replies":[{"embeddable":true,"href":"https:\/\/serverdedicato.lovenailsrivenditore.com\/index.php?rest_route=%2Fwp%2Fv2%2Fcomments&post=47550"}],"wp:featuredmedia":[{"embeddable":true,"href":"https:\/\/serverdedicato.lovenailsrivenditore.com\/index.php?rest_route=\/wp\/v2\/media\/47551"}],"wp:attachment":[{"href":"https:\/\/serverdedicato.lovenailsrivenditore.com\/index.php?rest_route=%2Fwp%2Fv2%2Fmedia&parent=47550"}],"wp:term":[{"taxonomy":"product_brand","embeddable":true,"href":"https:\/\/serverdedicato.lovenailsrivenditore.com\/index.php?rest_route=%2Fwp%2Fv2%2Fproduct_brand&post=47550"},{"taxonomy":"product_cat","embeddable":true,"href":"https:\/\/serverdedicato.lovenailsrivenditore.com\/index.php?rest_route=%2Fwp%2Fv2%2Fproduct_cat&post=47550"},{"taxonomy":"product_tag","embeddable":true,"href":"https:\/\/serverdedicato.lovenailsrivenditore.com\/index.php?rest_route=%2Fwp%2Fv2%2Fproduct_tag&post=47550"}],"curies":[{"name":"wp","href":"https:\/\/api.w.org\/{rel}","templated":true}]}}