{"id":47559,"date":"2026-03-21T09:08:08","date_gmt":"2026-03-21T08:08:08","guid":{"rendered":"https:\/\/serverdedicato.lovenailsrivenditore.com\/?product=kodi-liquido-unicorn-4ml"},"modified":"2026-04-20T18:02:09","modified_gmt":"2026-04-20T16:02:09","slug":"kodi-liquido-unicorn-4ml","status":"publish","type":"product","link":"https:\/\/serverdedicato.lovenailsrivenditore.com\/?product=kodi-liquido-unicorn-4ml","title":{"rendered":"KODI &#8211; LIQUIDO UNICORN &#8211; 4ml"},"content":{"rendered":"<p>Il popolare marchio internazionale Kodi Professional \u00e8 in continua evoluzione, creando prodotti rilevanti su richiesta dei maestri. La nostra ultima novit\u00e0 \u00e8 la Liquid Nail Powder. Si tratta di un prodotto unico che combina l&#8217;azione di un pigmento classico con una consistenza liquida che \u00e8 confortevole per il lavoro.<\/p>\n<p>Il pigmento si raccoglie facilmente e rapidamente con un pennello e viene applicato uniformemente sulle unghie. La consistenza liquida si trasforma immediatamente in una polvere, dimostrando resistenza a graffi e abrasioni. Il pigmento ha una lunga durata e un consumo economico. Durante l&#8217;uso non c&#8217;\u00e8 assolutamente polvere su mani e superfici.<\/p>\n<p>Il colore Unicorno \u00e8 un colore radioso che mostra le trasformazioni tonali dell&#8217;arcobaleno. Il pigmento ha un effetto camaleonte, cambiando colore a seconda del colore del substrato, della qualit\u00e0 della luce o dell&#8217;angolo di incidenza della luce.<\/p>\n","protected":false},"excerpt":{"rendered":"<p>Il popolare marchio internazionale Kodi Professional \u00e8 in continua evoluzione, creando prodotti rilevanti su richiesta dei maestri. La nostra ultima novit\u00e0 \u00e8 la Liquid Nail Powder. Si tratta di un prodotto unico che combina l&#8217;azione di un pigmento classico con una consistenza liquida che \u00e8 confortevole per il lavoro.<\/p>\n","protected":false},"featured_media":47560,"comment_status":"closed","ping_status":"open","template":"","meta":[],"product_brand":[],"product_cat":[2627,2664,3185,1509],"product_tag":[3344,2669,246],"class_list":{"0":"post-47559","1":"product","2":"type-product","3":"status-publish","4":"has-post-thumbnail","6":"product_cat-kodi","7":"product_cat-liquidi-e-preparatori-kodi","8":"product_cat-novita","9":"product_cat-top-brand-professionali-unghie","10":"product_tag-liquido-unicorno","11":"product_tag-unicorn","12":"product_tag-unicorno","14":"first","15":"instock","16":"shipping-taxable","17":"purchasable","18":"product-type-simple"},"_links":{"self":[{"href":"https:\/\/serverdedicato.lovenailsrivenditore.com\/index.php?rest_route=\/wp\/v2\/product\/47559","targetHints":{"allow":["GET"]}}],"collection":[{"href":"https:\/\/serverdedicato.lovenailsrivenditore.com\/index.php?rest_route=\/wp\/v2\/product"}],"about":[{"href":"https:\/\/serverdedicato.lovenailsrivenditore.com\/index.php?rest_route=\/wp\/v2\/types\/product"}],"replies":[{"embeddable":true,"href":"https:\/\/serverdedicato.lovenailsrivenditore.com\/index.php?rest_route=%2Fwp%2Fv2%2Fcomments&post=47559"}],"wp:featuredmedia":[{"embeddable":true,"href":"https:\/\/serverdedicato.lovenailsrivenditore.com\/index.php?rest_route=\/wp\/v2\/media\/47560"}],"wp:attachment":[{"href":"https:\/\/serverdedicato.lovenailsrivenditore.com\/index.php?rest_route=%2Fwp%2Fv2%2Fmedia&parent=47559"}],"wp:term":[{"taxonomy":"product_brand","embeddable":true,"href":"https:\/\/serverdedicato.lovenailsrivenditore.com\/index.php?rest_route=%2Fwp%2Fv2%2Fproduct_brand&post=47559"},{"taxonomy":"product_cat","embeddable":true,"href":"https:\/\/serverdedicato.lovenailsrivenditore.com\/index.php?rest_route=%2Fwp%2Fv2%2Fproduct_cat&post=47559"},{"taxonomy":"product_tag","embeddable":true,"href":"https:\/\/serverdedicato.lovenailsrivenditore.com\/index.php?rest_route=%2Fwp%2Fv2%2Fproduct_tag&post=47559"}],"curies":[{"name":"wp","href":"https:\/\/api.w.org\/{rel}","templated":true}]}}