{"id":47727,"date":"2026-03-21T12:43:45","date_gmt":"2026-03-21T11:43:45","guid":{"rendered":"https:\/\/serverdedicato.lovenailsrivenditore.com\/?product=clavier-nailsology-hard-base-8ml"},"modified":"2026-04-20T18:04:36","modified_gmt":"2026-04-20T16:04:36","slug":"clavier-nailsology-hard-base-8ml","status":"publish","type":"product","link":"https:\/\/serverdedicato.lovenailsrivenditore.com\/?product=clavier-nailsology-hard-base-8ml","title":{"rendered":"CLAVIER &#8211; NAILSOLOGY &#8211; HARD BASE &#8211; 8ml"},"content":{"rendered":"<h2 class=\"wp-block-heading\">Hard Base \u2013 la base affidabile per uno styling perfetto<\/h2>\n<p>Hard Base Coat Nailsology \u00e8 una base professionale estremamente resistente, creata per i nail stylist che apprezzano la qualit\u00e0, la versatilit\u00e0 e gli effetti di styling di lunga durata. La sua formula autolivellante permette di uniformare perfettamente la lamina ungueale, fornendo una superficie liscia e perfettamente preparata per l\u2019applicazione dei prodotti successivi.<\/p>\n<p>Grazie alla sua esclusiva elasticit\u00e0 e all\u2019elevata adesione, Hard Base garantisce un\u2019eccellente durata sia sulla lastra naturale che sotto lo styling ibrido, in gel o acrilico. \u00c8 la soluzione perfetta per rinforzare le unghie sottili e fragili: la base crea un solido strato protettivo, riducendo al minimo il rischio di danni e scheggiature.<\/p>\n<p>Il prodotto consente anche una delicata sovracostruzione e ricostruzione della piastra, rendendolo indispensabile nel lavoro quotidiano dell\u2019onicotecnico. La consistenza di Hard Base ne facilita l\u2019applicazione e la formula ben studiata riduce i tempi di lavoro garantendo risultati eccellenti.<\/p>\n<p><strong>Vantaggi della base dura:<\/strong><br \/>\n\u2013 Elevata adesione alla lamina naturale<br \/>\n\u2013 Rafforza e protegge le unghie da eventuali danni<br \/>\n\u2013 Possibilit\u00e0 di sovracostruzione e livellamento della superficie<br \/>\n\u2013 Formula flessibile ma robusta<br \/>\n\u2013 Base perfetta per ibridi, gel e acrilici<\/p>\n","protected":false},"excerpt":{"rendered":"<p>Hard Base Coat Nailsology \u00e8 una base professionale estremamente resistente, creata per i nail stylist che apprezzano la qualit\u00e0, la versatilit\u00e0 e gli effetti di styling di lunga durata. La sua formula autolivellante permette di uniformare perfettamente la lamina ungueale, fornendo una superficie liscia e perfettamente preparata per l\u2019applicazione dei prodotti successivi.<\/p>\n","protected":false},"featured_media":47728,"comment_status":"closed","ping_status":"open","template":"","meta":[],"product_brand":[],"product_cat":[3264,240,3250,239],"product_tag":[258,2466],"class_list":{"0":"post-47727","1":"product","2":"type-product","3":"status-publish","4":"has-post-thumbnail","6":"product_cat-base-clavier","7":"product_cat-base","8":"product_cat-clavier","9":"product_cat-semipermanente","10":"product_tag-base","11":"product_tag-hard-base","13":"first","14":"instock","15":"shipping-taxable","16":"purchasable","17":"product-type-simple"},"_links":{"self":[{"href":"https:\/\/serverdedicato.lovenailsrivenditore.com\/index.php?rest_route=\/wp\/v2\/product\/47727","targetHints":{"allow":["GET"]}}],"collection":[{"href":"https:\/\/serverdedicato.lovenailsrivenditore.com\/index.php?rest_route=\/wp\/v2\/product"}],"about":[{"href":"https:\/\/serverdedicato.lovenailsrivenditore.com\/index.php?rest_route=\/wp\/v2\/types\/product"}],"replies":[{"embeddable":true,"href":"https:\/\/serverdedicato.lovenailsrivenditore.com\/index.php?rest_route=%2Fwp%2Fv2%2Fcomments&post=47727"}],"wp:featuredmedia":[{"embeddable":true,"href":"https:\/\/serverdedicato.lovenailsrivenditore.com\/index.php?rest_route=\/wp\/v2\/media\/47728"}],"wp:attachment":[{"href":"https:\/\/serverdedicato.lovenailsrivenditore.com\/index.php?rest_route=%2Fwp%2Fv2%2Fmedia&parent=47727"}],"wp:term":[{"taxonomy":"product_brand","embeddable":true,"href":"https:\/\/serverdedicato.lovenailsrivenditore.com\/index.php?rest_route=%2Fwp%2Fv2%2Fproduct_brand&post=47727"},{"taxonomy":"product_cat","embeddable":true,"href":"https:\/\/serverdedicato.lovenailsrivenditore.com\/index.php?rest_route=%2Fwp%2Fv2%2Fproduct_cat&post=47727"},{"taxonomy":"product_tag","embeddable":true,"href":"https:\/\/serverdedicato.lovenailsrivenditore.com\/index.php?rest_route=%2Fwp%2Fv2%2Fproduct_tag&post=47727"}],"curies":[{"name":"wp","href":"https:\/\/api.w.org\/{rel}","templated":true}]}}