{"id":4781,"date":"2021-10-22T10:48:58","date_gmt":"2021-10-22T08:48:58","guid":{"rendered":"https:\/\/serverdedicato.lovenailsrivenditore.com\/?product=375-pinup-girl-bomber-girl-5ml-molly-lac"},"modified":"2026-04-17T18:43:08","modified_gmt":"2026-04-17T16:43:08","slug":"375-pinup-girl-bomber-girl-5ml-molly-lac","status":"publish","type":"product","link":"https:\/\/serverdedicato.lovenailsrivenditore.com\/?product=375-pinup-girl-bomber-girl-5ml-molly-lac","title":{"rendered":"375 Pinup Girl Bomber Girl 5ml Molly Lac"},"content":{"rendered":"<p>Bomber Girl No.375<\/p>\n<p>La leggendaria tonalit\u00e0 blu navy nasconde una profondit\u00e0 di grazia e fascino. Bomber girl \u00e8 la promessa del segreto seducente di cui sei affamato.<\/p>\n<p>Sii sexy come ragazze pin-up e stupisci con la femminilit\u00e0 con una collezione di 9 colori Molly Lac unici.<\/p>\n<p>Lo styling pin-up \u00e8 una proposta per donne vere piene di chic ed eleganza!<\/p>\n<p>Immergiti nella collezione Molly Lac, che ti porter\u00e0 nel mondo dei colori degli anni &#8217;40 e unisciti alle ragazze pin-up! <\/p>\n<p>Scegli l\u2019eccezionale qualit\u00e0 degli smalti ibridi Molly Lac<\/p>\n<p>\u2665 coprente<\/p>\n<p>\u2665 consistenza perfetta<\/p>\n<p>\u2665 pigmentazione perfetta<\/p>\n<p>\u2665 durata fino a 4 settimane<\/p>\n<p>\u2665 esente da formaldeide, DBP e toluene<\/p>\n<p>\u2665 solubile in liquidi a base di acetone<\/p>\n","protected":false},"excerpt":{"rendered":"<p>Bomber Girl No.375<\/p>\n<p>La leggendaria tonalit\u00e0 blu navy nasconde una profondit\u00e0 di grazia e fascino. Bomber girl \u00e8 la promessa del segreto seducente di cui sei affamato.<\/p>\n","protected":false},"featured_media":2306,"comment_status":"closed","ping_status":"open","template":"","meta":[],"product_brand":[],"product_cat":[24,82,81,83,89],"product_tag":[686,84,687,86],"class_list":{"0":"post-4781","1":"product","2":"type-product","3":"status-publish","4":"has-post-thumbnail","6":"product_cat-colori","7":"product_cat-colori-semipermanente","8":"product_cat-molly-lac","9":"product_cat-semipermanenti","10":"product_cat-super-saldi-di-gennaio","11":"product_tag-bomber-girl","12":"product_tag-molly-lac","13":"product_tag-pinup-girl","14":"product_tag-semipermanente","16":"first","17":"instock","18":"shipping-taxable","19":"purchasable","20":"product-type-simple"},"_links":{"self":[{"href":"https:\/\/serverdedicato.lovenailsrivenditore.com\/index.php?rest_route=\/wp\/v2\/product\/4781","targetHints":{"allow":["GET"]}}],"collection":[{"href":"https:\/\/serverdedicato.lovenailsrivenditore.com\/index.php?rest_route=\/wp\/v2\/product"}],"about":[{"href":"https:\/\/serverdedicato.lovenailsrivenditore.com\/index.php?rest_route=\/wp\/v2\/types\/product"}],"replies":[{"embeddable":true,"href":"https:\/\/serverdedicato.lovenailsrivenditore.com\/index.php?rest_route=%2Fwp%2Fv2%2Fcomments&post=4781"}],"wp:featuredmedia":[{"embeddable":true,"href":"https:\/\/serverdedicato.lovenailsrivenditore.com\/index.php?rest_route=\/wp\/v2\/media\/2306"}],"wp:attachment":[{"href":"https:\/\/serverdedicato.lovenailsrivenditore.com\/index.php?rest_route=%2Fwp%2Fv2%2Fmedia&parent=4781"}],"wp:term":[{"taxonomy":"product_brand","embeddable":true,"href":"https:\/\/serverdedicato.lovenailsrivenditore.com\/index.php?rest_route=%2Fwp%2Fv2%2Fproduct_brand&post=4781"},{"taxonomy":"product_cat","embeddable":true,"href":"https:\/\/serverdedicato.lovenailsrivenditore.com\/index.php?rest_route=%2Fwp%2Fv2%2Fproduct_cat&post=4781"},{"taxonomy":"product_tag","embeddable":true,"href":"https:\/\/serverdedicato.lovenailsrivenditore.com\/index.php?rest_route=%2Fwp%2Fv2%2Fproduct_tag&post=4781"}],"curies":[{"name":"wp","href":"https:\/\/api.w.org\/{rel}","templated":true}]}}