{"id":47895,"date":"2026-03-23T13:26:56","date_gmt":"2026-03-23T12:26:56","guid":{"rendered":"https:\/\/serverdedicato.lovenailsrivenditore.com\/?product=clavier-ciglia-a-ciuffetti-fishtail-bevshape-16mm"},"modified":"2026-04-20T18:08:07","modified_gmt":"2026-04-20T16:08:07","slug":"clavier-ciglia-a-ciuffetti-fishtail-bevshape-16mm","status":"publish","type":"product","link":"https:\/\/serverdedicato.lovenailsrivenditore.com\/?product=clavier-ciglia-a-ciuffetti-fishtail-bevshape-16mm","title":{"rendered":"CLAVIER &#8211; CIGLIA A CIUFFETTI &#8211; FISHTAIL &#8211; BEVSHAPE &#8211; 16mm"},"content":{"rendered":"<p>Ciglia a ciuffetti Clavier BeVshape sono una combinazione di due dei nostri bestseller, Vshape e BeShape.<br \/>\nQuesta combinazione regala un effetto amato dalle celebrit\u00e0 e dai truccatori di tutto il mondo!<\/p>\n<p>Grazie alla forma a \u201cV\u201d, creerai ciglia leggermente frastagliate alla \u201cKim\u201d.<\/p>\n<p>La forma a V e la combinazione alternata di due lunghezze di ciglia, consentono di ottenere un trucco naturale o spettacolare, che dipende<br \/>\ndalle preferenze personali di ogni persona, nonch\u00e9 dall\u2019occasione per la quale si desidera indossare queste ciglia.<\/p>\n<p>Se preferisci uno stile pi\u00f9 discreto e naturale, scegli ciglia pi\u00f9 corte. Tuttavia, se vuoi ottenere uno spettacolare effetto WOW, allora \u00e8<br \/>\npi\u00f9 appropriato scegliere ciglia pi\u00f9 lunghe oppure effettuare un mix tra le due lunghezze.<\/p>\n<h2 class=\"wp-block-heading\">Le ciglia BeVshape offrono grande flessibilit\u00e0 e la possibilit\u00e0 di<br \/>\npersonalizzare l\u2019effetto a seconda delle preferenze di chi le indossa.<\/h2>\n<p>Le ciglia a forma di V unite alle ciglia individuali creano un effetto a \u201ccoda di pesce\u201d o \u201crondine\u201d creando un aspetto estremamente intrigante e<br \/>\ndonano al tuo sguardo una dimensione completamente nuova!<\/p>\n<p>La forma a V rende a queste ciglia un aspetto unico che pu\u00f2 essere pi\u00f9 intenso rispetto alle forme tradizionali delle ciglia,\u00a0che possono attirare<br \/>\nl\u2019attenzione e aggiungere originalit\u00e0 allo sguardo.<\/p>\n<p>La capacit\u00e0 sia di allungare che di infoltire le ciglia rendono questi ciuffi versatili e possono essere utilizzati per vari stili.<\/p>\n<h2 class=\"wp-block-heading\">Realizzati in seta naturale, creeranno uno spettacolare effetto WOW!<\/h2>\n<p>I ciuffi setosi Clavier BeVshape sono molto piacevoli da indossare grazie alla loro leggerezza e morbidezza.<\/p>\n<p>Questi ciuffetti sono stati realizzati curando ogni minimo dettaglio in ogni fase della produzione, cos\u00ec da soddisfare le aspettative anche dei<br \/>\nclienti pi\u00f9 esigenti.<\/p>\n<p>Sono disponibili i ciuffetti nelle lunghezze 8, 10, 12, 14 e 16 mm. Tali mix di lunghezze con una differenza di 2 mm tra loro consentir\u00e0 un<br \/>\nperfetto adattamento individuale a ciascun cliente.<br \/>\nInoltre, una minore differenza di lunghezza tra i singoli ciuffi render\u00e0 impercettibili l\u2019applicazione e il tuo sguardo diventer\u00e0 pi\u00f9 naturale.<\/p>\n<h2 class=\"wp-block-heading\"><\/h2>\n","protected":false},"excerpt":{"rendered":"<h4 class=\"product_title entry-title\"><strong>Ciglia a ciuffetti BeVshape \u2013 Fishtail, 14mm, 10 D stile curvatura del tipo B\u00a0<\/strong><\/h4>\n<p class=\"price\">* Twist B, 10D, lunghezza 14 mm<\/p>\n<p class=\"price\">* Ciuffi lisci e morbidi al tatto<\/p>\n<div class=\"woocommerce-product-details__short-description\">\n<p>* Ciuffi di ciglia realizzati in seta* Leggeri \u2013 nessuna sensazione di pesantezza<br \/>\n* Si fondono perfettamente con le ciglia naturali<\/p>\n<\/div>\n","protected":false},"featured_media":47896,"comment_status":"closed","ping_status":"open","template":"","meta":[],"product_brand":[],"product_cat":[3347,3250],"product_tag":[910,3350,911,3351],"class_list":{"0":"post-47895","1":"product","2":"type-product","3":"status-publish","4":"has-post-thumbnail","6":"product_cat-ciglia-e-accessori","7":"product_cat-clavier","8":"product_tag-ciglia","9":"product_tag-ciglia-a-ciuffetti","10":"product_tag-ciglia-finte","11":"product_tag-ciuffetti","13":"first","14":"instock","15":"shipping-taxable","16":"purchasable","17":"product-type-simple"},"_links":{"self":[{"href":"https:\/\/serverdedicato.lovenailsrivenditore.com\/index.php?rest_route=\/wp\/v2\/product\/47895","targetHints":{"allow":["GET"]}}],"collection":[{"href":"https:\/\/serverdedicato.lovenailsrivenditore.com\/index.php?rest_route=\/wp\/v2\/product"}],"about":[{"href":"https:\/\/serverdedicato.lovenailsrivenditore.com\/index.php?rest_route=\/wp\/v2\/types\/product"}],"replies":[{"embeddable":true,"href":"https:\/\/serverdedicato.lovenailsrivenditore.com\/index.php?rest_route=%2Fwp%2Fv2%2Fcomments&post=47895"}],"wp:featuredmedia":[{"embeddable":true,"href":"https:\/\/serverdedicato.lovenailsrivenditore.com\/index.php?rest_route=\/wp\/v2\/media\/47896"}],"wp:attachment":[{"href":"https:\/\/serverdedicato.lovenailsrivenditore.com\/index.php?rest_route=%2Fwp%2Fv2%2Fmedia&parent=47895"}],"wp:term":[{"taxonomy":"product_brand","embeddable":true,"href":"https:\/\/serverdedicato.lovenailsrivenditore.com\/index.php?rest_route=%2Fwp%2Fv2%2Fproduct_brand&post=47895"},{"taxonomy":"product_cat","embeddable":true,"href":"https:\/\/serverdedicato.lovenailsrivenditore.com\/index.php?rest_route=%2Fwp%2Fv2%2Fproduct_cat&post=47895"},{"taxonomy":"product_tag","embeddable":true,"href":"https:\/\/serverdedicato.lovenailsrivenditore.com\/index.php?rest_route=%2Fwp%2Fv2%2Fproduct_tag&post=47895"}],"curies":[{"name":"wp","href":"https:\/\/api.w.org\/{rel}","templated":true}]}}