{"id":4799,"date":"2021-10-23T10:23:01","date_gmt":"2021-10-23T08:23:01","guid":{"rendered":"https:\/\/serverdedicato.lovenailsrivenditore.com\/?product=rubber-fiber-base-clear-molly-lac-10ml"},"modified":"2026-04-17T18:43:18","modified_gmt":"2026-04-17T16:43:18","slug":"rubber-fiber-base-clear-molly-lac-10ml","status":"publish","type":"product","link":"https:\/\/serverdedicato.lovenailsrivenditore.com\/?product=rubber-fiber-base-clear-molly-lac-10ml","title":{"rendered":"Rubber Fiber Base Clear Molly Lac 10ml"},"content":{"rendered":"<p>Scegli un prodotto rivoluzionario che ti permetta di prenderti cura delle tue unghie nel migliore dei modi. La formula innovativa protegger\u00e0 in modo completo, accumuler\u00e0 e sar\u00e0 la scelta perfetta per l&#8217;estensione!<\/p>\n<p>La combinazione delle propriet\u00e0 di una base semipermanente con fibre di seta con i vantaggi di questa base \u00e8 un lavoro senza precedenti che sicuramente conquister\u00e0 l&#8217;industria della bellezza!<\/p>\n<p>La base autolivellante e densa con una formula unica, con fibre estremamente sottili per il gel.<br \/>\nDuro e resistente grazie alle fibre, e allo stesso tempo estremamente flessibile grazie alla formula in gomma!<\/p>\n<p>La struttura estremamente plastica copre l&#8217;unghia in modo che possa crescere sana e forte senza ostacoli. La base CLEAR MollyLac \u00e8 un prodotto per compiti speciali.<\/p>\n<p> preverr\u00e0 screpolature e scheggiature.<\/p>\n<p>Grazie alla sua consistenza densa, la base non scorre sulle cuticole. Possiamo facilmente costruire la forma dei tuoi sogni, uniformiamo le irregolarit\u00e0 sulla lamina ungueale, che otterremo grazie alle propriet\u00e0 autolivellanti.<\/p>\n","protected":false},"excerpt":{"rendered":"<p>Scegli un prodotto rivoluzionario che ti permetta di prenderti cura delle tue unghie nel migliore dei modi. La formula innovativa protegger\u00e0 in modo completo, accumuler\u00e0 e sar\u00e0 la scelta perfetta per l&#8217;estensione!<\/p>\n<p>Grazie alla sua consistenza densa, la base non scorre sulle cuticole. Possiamo facilmente costruire la forma dei tuoi sogni, uniformiamo le irregolarit\u00e0 sulla lamina ungueale, che otterremo grazie alle propriet\u00e0 autolivellanti.<\/p>\n","protected":false},"featured_media":2335,"comment_status":"closed","ping_status":"open","template":"","meta":[],"product_brand":[],"product_cat":[240,241,81,239],"product_tag":[697,84,698,86],"class_list":{"0":"post-4799","1":"product","2":"type-product","3":"status-publish","4":"has-post-thumbnail","6":"product_cat-base","7":"product_cat-base-molly-lac","8":"product_cat-molly-lac","9":"product_cat-semipermanente","10":"product_tag-10ml","11":"product_tag-molly-lac","12":"product_tag-rubber-fiber-base-clear","13":"product_tag-semipermanente","15":"first","16":"instock","17":"shipping-taxable","18":"purchasable","19":"product-type-simple"},"_links":{"self":[{"href":"https:\/\/serverdedicato.lovenailsrivenditore.com\/index.php?rest_route=\/wp\/v2\/product\/4799","targetHints":{"allow":["GET"]}}],"collection":[{"href":"https:\/\/serverdedicato.lovenailsrivenditore.com\/index.php?rest_route=\/wp\/v2\/product"}],"about":[{"href":"https:\/\/serverdedicato.lovenailsrivenditore.com\/index.php?rest_route=\/wp\/v2\/types\/product"}],"replies":[{"embeddable":true,"href":"https:\/\/serverdedicato.lovenailsrivenditore.com\/index.php?rest_route=%2Fwp%2Fv2%2Fcomments&post=4799"}],"wp:featuredmedia":[{"embeddable":true,"href":"https:\/\/serverdedicato.lovenailsrivenditore.com\/index.php?rest_route=\/wp\/v2\/media\/2335"}],"wp:attachment":[{"href":"https:\/\/serverdedicato.lovenailsrivenditore.com\/index.php?rest_route=%2Fwp%2Fv2%2Fmedia&parent=4799"}],"wp:term":[{"taxonomy":"product_brand","embeddable":true,"href":"https:\/\/serverdedicato.lovenailsrivenditore.com\/index.php?rest_route=%2Fwp%2Fv2%2Fproduct_brand&post=4799"},{"taxonomy":"product_cat","embeddable":true,"href":"https:\/\/serverdedicato.lovenailsrivenditore.com\/index.php?rest_route=%2Fwp%2Fv2%2Fproduct_cat&post=4799"},{"taxonomy":"product_tag","embeddable":true,"href":"https:\/\/serverdedicato.lovenailsrivenditore.com\/index.php?rest_route=%2Fwp%2Fv2%2Fproduct_tag&post=4799"}],"curies":[{"name":"wp","href":"https:\/\/api.w.org\/{rel}","templated":true}]}}