{"id":48156,"date":"2026-03-28T18:08:57","date_gmt":"2026-03-28T17:08:57","guid":{"rendered":"https:\/\/serverdedicato.lovenailsrivenditore.com\/?product=clavier-set-pennelli-pro-solution-omar-turrini-14pcs"},"modified":"2026-04-20T18:14:20","modified_gmt":"2026-04-20T16:14:20","slug":"clavier-set-pennelli-pro-solution-omar-turrini-14pcs","status":"publish","type":"product","link":"https:\/\/serverdedicato.lovenailsrivenditore.com\/?product=clavier-set-pennelli-pro-solution-omar-turrini-14pcs","title":{"rendered":"CLAVIER &#8211; SET PENNELLI &#8211; PRO SOLUTION &#8211; OMAR TURRINI &#8211; 14pcs"},"content":{"rendered":"<h2 class=\"wp-block-heading\">La collezione di pennelli PROSOLUTION \u00e8 una combinazione di funzionalit\u00e0 e lusso in uno!<\/h2>\n<p>Nel kit Clavier Prosolution troverete tutti gli strumenti necessari per creare un make-up perfetto. Il set comprende:<\/p>\n<ul class=\"wp-block-list\">\n<li><strong>Pennello per eyeliner\/sopracciglia 5F<\/strong>\u00a0\u2013 un pennello di precisione, perfetto per l\u2019applicazione dell\u2019eyeliner e per creare linee definite sulle palpebre o per modellare e riempire le sopracciglia.<\/li>\n<li><strong>Pennello a punta piatta 7F\u00a0<\/strong>\u2013 un pennello versatile, perfetto per l\u2019applicazione di ombretti e per il contorno preciso delle palpebre.<\/li>\n<li><strong>Pennello per labbra 4F<\/strong>\u00a0\u2013 ideale per l\u2019applicazione di rossetti e gloss, consente di ottenere una linea definita e una finitura accurata.<\/li>\n<li><strong>Pennello a sfera mini 2F e 1F<\/strong>\u00a0\u2013 ideale per l\u2019applicazione precisa dell\u2019ombretto sulla piega delle palpebre e per evidenziare gli angoli.<\/li>\n<li><strong>Pennello piatto mini 6F<\/strong>\u00a0\u2013 ideale per l\u2019applicazione precisa dei prodotti per le palpebre nel trucco da giorno e da sera.<\/li>\n<li><strong>Pennello da sfumatura mini 11F<\/strong>\u00a0\u2013 un pennello piccolo ma molto efficace per sfumare delicatamente i colori e creare transizioni perfette.<\/li>\n<li><strong>Pennello da sfumatura 12F<\/strong>\u00a0\u2013 un pezzo fondamentale di ogni kit, che permette di sfumare facilmente le ombre e di creare effetti omogenei e armoniosi.<\/li>\n<li><strong>Il pennello 20F- per il contorno occhi<\/strong>\u00a0garantisce un modellamento preciso ed efficace del contorno occhi.<\/li>\n<li><strong>Il pennello multiuso 14F<\/strong>\u00a0<strong>\u2013<\/strong>\u00a0\u00e8 adatto per l\u2019applicazione di fondotinta, fard, bronzer e highlighter<\/li>\n<li><strong>Il pennello highlighter 15F \u2013<\/strong>\u00a0\u00e8 progettato per un\u2019applicazione precisa dell\u2019highlighter su parti selezionate del viso o del corpo.<\/li>\n<li><strong>Il pennello per fard 16F \u2013<\/strong>\u00a0\u00e8 lo strumento magico per evidenziare gli zigomi in modo sottile ma efficace.<\/li>\n<li><strong>Pennello multiuso 17F \u2013<\/strong>\u00a0Per l\u2019applicazione di cipria, fard, bronzer o highlighter, \u00e8 in grado di fare tutto!<\/li>\n<li><strong>Il pennello per contouring 18F \u2013<\/strong>\u00a0consente di applicare in modo professionale bronzer o fard, evidenziando perfettamente zigomi, mascella, naso e fronte.<\/li>\n<\/ul>\n<p>I pennelli sono realizzati con setole sintetiche di alta qualit\u00e0 che imitano la morbidezza della volpe argentata. Con un diametro di 0,06 mm, le setole assicurano una perfetta applicazione dei cosmetici e la loro resistenza ai danni garantisce un uso duraturo. La ghiera dei pennelli \u00e8 estremamente resistente e il manico ergonomico \u00e8 in legno di betulla, verniciato fino a 7 volte, per renderlo resistente all\u2019abrasione.<\/p>\n<p>I pennelli Clavier Prosolution sono sinonimo di eccellente qualit\u00e0 costruttiva. Le setole sintetiche utilizzate assicurano sia il comfort d\u2019uso che la longevit\u00e0 degli strumenti. Grazie alla variet\u00e0 di pennelli, questo set soddisfer\u00e0 le esigenze dei professionisti e degli appassionati di make-up.<\/p>\n<h2 class=\"wp-block-heading\">Scoprite il potere dei pennelli Clavier Prosolution e create look di make-up indimenticabili!<\/h2>\n","protected":false},"excerpt":{"rendered":"<p>Nel kit Clavier Prosolution troverete tutti gli strumenti necessari per creare un make-up perfetto. Il set comprende:<\/p>\n<ul>\n<li>Pennello per eyeliner\/sopracciglia<strong>\u00a05F<\/strong><\/li>\n<li>Pennello piatto a punta<strong>\u00a07F<\/strong><\/li>\n<li>Pennello per labbra<strong>\u00a04F<\/strong><\/li>\n<li>Pennello mini roller<strong>\u00a02F e 1F<\/strong><\/li>\n<li>Pennello piatto mini\u00a0<strong>6F<\/strong><\/li>\n<li>Pennello da sfumatura mini\u00a0<strong>11F<\/strong><\/li>\n<li>Pennello da sfumatura\u00a0<strong>12F<\/strong><\/li>\n<li>Pennello per contorno occhi\u00a0<strong>20F<\/strong><\/li>\n<li>Pennello multiuso<strong>\u00a014F<\/strong><\/li>\n<li>Pennello per evidenziatori<strong>\u00a015F<\/strong><\/li>\n<li>Pennello per fard<strong>\u00a016F<\/strong><\/li>\n<li>Pennello multifunzione\u00a0<strong>17F<\/strong><\/li>\n<li>Pennello per contorno occhi<strong>\u00a018F<\/strong><\/li>\n<\/ul>\n","protected":false},"featured_media":48157,"comment_status":"closed","ping_status":"open","template":"","meta":[],"product_brand":[],"product_cat":[3250,3359],"product_tag":[1895,3360,453],"class_list":{"0":"post-48156","1":"product","2":"type-product","3":"status-publish","4":"has-post-thumbnail","6":"product_cat-clavier","7":"product_cat-pennelli-make-up","8":"product_tag-pennelli-make-up","9":"product_tag-pennelli-professionali","10":"product_tag-set-pennelli","12":"first","13":"instock","14":"purchasable","15":"product-type-simple"},"_links":{"self":[{"href":"https:\/\/serverdedicato.lovenailsrivenditore.com\/index.php?rest_route=\/wp\/v2\/product\/48156","targetHints":{"allow":["GET"]}}],"collection":[{"href":"https:\/\/serverdedicato.lovenailsrivenditore.com\/index.php?rest_route=\/wp\/v2\/product"}],"about":[{"href":"https:\/\/serverdedicato.lovenailsrivenditore.com\/index.php?rest_route=\/wp\/v2\/types\/product"}],"replies":[{"embeddable":true,"href":"https:\/\/serverdedicato.lovenailsrivenditore.com\/index.php?rest_route=%2Fwp%2Fv2%2Fcomments&post=48156"}],"wp:featuredmedia":[{"embeddable":true,"href":"https:\/\/serverdedicato.lovenailsrivenditore.com\/index.php?rest_route=\/wp\/v2\/media\/48157"}],"wp:attachment":[{"href":"https:\/\/serverdedicato.lovenailsrivenditore.com\/index.php?rest_route=%2Fwp%2Fv2%2Fmedia&parent=48156"}],"wp:term":[{"taxonomy":"product_brand","embeddable":true,"href":"https:\/\/serverdedicato.lovenailsrivenditore.com\/index.php?rest_route=%2Fwp%2Fv2%2Fproduct_brand&post=48156"},{"taxonomy":"product_cat","embeddable":true,"href":"https:\/\/serverdedicato.lovenailsrivenditore.com\/index.php?rest_route=%2Fwp%2Fv2%2Fproduct_cat&post=48156"},{"taxonomy":"product_tag","embeddable":true,"href":"https:\/\/serverdedicato.lovenailsrivenditore.com\/index.php?rest_route=%2Fwp%2Fv2%2Fproduct_tag&post=48156"}],"curies":[{"name":"wp","href":"https:\/\/api.w.org\/{rel}","templated":true}]}}