{"id":48259,"date":"2026-03-28T18:08:57","date_gmt":"2026-03-28T17:08:57","guid":{"rendered":"https:\/\/serverdedicato.lovenailsrivenditore.com\/?product=clavier-ciglia-wispies-celebrity-daniele-de-vitis-14mm"},"modified":"2026-04-20T18:16:44","modified_gmt":"2026-04-20T16:16:44","slug":"clavier-ciglia-wispies-celebrity-daniele-de-vitis-14mm","status":"publish","type":"product","link":"https:\/\/serverdedicato.lovenailsrivenditore.com\/?product=clavier-ciglia-wispies-celebrity-daniele-de-vitis-14mm","title":{"rendered":"CLAVIER &#8211; CIGLIA- WISPIES CELEBRITY &#8211; DANIELE DE VITIS &#8211; 14mm"},"content":{"rendered":"<h4 class=\"wp-block-heading\"><strong>Con Wispies Celebrity, ogni donna pu\u00f2 sentirsi una star, con ciglia piene di volume, leggerezza e lucentezza naturale.<\/strong><\/h4>\n<p>I ciuffi di ciglia Wispies Celebrity 14 mm sono la scelta perfetta per le amanti del make-up perfetto che desiderano un effetto spettacolare ma naturale. Grazie alla forma accuratamente studiata, ispirata alla lettera \u201cV\u201d ampiamente distanziata, le ciglia acquistano un volume e una leggerezza eccezionali, conferendo allo sguardo profondit\u00e0 e definizione.<\/p>\n<p>Questi ciuffi sono estremamente facili da applicare: applicati uno accanto all\u2019altro, si sovrappongono sottilmente per creare l\u2019effetto di ciglia piene e multidimensionali. La loro struttura imita la disposizione naturale dei peli, per cui il risultato finale non \u00e8 solo d\u2019effetto ma anche estremamente armonioso. Si tratta di una soluzione amata dalle celebrit\u00e0 e dai make-up artist che lavorano su servizi fotografici professionali e produzioni cinematografiche.<\/p>\n<p>L\u2019esclusiva tonalit\u00e0 di marrone cioccolato aggiunge morbidezza alle ciglia, esaltando delicatamente la bellezza naturale degli occhi. Rispetto al classico nero, la tonalit\u00e0 marrone aggiunge sottilmente profondit\u00e0 allo sguardo senza sovrastarlo. \u00c8 ideale per chi apprezza un look elegante e sofisticato che si sposa perfettamente con il trucco da giorno e da sera.<\/p>\n<p><strong>Ciuffi di ciglia Wispies Celebrity :<\/strong><\/p>\n<ul class=\"wp-block-list\">\n<li>14 mm di lunghezza<\/li>\n<li>Forma a V per volume e leggerezza<\/li>\n<li>Ciuffi delicatamente intervallati che creano un effetto ciglia multidimensionale<\/li>\n<li>Preferito da celebrit\u00e0 e make-up artist professionisti<\/li>\n<\/ul>\n<p><strong>Istruzioni per l\u2019uso:<\/strong><\/p>\n<ul class=\"wp-block-list\">\n<li>Afferrare il ciuffo con una pinzetta dalla parte inferiore e staccarlo delicatamente dalla striscia.<\/li>\n<li>Immergere delicatamente la base del ciuffo in una goccia di colla in modo che si formi uno strato sottile.<\/li>\n<li>Attendere qualche secondo e applicare il ciuffo il pi\u00f9 vicino possibile all\u2019attaccatura delle ciglia naturali, premendo delicatamente.<\/li>\n<li>Ripetere l\u2019operazione fino a ottenere l\u2019effetto desiderato.<\/li>\n<\/ul>\n","protected":false},"excerpt":{"rendered":"<ul>\n<li>Lunghezze miste: 14 mm<\/li>\n<li>Forma a V per volume e leggerezza<\/li>\n<li>Ciuffi delicatamente intervallati creano un effetto ciglia multidimensionale<\/li>\n<li>Preferito da celebrit\u00e0 e make-up artist professionisti<\/li>\n<\/ul>\n","protected":false},"featured_media":48260,"comment_status":"closed","ping_status":"open","template":"","meta":[],"product_brand":[],"product_cat":[3347,3250],"product_tag":[910,3350,3353,3364],"class_list":{"0":"post-48259","1":"product","2":"type-product","3":"status-publish","4":"has-post-thumbnail","6":"product_cat-ciglia-e-accessori","7":"product_cat-clavier","8":"product_tag-ciglia","9":"product_tag-ciglia-a-ciuffetti","10":"product_tag-ciglia-clavier","11":"product_tag-daniele-de-vitis","13":"first","14":"instock","15":"purchasable","16":"product-type-simple"},"_links":{"self":[{"href":"https:\/\/serverdedicato.lovenailsrivenditore.com\/index.php?rest_route=\/wp\/v2\/product\/48259","targetHints":{"allow":["GET"]}}],"collection":[{"href":"https:\/\/serverdedicato.lovenailsrivenditore.com\/index.php?rest_route=\/wp\/v2\/product"}],"about":[{"href":"https:\/\/serverdedicato.lovenailsrivenditore.com\/index.php?rest_route=\/wp\/v2\/types\/product"}],"replies":[{"embeddable":true,"href":"https:\/\/serverdedicato.lovenailsrivenditore.com\/index.php?rest_route=%2Fwp%2Fv2%2Fcomments&post=48259"}],"wp:featuredmedia":[{"embeddable":true,"href":"https:\/\/serverdedicato.lovenailsrivenditore.com\/index.php?rest_route=\/wp\/v2\/media\/48260"}],"wp:attachment":[{"href":"https:\/\/serverdedicato.lovenailsrivenditore.com\/index.php?rest_route=%2Fwp%2Fv2%2Fmedia&parent=48259"}],"wp:term":[{"taxonomy":"product_brand","embeddable":true,"href":"https:\/\/serverdedicato.lovenailsrivenditore.com\/index.php?rest_route=%2Fwp%2Fv2%2Fproduct_brand&post=48259"},{"taxonomy":"product_cat","embeddable":true,"href":"https:\/\/serverdedicato.lovenailsrivenditore.com\/index.php?rest_route=%2Fwp%2Fv2%2Fproduct_cat&post=48259"},{"taxonomy":"product_tag","embeddable":true,"href":"https:\/\/serverdedicato.lovenailsrivenditore.com\/index.php?rest_route=%2Fwp%2Fv2%2Fproduct_tag&post=48259"}],"curies":[{"name":"wp","href":"https:\/\/api.w.org\/{rel}","templated":true}]}}