{"id":48358,"date":"2026-03-30T15:27:15","date_gmt":"2026-03-30T13:27:15","guid":{"rendered":"https:\/\/serverdedicato.lovenailsrivenditore.com\/?product=clavier-pennello-per-contouring-pro-18f-omar-turrini"},"modified":"2026-04-20T18:19:05","modified_gmt":"2026-04-20T16:19:05","slug":"clavier-pennello-per-contouring-pro-18f-omar-turrini","status":"publish","type":"product","link":"https:\/\/serverdedicato.lovenailsrivenditore.com\/?product=clavier-pennello-per-contouring-pro-18f-omar-turrini","title":{"rendered":"CLAVIER &#8211; PENNELLO PER CONTOURING  -PRO 18F &#8211; OMAR TURRINI"},"content":{"rendered":"<h2 class=\"wp-block-heading\">Accentuate i vostri lineamenti: un pennello da contouring per un risultato perfetto!<\/h2>\n<p>La nostra ultima collezione di pennelli Clavier Prosolution \u00e8 stata creata pensando proprio a voi. Delle vostre esigenze, dei vostri desideri, delle vostre visioni. Abbiamo chiesto, progettato, perfezionato.<\/p>\n<p>Nella nostra collezione, troverete il pennello Clavier PRO 18F per il contouring del viso, uno strumento indispensabile per ogni make-up artist che desidera tratti del viso perfettamente definiti. Questo pennello non pu\u00f2 mancare in nessuna trousse di make-up. Grazie alla sua forma precisa, consente un\u2019applicazione professionale di bronzer o fard, evidenziando perfettamente zigomi, mascella, naso e fronte. Prendete il Clavier PRO 18F per creare un make-up di altissimo livello, come un vero professionista.<\/p>\n<h2 class=\"wp-block-heading\">Distribuisce perfettamente i cosmetici, creando un effetto naturale e impeccabile.<\/h2>\n<p>Il pennello per contouring Clavier PRO 18F \u00e8 uno strumento che ogni make-up artist apprezzer\u00e0 per la sua funzionalit\u00e0 e precisione. Le sue setole angolate di media compattezza seguono perfettamente le linee degli zigomi, della mascella, dei capelli e del naso, garantendo un\u2019applicazione precisa e una distribuzione uniforme del bronzer nelle zone chiave del viso. Il risultato? Lineamenti perfettamente scolpiti che accentuano la vostra bellezza naturale.<\/p>\n<h2 class=\"wp-block-heading\">La collezione di pennelli PROSOLUTION \u00e8 una combinazione di funzionalit\u00e0 e lusso in uno!<\/h2>\n<p><strong>Caratteristiche:<\/strong><\/p>\n<ul class=\"wp-block-list\">\n<li><strong>setole sintetiche di alta qualit\u00e0\u00a0<\/strong>\u2013 imitazione della volpe argentata, estremamente efficaci e in grado di assorbire e distribuire uniformemente il prodotto sulla pelle<\/li>\n<li><strong>setole con un diametro di soli 0,06 mm<\/strong>\u00a0\u2013 l\u2019utilizzo di una tecnologia che consente di ottenere setole con un diametro di soli 0,06 mm le rende molto pi\u00f9 morbide e delicate sulla pelle rispetto alle normali setole sintetiche<\/li>\n<li><strong>realizzato con materiali ultraresistenti\u00a0<\/strong>\u2013 la qualit\u00e0 stabile dei materiali ultraresistenti garantisce che il pennello non perda le sue propriet\u00e0 nel tempo<\/li>\n<li><strong>ghiera resistente ai danni<\/strong>\u00a0\u2013 la moderna tecnologia di ossidazione rende le ghiere resistenti alla corrosione e non si graffiano o scoloriscono facilmente. L\u2019uso di alluminio pi\u00f9 spesso fa s\u00ec che il cappuccio sia resistente alla deformazione e mantenga bene la forma delle setole<\/li>\n<li><strong>manico ergonomico in legno di betulla<\/strong>\u00a0\u2013 la forma appositamente studiata del manico conferisce una sensazione attraente e lussuosa, ma soprattutto \u00e8 pi\u00f9 ergonomica e facile da impugnare e utilizzare con precisione. L\u2019uso del legno di betulla \u00e8 originale e pi\u00f9 rispettoso dell\u2019ambiente.<\/li>\n<li><strong>Verniciato 7 volte\u00a0<\/strong>\u2013 il manico del pennello viene verniciato 7 volte, rendendo i pennelli pi\u00f9 durevoli rispetto ai pennelli normali, che di solito vengono verniciati solo con circa 4 mani.<\/li>\n<\/ul>\n<p>Le setole dense, morbide e delicatamente arrotondate del pennello Clavier PRO 18F raccolgono brillantemente il prodotto per una sfumatura straordinaria. Grazie alla sua forma angolata, \u00e8 possibile creare facilmente contorni perfettamente definiti, soprattutto lungo gli zigomi, la mascella e l\u2019attaccatura dei capelli. \u00c8 un must-have assoluto per ogni amante del make-up!<\/p>\n<p>Non solo funziona a meraviglia, ma ha anche un aspetto incredibilmente elegante. Il manico nero, perfettamente sagomato, e l\u2019elegante cappuccio in acciaio nero assicurano che il pennello non solo si adatti perfettamente alla mano, ma sia anche splendido ogni volta che lo si prende in mano.<\/p>\n<h2 class=\"wp-block-heading\">Il pennello Clavier PRO 18F vi permetter\u00e0 di creare un effetto contouring straordinario, proprio come su Instagram!<\/h2>\n","protected":false},"excerpt":{"rendered":"<ul>\n<li>Clavier PROSOLUTION PRO 18F pennello per il contouring del viso<\/li>\n<li>Realizzato con setole sintetiche di alta qualit\u00e0, incastonate in un cappuccio nero\/acciaio<\/li>\n<li>Setole dense e morbide, smussate e delicatamente arrotondate<\/li>\n<li>Si adatta perfettamente agli zigomi, alla mascella, ai capelli o alla linea del naso<\/li>\n<li>Manico perfettamente sagomato<\/li>\n<\/ul>\n","protected":false},"featured_media":48359,"comment_status":"closed","ping_status":"open","template":"","meta":[],"product_brand":[],"product_cat":[3250,3359],"product_tag":[3371,3373],"class_list":{"0":"post-48358","1":"product","2":"type-product","3":"status-publish","4":"has-post-thumbnail","6":"product_cat-clavier","7":"product_cat-pennelli-make-up","8":"product_tag-pennello-clavier","9":"product_tag-pennello-contouring","11":"first","12":"instock","13":"purchasable","14":"product-type-simple"},"_links":{"self":[{"href":"https:\/\/serverdedicato.lovenailsrivenditore.com\/index.php?rest_route=\/wp\/v2\/product\/48358","targetHints":{"allow":["GET"]}}],"collection":[{"href":"https:\/\/serverdedicato.lovenailsrivenditore.com\/index.php?rest_route=\/wp\/v2\/product"}],"about":[{"href":"https:\/\/serverdedicato.lovenailsrivenditore.com\/index.php?rest_route=\/wp\/v2\/types\/product"}],"replies":[{"embeddable":true,"href":"https:\/\/serverdedicato.lovenailsrivenditore.com\/index.php?rest_route=%2Fwp%2Fv2%2Fcomments&post=48358"}],"wp:featuredmedia":[{"embeddable":true,"href":"https:\/\/serverdedicato.lovenailsrivenditore.com\/index.php?rest_route=\/wp\/v2\/media\/48359"}],"wp:attachment":[{"href":"https:\/\/serverdedicato.lovenailsrivenditore.com\/index.php?rest_route=%2Fwp%2Fv2%2Fmedia&parent=48358"}],"wp:term":[{"taxonomy":"product_brand","embeddable":true,"href":"https:\/\/serverdedicato.lovenailsrivenditore.com\/index.php?rest_route=%2Fwp%2Fv2%2Fproduct_brand&post=48358"},{"taxonomy":"product_cat","embeddable":true,"href":"https:\/\/serverdedicato.lovenailsrivenditore.com\/index.php?rest_route=%2Fwp%2Fv2%2Fproduct_cat&post=48358"},{"taxonomy":"product_tag","embeddable":true,"href":"https:\/\/serverdedicato.lovenailsrivenditore.com\/index.php?rest_route=%2Fwp%2Fv2%2Fproduct_tag&post=48358"}],"curies":[{"name":"wp","href":"https:\/\/api.w.org\/{rel}","templated":true}]}}