{"id":48435,"date":"2026-03-30T15:27:15","date_gmt":"2026-03-30T13:27:15","guid":{"rendered":"https:\/\/serverdedicato.lovenailsrivenditore.com\/?product=clavier-pennello-da-sfumatura-blend-hero-217p"},"modified":"2026-04-20T18:20:43","modified_gmt":"2026-04-20T16:20:43","slug":"clavier-pennello-da-sfumatura-blend-hero-217p","status":"publish","type":"product","link":"https:\/\/serverdedicato.lovenailsrivenditore.com\/?product=clavier-pennello-da-sfumatura-blend-hero-217p","title":{"rendered":"CLAVIER &#8211; PENNELLO DA SFUMATURA &#8211; BLEND HERO &#8211; 217P"},"content":{"rendered":"<p>Il pennello Blend Hero 217P \u00e8 il nostro Blend Hero per l\u2019intera collezione. Grazie alle sue morbide setole in Pony e alla sua forma, creerete transizioni perfettamente sfumate. L\u2019applicazione delle ombre e il trucco degli occhi con Blend Hero sono un piacere. Si tratta di pennelli di alta qualit\u00e0 con una variet\u00e0 di setole in forme molto utili.<\/p>\n<h2 class=\"wp-block-heading\">Creare transizioni perfette e sfumate con il nostro pennello \u2013 perfezione garantita<\/h2>\n<p>Questo pennello ha morbide setole di Pony e la sua forma vi permetter\u00e0 di creare transizioni perfettamente sfumate. Applicare ombretti e make-up occhi con Blend Hero \u00e8 un piacere. Vale a dire, un modello preciso in pelo di pony per compiti speciali. \u00c8 ideale per applicare e sfumare delicatamente gli ombretti. Grazie alla sua forma fine, \u00e8 perfetto anche per evidenziare la piega della palpebra e la palpebra inferiore. Grazie alle sue setole sintetiche, che non raccolgono il prodotto in eccesso, e alla sua forma piatta delicatamente arrotondata, \u00e8 perfetto per l\u2019applicazione del correttore, ma anche per tutti i prodotti liquidi come ombretti in crema, basi per ombretto e pre-trucco bagnato.<\/p>\n","protected":false},"excerpt":{"rendered":"<ul>\n<li>Il pennello Blend Hero \u00e8 il nostro eroe della sfumatura dell\u2019intera collezione!<\/li>\n<li>Presenta morbide setole di Pony naturale<\/li>\n<li>Il pennello da sfumatura consente di sfumare le ombre in modo delicato e uniforme sulla palpebra.<\/li>\n<li>Il manico in legno, rifinito con un cappuccio dorato, assicura non solo un aspetto esteticamente gradevole, ma anche un utilizzo confortevole, poich\u00e9 si adatta bene alla mano<\/li>\n<\/ul>\n","protected":false},"featured_media":48436,"comment_status":"closed","ping_status":"open","template":"","meta":[],"product_brand":[],"product_cat":[3250,3359],"product_tag":[3375,3376,3361,245],"class_list":{"0":"post-48435","1":"product","2":"type-product","3":"status-publish","4":"has-post-thumbnail","6":"product_cat-clavier","7":"product_cat-pennelli-make-up","8":"product_tag-blend","9":"product_tag-blend-hero","10":"product_tag-omar-turrini","11":"product_tag-pennello","13":"first","14":"instock","15":"purchasable","16":"product-type-simple"},"_links":{"self":[{"href":"https:\/\/serverdedicato.lovenailsrivenditore.com\/index.php?rest_route=\/wp\/v2\/product\/48435","targetHints":{"allow":["GET"]}}],"collection":[{"href":"https:\/\/serverdedicato.lovenailsrivenditore.com\/index.php?rest_route=\/wp\/v2\/product"}],"about":[{"href":"https:\/\/serverdedicato.lovenailsrivenditore.com\/index.php?rest_route=\/wp\/v2\/types\/product"}],"replies":[{"embeddable":true,"href":"https:\/\/serverdedicato.lovenailsrivenditore.com\/index.php?rest_route=%2Fwp%2Fv2%2Fcomments&post=48435"}],"wp:featuredmedia":[{"embeddable":true,"href":"https:\/\/serverdedicato.lovenailsrivenditore.com\/index.php?rest_route=\/wp\/v2\/media\/48436"}],"wp:attachment":[{"href":"https:\/\/serverdedicato.lovenailsrivenditore.com\/index.php?rest_route=%2Fwp%2Fv2%2Fmedia&parent=48435"}],"wp:term":[{"taxonomy":"product_brand","embeddable":true,"href":"https:\/\/serverdedicato.lovenailsrivenditore.com\/index.php?rest_route=%2Fwp%2Fv2%2Fproduct_brand&post=48435"},{"taxonomy":"product_cat","embeddable":true,"href":"https:\/\/serverdedicato.lovenailsrivenditore.com\/index.php?rest_route=%2Fwp%2Fv2%2Fproduct_cat&post=48435"},{"taxonomy":"product_tag","embeddable":true,"href":"https:\/\/serverdedicato.lovenailsrivenditore.com\/index.php?rest_route=%2Fwp%2Fv2%2Fproduct_tag&post=48435"}],"curies":[{"name":"wp","href":"https:\/\/api.w.org\/{rel}","templated":true}]}}