{"id":48484,"date":"2026-03-30T15:27:15","date_gmt":"2026-03-30T13:27:15","guid":{"rendered":"https:\/\/serverdedicato.lovenailsrivenditore.com\/?product=clavier-pennello-dr-undercover-12s"},"modified":"2026-04-20T18:21:44","modified_gmt":"2026-04-20T16:21:44","slug":"clavier-pennello-dr-undercover-12s","status":"publish","type":"product","link":"https:\/\/serverdedicato.lovenailsrivenditore.com\/?product=clavier-pennello-dr-undercover-12s","title":{"rendered":"CLAVIER &#8211; PENNELLO DR. UNDERCOVER &#8211; 12S"},"content":{"rendered":"<p>Occhiaie? Discromie o rughe sottili? Scegli Il \u201cDottor UnderCover\u201d un pennello per il correttore,che ti aiuter\u00e0 a nascondere tutto ci\u00f2. Con le sue setole sintetiche, il pennello applica solo la quantit\u00e0 di prodotto effettivamente necessaria e le setole non assorbono i prodotti liquidi.La sua forma a \u201clingua di gatto\u201d ti permette di lavorare con molta precisione e di applicare i prodotti, esattamente dove desideri. Affidatevi a \u201cDr. UnderCover\u201d e abbagliate con un colorito perfetto.<\/p>\n","protected":false},"excerpt":{"rendered":"<p>Occhiaie? Discromie o rughe sottili? Scegli Il \u201cDottor UnderCover\u201d un pennello per il correttore,che ti aiuter\u00e0 a nascondere tutto ci\u00f2. Con le sue setole sintetiche, il pennello applica solo la quantit\u00e0 di prodotto effettivamente necessaria e le setole non assorbono i prodotti liquidi.La sua forma a \u201clingua di gatto\u201d ti permette di lavorare con molta precisione e di applicare i prodotti, esattamente dove desideri.<\/p>\n","protected":false},"featured_media":48485,"comment_status":"closed","ping_status":"open","template":"","meta":[],"product_brand":[],"product_cat":[3347,3250],"product_tag":[245,3371,3296,3372],"class_list":{"0":"post-48484","1":"product","2":"type-product","3":"status-publish","4":"has-post-thumbnail","6":"product_cat-ciglia-e-accessori","7":"product_cat-clavier","8":"product_tag-pennello","9":"product_tag-pennello-clavier","10":"product_tag-pennello-make-up","11":"product_tag-pennello-trucco","13":"first","14":"instock","15":"purchasable","16":"product-type-simple"},"_links":{"self":[{"href":"https:\/\/serverdedicato.lovenailsrivenditore.com\/index.php?rest_route=\/wp\/v2\/product\/48484","targetHints":{"allow":["GET"]}}],"collection":[{"href":"https:\/\/serverdedicato.lovenailsrivenditore.com\/index.php?rest_route=\/wp\/v2\/product"}],"about":[{"href":"https:\/\/serverdedicato.lovenailsrivenditore.com\/index.php?rest_route=\/wp\/v2\/types\/product"}],"replies":[{"embeddable":true,"href":"https:\/\/serverdedicato.lovenailsrivenditore.com\/index.php?rest_route=%2Fwp%2Fv2%2Fcomments&post=48484"}],"wp:featuredmedia":[{"embeddable":true,"href":"https:\/\/serverdedicato.lovenailsrivenditore.com\/index.php?rest_route=\/wp\/v2\/media\/48485"}],"wp:attachment":[{"href":"https:\/\/serverdedicato.lovenailsrivenditore.com\/index.php?rest_route=%2Fwp%2Fv2%2Fmedia&parent=48484"}],"wp:term":[{"taxonomy":"product_brand","embeddable":true,"href":"https:\/\/serverdedicato.lovenailsrivenditore.com\/index.php?rest_route=%2Fwp%2Fv2%2Fproduct_brand&post=48484"},{"taxonomy":"product_cat","embeddable":true,"href":"https:\/\/serverdedicato.lovenailsrivenditore.com\/index.php?rest_route=%2Fwp%2Fv2%2Fproduct_cat&post=48484"},{"taxonomy":"product_tag","embeddable":true,"href":"https:\/\/serverdedicato.lovenailsrivenditore.com\/index.php?rest_route=%2Fwp%2Fv2%2Fproduct_tag&post=48484"}],"curies":[{"name":"wp","href":"https:\/\/api.w.org\/{rel}","templated":true}]}}