{"id":48611,"date":"2026-03-30T15:27:15","date_gmt":"2026-03-30T13:27:15","guid":{"rendered":"https:\/\/serverdedicato.lovenailsrivenditore.com\/?product=clavier-ciglia-a-banda-intera-lash-expert-laura-pontillo"},"modified":"2026-04-20T18:24:37","modified_gmt":"2026-04-20T16:24:37","slug":"clavier-ciglia-a-banda-intera-lash-expert-laura-pontillo","status":"publish","type":"product","link":"https:\/\/serverdedicato.lovenailsrivenditore.com\/?product=clavier-ciglia-a-banda-intera-lash-expert-laura-pontillo","title":{"rendered":"CLAVIER &#8211; CIGLIA A BANDA INTERA- LASH EXPERT- LAURA PONTILLO"},"content":{"rendered":"<h2 class=\"wp-block-heading\">Le ciglia a striscia \u201cLuna Love\u201d di Lash Expert garantiscono un effetto spettacolare pur rimanendo naturali e comode da indossare.<\/h2>\n<p>Se sognate un make-up che valorizzi il vostro sguardo con classe e raffinatezza, scegliete le ciglia a striscia consigliate da\u00a0<strong>Laura Pontillo<\/strong>, rinomata make-up artist con oltre 10 anni di esperienza nel settore della bellezza. Specializzata in trucco da sposa e per occasioni speciali in Italia e all\u2019estero,<strong>\u00a0Laura<\/strong>\u00a0conosce bene l\u2019importanza della qualit\u00e0 e della durata dei prodotti utilizzati per il trucco del viso e degli occhi.<\/p>\n<p>Le ciglia professionali su striscia, accuratamente selezionate, sono il risultato di anni di test e di lavoro con clienti con esigenze diverse. Le ciglia consigliate da\u00a0<strong>Laura Pontillo<\/strong>\u00a0combinano leggerezza, flessibilit\u00e0 ed effetto naturale, rendendole perfette sia per le occasioni speciali che per il make-up quotidiano. La loro striscia morbida e sottile facilita l\u2019applicazione e garantisce un elevato comfort di utilizzo per tutto il giorno, senza appesantire o irritare.<\/p>\n<p><strong>Laura Pontillo<\/strong>\u00a0consiglia queste ciglia come elemento essenziale nel lavoro di ogni make-up artist professionista, ma anche come prodotto sicuro e facile da usare per le donne che si truccano da sole. Se desiderate un effetto spettacolare ma discreto,<strong>\u00a0le ciglia a striscia Lash Expert \u201cLuna Love\u201d<\/strong>\u00a0sono una scelta obbligata.<\/p>\n<p>Perfettamente modellate, realizzate con fibre sintetiche di alta qualit\u00e0, le ciglia consigliate da un make-up artist professionista valorizzano sottilmente lo sguardo, aggiungendo profondit\u00e0 senza perdere naturalezza. \u00c8 questo effetto \u2013 elegante ma non eccessivo \u2013 che rende queste ciglia la scelta preferita dalle future spose, dalle donne che si esibiscono davanti alla macchina fotografica e da tutte le clienti che apprezzano la perfezione nei dettagli.<\/p>\n","protected":false},"excerpt":{"rendered":"<ul>\n<li><strong>Effetto naturale ma espressivo<\/strong><\/li>\n<li><strong>Sagomato e sagomato professionalmente<\/strong><\/li>\n<li><strong>Struttura leggera<\/strong><\/li>\n<li><strong>Fibre sintetiche di alta qualit\u00e0<\/strong><\/li>\n<li><strong>Riutilizzabili<\/strong><\/li>\n<li><strong>Versatilit\u00e0 d\u2019uso<\/strong><\/li>\n<li><strong>Raccomandazione professionale<\/strong><\/li>\n<\/ul>\n","protected":false},"featured_media":48612,"comment_status":"closed","ping_status":"open","template":"","meta":[],"product_brand":[],"product_cat":[3347,3250],"product_tag":[910,3382,3353],"class_list":{"0":"post-48611","1":"product","2":"type-product","3":"status-publish","4":"has-post-thumbnail","6":"product_cat-ciglia-e-accessori","7":"product_cat-clavier","8":"product_tag-ciglia","9":"product_tag-ciglia-a-banda","10":"product_tag-ciglia-clavier","12":"first","13":"instock","14":"purchasable","15":"product-type-simple"},"_links":{"self":[{"href":"https:\/\/serverdedicato.lovenailsrivenditore.com\/index.php?rest_route=\/wp\/v2\/product\/48611","targetHints":{"allow":["GET"]}}],"collection":[{"href":"https:\/\/serverdedicato.lovenailsrivenditore.com\/index.php?rest_route=\/wp\/v2\/product"}],"about":[{"href":"https:\/\/serverdedicato.lovenailsrivenditore.com\/index.php?rest_route=\/wp\/v2\/types\/product"}],"replies":[{"embeddable":true,"href":"https:\/\/serverdedicato.lovenailsrivenditore.com\/index.php?rest_route=%2Fwp%2Fv2%2Fcomments&post=48611"}],"wp:featuredmedia":[{"embeddable":true,"href":"https:\/\/serverdedicato.lovenailsrivenditore.com\/index.php?rest_route=\/wp\/v2\/media\/48612"}],"wp:attachment":[{"href":"https:\/\/serverdedicato.lovenailsrivenditore.com\/index.php?rest_route=%2Fwp%2Fv2%2Fmedia&parent=48611"}],"wp:term":[{"taxonomy":"product_brand","embeddable":true,"href":"https:\/\/serverdedicato.lovenailsrivenditore.com\/index.php?rest_route=%2Fwp%2Fv2%2Fproduct_brand&post=48611"},{"taxonomy":"product_cat","embeddable":true,"href":"https:\/\/serverdedicato.lovenailsrivenditore.com\/index.php?rest_route=%2Fwp%2Fv2%2Fproduct_cat&post=48611"},{"taxonomy":"product_tag","embeddable":true,"href":"https:\/\/serverdedicato.lovenailsrivenditore.com\/index.php?rest_route=%2Fwp%2Fv2%2Fproduct_tag&post=48611"}],"curies":[{"name":"wp","href":"https:\/\/api.w.org\/{rel}","templated":true}]}}