{"id":48618,"date":"2026-03-30T15:27:15","date_gmt":"2026-03-30T13:27:15","guid":{"rendered":"https:\/\/serverdedicato.lovenailsrivenditore.com\/?product=clavier-ciglia-a-banda-intera-lash-expert-angela-buonanno"},"modified":"2026-04-20T18:24:47","modified_gmt":"2026-04-20T16:24:47","slug":"clavier-ciglia-a-banda-intera-lash-expert-angela-buonanno","status":"publish","type":"product","link":"https:\/\/serverdedicato.lovenailsrivenditore.com\/?product=clavier-ciglia-a-banda-intera-lash-expert-angela-buonanno","title":{"rendered":"CLAVIER &#8211; CIGLIA A BANDA INTERA- LASH EXPERT- ANGELA BUONANNO"},"content":{"rendered":"<h2 class=\"wp-block-heading\">Le ciglia Gloria Glam su striscia sono sinonimo di altissima qualit\u00e0 e lavorazione perfetta.<\/h2>\n<p><strong>Angela Buonanno,<\/strong>\u00a0esperta e stimata make-up artist specializzata in trucco da sposa, da cerimonia e artistico, raccomanda con fiducia<strong>\u00a0le ciglia a striscia Lash Expert \u201cGloria Glam\u201d<\/strong>\u00a0come uno dei prodotti migliori e pi\u00f9 affidabili disponibili sul mercato della bellezza. Le ciglia Lash Expert sono sinonimo di altissima qualit\u00e0 e lavorazione perfetta, e permettono di enfatizzare sottilmente la bellezza naturale dell\u2019occhio, conferendo allo sguardo un\u2019eccezionale profondit\u00e0, intensit\u00e0 ed eleganza.<\/p>\n<h2 class=\"wp-block-heading\">Esaltano in modo sottile la bellezza naturale dell\u2019occhio.<\/h2>\n<p>Grazie alla base flessibile e delicata, le ciglia a striscia \u201cGloria Glam\u201d si adattano perfettamente alla linea naturale delle ciglia, creando l\u2019effetto di ciglia piene, folte e voluminose senza sembrare eccessivamente artificiali. Questa soluzione \u00e8 ideale per chi vuole enfatizzare il proprio sguardo in modo naturale ma spettacolare.<\/p>\n<p><strong>Perch\u00e9 Angela Buonanno consiglia le ciglia a striscia \u201cGloria Glam\u201d di Lash Expert?<\/strong><\/p>\n<p>Esperta di trucco da sposa, Angela Buonanno sa quanto sia importante avere un aspetto perfetto per ogni occasione. Per lei, le ciglia a striscia Lash Expert \u201cGloria Glam\u201d sono la garanzia di un risultato professionale che dura tutto il giorno e la notte, anche durante gli eventi pi\u00f9 impegnativi. \u00c8 grazie a queste ciglia che le sue clienti si sentono sicure, belle e a proprio agio, il che \u00e8 estremamente importante soprattutto nel giorno del matrimonio o in altri momenti speciali.<\/p>\n","protected":false},"excerpt":{"rendered":"<p><strong>Angela Buonanno,<\/strong>\u00a0esperta e stimata make-up artist specializzata in trucco da sposa, da cerimonia e artistico, raccomanda con fiducia<strong>\u00a0le ciglia a striscia Lash Expert \u201cGloria Glam\u201d<\/strong>\u00a0come uno dei prodotti migliori e pi\u00f9 affidabili disponibili sul mercato della bellezza. Le ciglia Lash Expert sono sinonimo di altissima qualit\u00e0 e lavorazione perfetta, e permettono di enfatizzare sottilmente la bellezza naturale dell\u2019occhio, conferendo allo sguardo un\u2019eccezionale profondit\u00e0, intensit\u00e0 ed eleganza.<\/p>\n","protected":false},"featured_media":48619,"comment_status":"closed","ping_status":"open","template":"","meta":[],"product_brand":[],"product_cat":[3347,3250],"product_tag":[910,3382,3353],"class_list":{"0":"post-48618","1":"product","2":"type-product","3":"status-publish","4":"has-post-thumbnail","6":"product_cat-ciglia-e-accessori","7":"product_cat-clavier","8":"product_tag-ciglia","9":"product_tag-ciglia-a-banda","10":"product_tag-ciglia-clavier","12":"first","13":"instock","14":"purchasable","15":"product-type-simple"},"_links":{"self":[{"href":"https:\/\/serverdedicato.lovenailsrivenditore.com\/index.php?rest_route=\/wp\/v2\/product\/48618","targetHints":{"allow":["GET"]}}],"collection":[{"href":"https:\/\/serverdedicato.lovenailsrivenditore.com\/index.php?rest_route=\/wp\/v2\/product"}],"about":[{"href":"https:\/\/serverdedicato.lovenailsrivenditore.com\/index.php?rest_route=\/wp\/v2\/types\/product"}],"replies":[{"embeddable":true,"href":"https:\/\/serverdedicato.lovenailsrivenditore.com\/index.php?rest_route=%2Fwp%2Fv2%2Fcomments&post=48618"}],"wp:featuredmedia":[{"embeddable":true,"href":"https:\/\/serverdedicato.lovenailsrivenditore.com\/index.php?rest_route=\/wp\/v2\/media\/48619"}],"wp:attachment":[{"href":"https:\/\/serverdedicato.lovenailsrivenditore.com\/index.php?rest_route=%2Fwp%2Fv2%2Fmedia&parent=48618"}],"wp:term":[{"taxonomy":"product_brand","embeddable":true,"href":"https:\/\/serverdedicato.lovenailsrivenditore.com\/index.php?rest_route=%2Fwp%2Fv2%2Fproduct_brand&post=48618"},{"taxonomy":"product_cat","embeddable":true,"href":"https:\/\/serverdedicato.lovenailsrivenditore.com\/index.php?rest_route=%2Fwp%2Fv2%2Fproduct_cat&post=48618"},{"taxonomy":"product_tag","embeddable":true,"href":"https:\/\/serverdedicato.lovenailsrivenditore.com\/index.php?rest_route=%2Fwp%2Fv2%2Fproduct_tag&post=48618"}],"curies":[{"name":"wp","href":"https:\/\/api.w.org\/{rel}","templated":true}]}}