{"id":48645,"date":"2026-03-30T15:27:15","date_gmt":"2026-03-30T13:27:15","guid":{"rendered":"https:\/\/serverdedicato.lovenailsrivenditore.com\/?product=clavier-ciglia-a-banda-intera-lash-expert-regina-azizova"},"modified":"2026-04-20T18:25:26","modified_gmt":"2026-04-20T16:25:26","slug":"clavier-ciglia-a-banda-intera-lash-expert-regina-azizova","status":"publish","type":"product","link":"https:\/\/serverdedicato.lovenailsrivenditore.com\/?product=clavier-ciglia-a-banda-intera-lash-expert-regina-azizova","title":{"rendered":"CLAVIER &#8211; CIGLIA A BANDA INTERA- LASH EXPERT- REGINA AZIZOVA"},"content":{"rendered":"<h2 class=\"wp-block-heading\">Le ciglia a strisce \u2018Diva Dream\u2019 di Regina Azizova: il lusso in uno sguardo che delizia<\/h2>\n<p><strong>Ecco le ciglia a striscia \u201cDiva Dream\u201d:<\/strong>\u00a0ciglia a striscia esclusive che hanno ridefinito il concetto di lusso nel make-up degli occhi. Le ciglia \u201cDiva Dream\u201d sono la scelta ideale per le donne che apprezzano l\u2019aspetto eccezionale, la durata e il comfort di utilizzo.<br \/>\nConsigliate da Regina Azizova \u2013 make-up artist professionista internazionale con oltre 20 anni di esperienza nel settore della bellezza.<\/p>\n<p>Ogni paio di ciglia \u201cDiva Dream\u201d \u00e8 realizzato con materiali di altissima qualit\u00e0, per garantire un look naturale ma d\u2019effetto. Grazie alla lunghezza e alla densit\u00e0 dei peli accuratamente selezionati, le ciglia sottolineano perfettamente la forma dell\u2019occhio, aggiungendo profondit\u00e0 e intensit\u00e0. La striscia appositamente progettata \u00e8 leggera e flessibile, rendendo l\u2019applicazione semplice e il comfort massimo, anche durante una lunga giornata o una serata fuori.<\/p>\n<p><strong>Ciglia a striscia \u2018Diva Dream\u2019 \u2013 per chi?<\/strong><\/p>\n<p>Questo modello di ciglia su striscia \u00e8 realizzato per le donne che desiderano:<\/p>\n<ul class=\"wp-block-list\">\n<li>enfatizzare il look con un effetto espressivo e magnetico<\/li>\n<li>ottenere un look elegante e duraturo, che si protragga per ore e ore<\/li>\n<li>utilizzare un prodotto che combina qualit\u00e0 professionale e design di lusso<\/li>\n<\/ul>\n","protected":false},"excerpt":{"rendered":"<ul>\n<li>Realizzato con materiali di altissima qualit\u00e0<\/li>\n<li><strong>Cinturino leggero e confortevole<\/strong>\u00a0\u2013 facile da applicare e comodo da indossare<\/li>\n<li><strong>Effetto naturale<\/strong>\u00a0\u2013 occhi splendidamente evidenziati e ingranditi senza sembrare artificiali<\/li>\n<li><strong>Durevole e resistente<\/strong>\u00a0\u2013 ideale per l\u2019uso ripetuto con una cura adeguata<\/li>\n<li><strong>Design universale<\/strong>\u00a0\u2013 per adattarsi a ogni tipo di occhio e stile di make-up, dal giorno alla sera<\/li>\n<\/ul>\n","protected":false},"featured_media":48646,"comment_status":"closed","ping_status":"open","template":"","meta":[],"product_brand":[],"product_cat":[3347,3250],"product_tag":[910,3350,3384],"class_list":{"0":"post-48645","1":"product","2":"type-product","3":"status-publish","4":"has-post-thumbnail","6":"product_cat-ciglia-e-accessori","7":"product_cat-clavier","8":"product_tag-ciglia","9":"product_tag-ciglia-a-ciuffetti","10":"product_tag-ciglia-e-accessori","12":"first","13":"instock","14":"purchasable","15":"product-type-simple"},"_links":{"self":[{"href":"https:\/\/serverdedicato.lovenailsrivenditore.com\/index.php?rest_route=\/wp\/v2\/product\/48645","targetHints":{"allow":["GET"]}}],"collection":[{"href":"https:\/\/serverdedicato.lovenailsrivenditore.com\/index.php?rest_route=\/wp\/v2\/product"}],"about":[{"href":"https:\/\/serverdedicato.lovenailsrivenditore.com\/index.php?rest_route=\/wp\/v2\/types\/product"}],"replies":[{"embeddable":true,"href":"https:\/\/serverdedicato.lovenailsrivenditore.com\/index.php?rest_route=%2Fwp%2Fv2%2Fcomments&post=48645"}],"wp:featuredmedia":[{"embeddable":true,"href":"https:\/\/serverdedicato.lovenailsrivenditore.com\/index.php?rest_route=\/wp\/v2\/media\/48646"}],"wp:attachment":[{"href":"https:\/\/serverdedicato.lovenailsrivenditore.com\/index.php?rest_route=%2Fwp%2Fv2%2Fmedia&parent=48645"}],"wp:term":[{"taxonomy":"product_brand","embeddable":true,"href":"https:\/\/serverdedicato.lovenailsrivenditore.com\/index.php?rest_route=%2Fwp%2Fv2%2Fproduct_brand&post=48645"},{"taxonomy":"product_cat","embeddable":true,"href":"https:\/\/serverdedicato.lovenailsrivenditore.com\/index.php?rest_route=%2Fwp%2Fv2%2Fproduct_cat&post=48645"},{"taxonomy":"product_tag","embeddable":true,"href":"https:\/\/serverdedicato.lovenailsrivenditore.com\/index.php?rest_route=%2Fwp%2Fv2%2Fproduct_tag&post=48645"}],"curies":[{"name":"wp","href":"https:\/\/api.w.org\/{rel}","templated":true}]}}