{"id":48672,"date":"2026-03-31T13:18:45","date_gmt":"2026-03-31T11:18:45","guid":{"rendered":"https:\/\/serverdedicato.lovenailsrivenditore.com\/?product=molly-nails-lampada-con-swarovski-36w-v9bat"},"modified":"2026-04-20T18:26:05","modified_gmt":"2026-04-20T16:26:05","slug":"molly-nails-lampada-con-swarovski-36w-v9bat","status":"publish","type":"product","link":"https:\/\/serverdedicato.lovenailsrivenditore.com\/?product=molly-nails-lampada-con-swarovski-36w-v9bat","title":{"rendered":"MOLLY NAILS &#8211; LAMPADA CON SWAROVSKI &#8211; 36W &#8211; V9BAT"},"content":{"rendered":"<p>Porta il tuo ambiente di lavoro al livello estetico successivo.\u00a0<strong>La lampada V9BAT<\/strong> non \u00e8 solo un dispositivo professionale per polimerizzare prodotti , ma anche un accessorio elegante che delizier\u00e0 ogni cliente.<\/p>\n<p>L&#8217;intera cassa \u00e8 ricoperta di luccicanti swarovski.<\/p>\n<p>Con una batteria ricaricabile integrata, ti dimenticherai dei cavi aggrovigliati e delle restrizioni di accesso alle prese, godendo di una totale libert\u00e0 di stile ovunque.<\/p>\n<p><strong>Caratteristiche del prodotto:<\/strong><\/p>\n<ul>\n<li><strong>Design straordinario: <\/strong>Cassa interamente in swarovski<\/li>\n<li><strong>Potenza 36W:<\/strong>\u00a0Resistenza ottimale per una polimerizzazione rapida e sicura dei prodotti.<\/li>\n<li><strong>Alimentazione della batteria:<\/strong>\u00a0Ti permette di lavorare per molte ore senza essere collegato all&#8217;elettricit\u00e0.<\/li>\n<li><strong>Tecnologia a doppio LED:<\/strong>\u00a036 LED emettono luce bianca che non affatica gli occhi e cura i prodotti UV e LED.<\/li>\n<li>Il posizionamento ottimale dei LED delle lampade elimina i &#8220;punti ciechi&#8221;<\/li>\n<li><strong>Display facile da leggere:<\/strong> Posizionato sul retro della lampada, puoi controllare con precisione il tempo di polimerizzazione.<\/li>\n<li><strong>Fondo a specchio &#8211;<\/strong> aumenta l&#8217;efficacia della polimerizzazione diffondendo i raggi all&#8217;interno della lampada.<\/li>\n<li>Un foro ampio per la mano elimina il rischio che il cliente &#8216;non veda&#8217; la lampada.<\/li>\n<li>4 tempi\u00a0 &#8211; 10s, 30s, 60s, 90s (modalit\u00e0 a bassa temperatura).<\/li>\n<li>Ricorda l&#8217;orario di lavoro del set, senza doverlo impostare di nuovo.<\/li>\n<li>Un interruttore comodo di accensione\/spegnimento.<\/li>\n<li>Segnale udibile di accensione e disattivazione della modalit\u00e0 operativa.<\/li>\n<li>Sensore di movimento &#8211; che attiva il tempo operativo impostato fino alla fine del suo conto alla rovescia.<\/li>\n<li>La lampada ha un lungo cavo di alimentazione di 3 metri che permette di collegare comodamente il dispositivo ovunque.<\/li>\n<li>Ha un indicatore del livello della batteria.<\/li>\n<\/ul>\n<p><strong>Come utilizzare:<\/strong><\/p>\n<ol>\n<li>Assicurati che la batteria della lampada sia carica prima di iniziare a lavorare.<\/li>\n<li>Accendi e seleziona la modalit\u00e0 oraria appropriata per il prodotto che stai usando.<\/li>\n<li>Metti la mano o il piede all&#8217;interno del dispositivo. Il sensore di movimento avvier\u00e0 automaticamente il processo di esposizione.<\/li>\n<li>Quando hai finito di lavorare, spegni la lampada per risparmiare energia nella batteria.<\/li>\n<\/ol>\n<p><strong>Specifiche:<\/strong><\/p>\n<ul>\n<li><strong>Potenza massima:\u00a0<\/strong>36 W<\/li>\n<li><strong>Numero di LED:\u00a0<\/strong>36<\/li>\n<li><strong>Ingresso nominale:<\/strong>\u00a0100-240V 50\/60Hz<\/li>\n<li><strong>Valutazione di risultati:\u00a0<\/strong>DC 12,6V 1,9A<\/li>\n<li><strong>Lunghezza d&#8217;onda UV: :\u00a0<\/strong>365+405nm<\/li>\n<li><strong>Lunghezza del cavo:\u00a0<\/strong>circa 300 cm<\/li>\n<\/ul>\n<p><strong>Dimensioni:<\/strong><\/p>\n<ul>\n<li><strong>Larghezza:\u00a0<\/strong>circa 21,5 cm<\/li>\n<li><strong>Altezza:\u00a0<\/strong>circa 9 cm<\/li>\n<li><strong>Profondit\u00e0:\u00a0<\/strong>circa 19 cm<\/li>\n<\/ul>\n<p><strong>ATTENZIONE!<\/strong><\/p>\n<p>Dopo aver finito di lavorare con il dispositivo, per favore scollegalo dalla fonte di alimentazione.<\/p>\n<p>Il mancato taglio pu\u00f2 causare il surriscaldamento dell&#8217;unit\u00e0.<\/p>\n","protected":false},"excerpt":{"rendered":"<div>La lampada UV LED 36W V9 combina design esclusivo e tecnologia avanzata.<\/div>\n<div>Impreziosita da eleganti dettagli Swarovski, offre una polimerizzazione impeccabile grazie alla doppia lunghezza d\u2019onda (365+405 nm), studiata per i gel di nuova generazione.<\/div>\n<div><\/div>\n<div>Dotata di batteria integrata per la massima libert\u00e0 di utilizzo, \u00e8 compatta, raffinata ed estremamente performante: la prova che la vera qualit\u00e0 non si misura in watt.<\/div>\n","protected":false},"featured_media":48673,"comment_status":"closed","ping_status":"open","template":"","meta":[],"product_brand":[],"product_cat":[147,170,81,3185,1509],"product_tag":[171,3164,2413],"class_list":{"0":"post-48672","1":"product","2":"type-product","3":"status-publish","4":"has-post-thumbnail","6":"product_cat-apparecchiature","7":"product_cat-lampade","8":"product_cat-molly-lac","9":"product_cat-novita","10":"product_cat-top-brand-professionali-unghie","11":"product_tag-lampada","12":"product_tag-lampada-molly","13":"product_tag-lampada-swarovski","15":"first","16":"instock","17":"purchasable","18":"product-type-simple"},"_links":{"self":[{"href":"https:\/\/serverdedicato.lovenailsrivenditore.com\/index.php?rest_route=\/wp\/v2\/product\/48672","targetHints":{"allow":["GET"]}}],"collection":[{"href":"https:\/\/serverdedicato.lovenailsrivenditore.com\/index.php?rest_route=\/wp\/v2\/product"}],"about":[{"href":"https:\/\/serverdedicato.lovenailsrivenditore.com\/index.php?rest_route=\/wp\/v2\/types\/product"}],"replies":[{"embeddable":true,"href":"https:\/\/serverdedicato.lovenailsrivenditore.com\/index.php?rest_route=%2Fwp%2Fv2%2Fcomments&post=48672"}],"wp:featuredmedia":[{"embeddable":true,"href":"https:\/\/serverdedicato.lovenailsrivenditore.com\/index.php?rest_route=\/wp\/v2\/media\/48673"}],"wp:attachment":[{"href":"https:\/\/serverdedicato.lovenailsrivenditore.com\/index.php?rest_route=%2Fwp%2Fv2%2Fmedia&parent=48672"}],"wp:term":[{"taxonomy":"product_brand","embeddable":true,"href":"https:\/\/serverdedicato.lovenailsrivenditore.com\/index.php?rest_route=%2Fwp%2Fv2%2Fproduct_brand&post=48672"},{"taxonomy":"product_cat","embeddable":true,"href":"https:\/\/serverdedicato.lovenailsrivenditore.com\/index.php?rest_route=%2Fwp%2Fv2%2Fproduct_cat&post=48672"},{"taxonomy":"product_tag","embeddable":true,"href":"https:\/\/serverdedicato.lovenailsrivenditore.com\/index.php?rest_route=%2Fwp%2Fv2%2Fproduct_tag&post=48672"}],"curies":[{"name":"wp","href":"https:\/\/api.w.org\/{rel}","templated":true}]}}