{"id":48811,"date":"2026-04-02T13:07:46","date_gmt":"2026-04-02T11:07:46","guid":{"rendered":"https:\/\/serverdedicato.lovenailsrivenditore.com\/?product=molly-nails-builder-gel-self-leveling-angel-pink-15gr"},"modified":"2026-04-20T18:28:20","modified_gmt":"2026-04-20T16:28:20","slug":"molly-nails-builder-gel-self-leveling-angel-pink-15gr","status":"publish","type":"product","link":"https:\/\/serverdedicato.lovenailsrivenditore.com\/?product=molly-nails-builder-gel-self-leveling-angel-pink-15gr","title":{"rendered":"MOLLY NAILS &#8211; BUILDER GEL &#8211; SELF LEVELING &#8211; ANGEL PINK &#8211; 15gr"},"content":{"rendered":"<p><strong>Il gel autolivellante Molly Nails \u00e8<\/strong>\u00a0<strong>un gel monofasico, a densit\u00e0 media<\/strong>\u00a0e alta stabilit\u00e0.<\/p>\n<p>La\u00a0<strong>sua texture autolivellante<\/strong>\u00a0consente una\u00a0<strong>modellazione precisa delle unghie<\/strong>\u00a0e una finitura estetica senza dover limare eccessivamente.<\/p>\n<p>Il prodotto \u00e8\u00a0<strong>stabile,<\/strong>\u00a0non allaga le cuticole e permette la pinzatura<strong>\u00a0dopo soli 10-15 secondi.<\/strong><\/p>\n<p><strong>La copertura del 60%<\/strong>\u00a0funziona bene nel mascherare le imperfezioni della lamina, fornendo un effetto naturale di copertura.<\/p>\n<p>Per\u00a0<strong>una lamina ungueale sottile e flessibile<\/strong>, consigliamo di usare\u00a0<strong>una base abrasiva<\/strong>\u00a0o di applicare\u00a0<strong>uno strato sottile di gel<\/strong>\u00a0come primer per aumentare l\u2019adesione.<\/p>\n","protected":false},"excerpt":{"rendered":"<div class=\"product-short-description\">\n<section id=\"projector_productname\" class=\"product_name\">\n<div class=\"product_name__block --description\">\n<ul>\n<li>Il gel autolivellante Molly Nails \u00e8 un gel monofasico, a densit\u00e0 media e alta stabilit\u00e0.<\/li>\n<\/ul>\n<\/div>\n<\/section>\n<form id=\"projector_form\" class=\"projector_details is-validated --phone --changed\" action=\"https:\/\/b2b.gnb-lab.com\/basketchange.php?type=multiproduct\" method=\"post\" data-product_id=\"29537\" data-type=\"product_item\" data-bundle_configurator=\"false\" data-price-type=\"gross\" data-product-display-type=\"multi-variant\">\n<div class=\"projector_details__wrapper\">\n<div id=\"projector_versions_section\" class=\"projector_details__versions projector_versions --no-prices --no-multipack --no-points\" data-size=\"uniw\">\n<div class=\"projector_versions__header\"><\/div>\n<\/div>\n<\/div>\n<\/form>\n<\/div>\n","protected":false},"featured_media":48812,"comment_status":"closed","ping_status":"open","template":"","meta":[],"product_brand":[],"product_cat":[24,82,81,83],"product_tag":[2809,2033,229],"class_list":{"0":"post-48811","1":"product","2":"type-product","3":"status-publish","4":"has-post-thumbnail","6":"product_cat-colori","7":"product_cat-colori-semipermanente","8":"product_cat-molly-lac","9":"product_cat-semipermanenti","10":"product_tag-gel-autolivellante","11":"product_tag-gel-costruttore","12":"product_tag-monofasico","14":"first","15":"instock","16":"shipping-taxable","17":"purchasable","18":"product-type-simple"},"_links":{"self":[{"href":"https:\/\/serverdedicato.lovenailsrivenditore.com\/index.php?rest_route=\/wp\/v2\/product\/48811","targetHints":{"allow":["GET"]}}],"collection":[{"href":"https:\/\/serverdedicato.lovenailsrivenditore.com\/index.php?rest_route=\/wp\/v2\/product"}],"about":[{"href":"https:\/\/serverdedicato.lovenailsrivenditore.com\/index.php?rest_route=\/wp\/v2\/types\/product"}],"replies":[{"embeddable":true,"href":"https:\/\/serverdedicato.lovenailsrivenditore.com\/index.php?rest_route=%2Fwp%2Fv2%2Fcomments&post=48811"}],"wp:featuredmedia":[{"embeddable":true,"href":"https:\/\/serverdedicato.lovenailsrivenditore.com\/index.php?rest_route=\/wp\/v2\/media\/48812"}],"wp:attachment":[{"href":"https:\/\/serverdedicato.lovenailsrivenditore.com\/index.php?rest_route=%2Fwp%2Fv2%2Fmedia&parent=48811"}],"wp:term":[{"taxonomy":"product_brand","embeddable":true,"href":"https:\/\/serverdedicato.lovenailsrivenditore.com\/index.php?rest_route=%2Fwp%2Fv2%2Fproduct_brand&post=48811"},{"taxonomy":"product_cat","embeddable":true,"href":"https:\/\/serverdedicato.lovenailsrivenditore.com\/index.php?rest_route=%2Fwp%2Fv2%2Fproduct_cat&post=48811"},{"taxonomy":"product_tag","embeddable":true,"href":"https:\/\/serverdedicato.lovenailsrivenditore.com\/index.php?rest_route=%2Fwp%2Fv2%2Fproduct_tag&post=48811"}],"curies":[{"name":"wp","href":"https:\/\/api.w.org\/{rel}","templated":true}]}}