{"id":48897,"date":"2026-04-02T13:07:46","date_gmt":"2026-04-02T11:07:46","guid":{"rendered":"https:\/\/serverdedicato.lovenailsrivenditore.com\/?product=molly-nails-hot-coral-n-286-8ml"},"modified":"2026-04-20T18:29:42","modified_gmt":"2026-04-20T16:29:42","slug":"molly-nails-hot-coral-n-286-8ml","status":"publish","type":"product","link":"https:\/\/serverdedicato.lovenailsrivenditore.com\/?product=molly-nails-hot-coral-n-286-8ml","title":{"rendered":"MOLLY NAILS &#8211; HOT CORAL n.286 &#8211; 8ml"},"content":{"rendered":"<p>Senti l&#8217;energia dei colori con\u00a0<strong>la collezione Vivid Vibes,<\/strong> creata per donne coraggiose, sicure di s\u00e9 e che apprezzano il loro tempo. Il fatto che sono pigmentati fin dal <strong>primo strato<\/strong>\u00a0\u00e8 un &#8220;punto di svolta&#8221; per ogni stylist \u2013 risparmiando tempo e comfort lavorativo.<\/p>\n<p>\u00c8 una palette di nove tonalit\u00e0 estive, che combina l&#8217;intensit\u00e0 dei colori neon con formulazioni di alta qualit\u00e0, sviluppate per un&#8217;applicazione confortevole.<\/p>\n<p><strong>Caratteristiche del prodotto:<\/strong><\/p>\n<ul>\n<li><strong>Copertura elevata:<\/strong>\u00a0Otterrai la saturazione completa del colore con<strong>\u00a0il primo strato,<\/strong>\u00a0il che accelera significativamente il tempo di styling.<\/li>\n<li><strong>Consistenza cremosa:<\/strong>\u00a0La consistenza medio-densa garantisce che lo smalto non inondi le cuticole e permette un&#8217;applicazione precisa sotto le cuticole.<\/li>\n<li><strong>Propriet\u00e0 autolivellanti:<\/strong>\u00a0Il prodotto si sparge liscia sull&#8217;unghia, creando una superficie liscia senza striature o ciglioni.<\/li>\n<li><strong>Palette di colori ricche:<\/strong>\u00a0La collezione include 9 colori coerenti (n. 280-288) che possono essere liberamente combinati per creare transizioni e decorazioni armoniose.<\/li>\n<li>Pennello tagliato al laser con setole flessibili &#8211; rende il lavoro pi\u00f9 facile.<\/li>\n<li>Durata fino a 4 settimane* &#8211; confermata dall&#8217;opinione dei clienti soddisfatti.<\/li>\n<li>Capacit\u00e0 di essere facilmente rimosse &#8211; con fluidi assorbenti o con una fresatrice.<\/li>\n<li>Alta qualit\u00e0 a un prezzo ragionevole &#8211; verifica e valuta!<\/li>\n<\/ul>\n","protected":false},"excerpt":{"rendered":"<p>Senti l&#8217;energia dei colori con\u00a0<strong>la collezione Vivid Vibes,<\/strong> creata per donne coraggiose, sicure di s\u00e9 e che apprezzano il loro tempo. Il fatto che sono pigmentati fin dal <strong>primo strato<\/strong>\u00a0\u00e8 un &#8220;punto di svolta&#8221; per ogni stylist \u2013 risparmiando tempo e comfort lavorativo.<\/p>\n","protected":false},"featured_media":48898,"comment_status":"closed","ping_status":"open","template":"","meta":[],"product_brand":[],"product_cat":[24,82,81,83],"product_tag":[79,675],"class_list":{"0":"post-48897","1":"product","2":"type-product","3":"status-publish","4":"has-post-thumbnail","6":"product_cat-colori","7":"product_cat-colori-semipermanente","8":"product_cat-molly-lac","9":"product_cat-semipermanenti","10":"product_tag-coral","11":"product_tag-corallo","13":"first","14":"instock","15":"shipping-taxable","16":"purchasable","17":"product-type-simple"},"_links":{"self":[{"href":"https:\/\/serverdedicato.lovenailsrivenditore.com\/index.php?rest_route=\/wp\/v2\/product\/48897","targetHints":{"allow":["GET"]}}],"collection":[{"href":"https:\/\/serverdedicato.lovenailsrivenditore.com\/index.php?rest_route=\/wp\/v2\/product"}],"about":[{"href":"https:\/\/serverdedicato.lovenailsrivenditore.com\/index.php?rest_route=\/wp\/v2\/types\/product"}],"replies":[{"embeddable":true,"href":"https:\/\/serverdedicato.lovenailsrivenditore.com\/index.php?rest_route=%2Fwp%2Fv2%2Fcomments&post=48897"}],"wp:featuredmedia":[{"embeddable":true,"href":"https:\/\/serverdedicato.lovenailsrivenditore.com\/index.php?rest_route=\/wp\/v2\/media\/48898"}],"wp:attachment":[{"href":"https:\/\/serverdedicato.lovenailsrivenditore.com\/index.php?rest_route=%2Fwp%2Fv2%2Fmedia&parent=48897"}],"wp:term":[{"taxonomy":"product_brand","embeddable":true,"href":"https:\/\/serverdedicato.lovenailsrivenditore.com\/index.php?rest_route=%2Fwp%2Fv2%2Fproduct_brand&post=48897"},{"taxonomy":"product_cat","embeddable":true,"href":"https:\/\/serverdedicato.lovenailsrivenditore.com\/index.php?rest_route=%2Fwp%2Fv2%2Fproduct_cat&post=48897"},{"taxonomy":"product_tag","embeddable":true,"href":"https:\/\/serverdedicato.lovenailsrivenditore.com\/index.php?rest_route=%2Fwp%2Fv2%2Fproduct_tag&post=48897"}],"curies":[{"name":"wp","href":"https:\/\/api.w.org\/{rel}","templated":true}]}}