{"id":48921,"date":"2026-04-02T13:07:50","date_gmt":"2026-04-02T11:07:50","guid":{"rendered":"https:\/\/serverdedicato.lovenailsrivenditore.com\/?product=molly-nails-cat-eye-crush-rose-n-251-8ml"},"modified":"2026-04-20T18:30:02","modified_gmt":"2026-04-20T16:30:02","slug":"molly-nails-cat-eye-crush-rose-n-251-8ml","status":"publish","type":"product","link":"https:\/\/serverdedicato.lovenailsrivenditore.com\/?product=molly-nails-cat-eye-crush-rose-n-251-8ml","title":{"rendered":"MOLLY NAILS &#8211; CAT EYE &#8211; CRUSH ROSE n.251 &#8211; 8ml"},"content":{"rendered":"<section id=\"projector_productname\" class=\"product_name\">\n<div class=\"product_name__block --description\">\n<ul>\n<li>La collezione di smalti Cat Eye Glacier Crush \u00e8 un&#8217;offerta che ti dar\u00e0 una profondit\u00e0 di colore e una lucentezza che cattureranno l&#8217;attenzione con il suo effetto spettacolare.<\/li>\n<\/ul>\n<\/div>\n<\/section>\n<form id=\"projector_form\" class=\"projector_details is-validated --phone --changed\" action=\"https:\/\/b2b.gnb-lab.com\/basketchange.php?type=multiproduct\" method=\"post\" data-product_id=\"29543\" data-type=\"product_item\" data-bundle_configurator=\"false\" data-price-type=\"gross\" data-product-display-type=\"multi-variant\">\n<div class=\"projector_details__wrapper\">\n<div id=\"projector_versions_section\" class=\"projector_details__versions projector_versions --no-prices --no-multipack --no-points\" data-size=\"uniw\">\n<div class=\"projector_versions__header\"><\/div>\n<\/div>\n<\/div>\n<\/form>\n","protected":false},"excerpt":{"rendered":"<section id=\"projector_productname\" class=\"product_name\">\n<div class=\"product_name__block --description\">\n<ul>\n<li>La collezione di smalti Cat Eye Glacier Crush \u00e8 un&#8217;offerta che ti dar\u00e0 una profondit\u00e0 di colore e una lucentezza che cattureranno l&#8217;attenzione con il suo effetto spettacolare.<\/li>\n<\/ul>\n<\/div>\n<\/section>\n<form id=\"projector_form\" class=\"projector_details is-validated --phone --changed\" action=\"https:\/\/b2b.gnb-lab.com\/basketchange.php?type=multiproduct\" method=\"post\" data-product_id=\"29543\" data-type=\"product_item\" data-bundle_configurator=\"false\" data-price-type=\"gross\" data-product-display-type=\"multi-variant\">\n<div class=\"projector_details__wrapper\">\n<div id=\"projector_versions_section\" class=\"projector_details__versions projector_versions --no-prices --no-multipack --no-points\" data-size=\"uniw\">\n<div class=\"projector_versions__header\"><\/div>\n<\/div>\n<\/div>\n<\/form>\n","protected":false},"featured_media":48922,"comment_status":"closed","ping_status":"open","template":"","meta":[],"product_brand":[],"product_cat":[24,82,81,83],"product_tag":[927,103,2806],"class_list":{"0":"post-48921","1":"product","2":"type-product","3":"status-publish","4":"has-post-thumbnail","6":"product_cat-colori","7":"product_cat-colori-semipermanente","8":"product_cat-molly-lac","9":"product_cat-semipermanenti","10":"product_tag-cat-eye","11":"product_tag-cat-eyes","12":"product_tag-occhio-di-gatto","14":"first","15":"instock","16":"shipping-taxable","17":"purchasable","18":"product-type-simple"},"_links":{"self":[{"href":"https:\/\/serverdedicato.lovenailsrivenditore.com\/index.php?rest_route=\/wp\/v2\/product\/48921","targetHints":{"allow":["GET"]}}],"collection":[{"href":"https:\/\/serverdedicato.lovenailsrivenditore.com\/index.php?rest_route=\/wp\/v2\/product"}],"about":[{"href":"https:\/\/serverdedicato.lovenailsrivenditore.com\/index.php?rest_route=\/wp\/v2\/types\/product"}],"replies":[{"embeddable":true,"href":"https:\/\/serverdedicato.lovenailsrivenditore.com\/index.php?rest_route=%2Fwp%2Fv2%2Fcomments&post=48921"}],"wp:featuredmedia":[{"embeddable":true,"href":"https:\/\/serverdedicato.lovenailsrivenditore.com\/index.php?rest_route=\/wp\/v2\/media\/48922"}],"wp:attachment":[{"href":"https:\/\/serverdedicato.lovenailsrivenditore.com\/index.php?rest_route=%2Fwp%2Fv2%2Fmedia&parent=48921"}],"wp:term":[{"taxonomy":"product_brand","embeddable":true,"href":"https:\/\/serverdedicato.lovenailsrivenditore.com\/index.php?rest_route=%2Fwp%2Fv2%2Fproduct_brand&post=48921"},{"taxonomy":"product_cat","embeddable":true,"href":"https:\/\/serverdedicato.lovenailsrivenditore.com\/index.php?rest_route=%2Fwp%2Fv2%2Fproduct_cat&post=48921"},{"taxonomy":"product_tag","embeddable":true,"href":"https:\/\/serverdedicato.lovenailsrivenditore.com\/index.php?rest_route=%2Fwp%2Fv2%2Fproduct_tag&post=48921"}],"curies":[{"name":"wp","href":"https:\/\/api.w.org\/{rel}","templated":true}]}}