{"id":4899,"date":"2021-11-10T10:50:40","date_gmt":"2021-11-10T09:50:40","guid":{"rendered":"https:\/\/serverdedicato.lovenailsrivenditore.com\/?product=artistic-gel-rosy-violet-allepaznokcie-5gr"},"modified":"2026-04-17T18:44:02","modified_gmt":"2026-04-17T16:44:02","slug":"artistic-gel-rosy-violet-allepaznokcie-5gr","status":"publish","type":"product","link":"https:\/\/serverdedicato.lovenailsrivenditore.com\/?product=artistic-gel-rosy-violet-allepaznokcie-5gr","title":{"rendered":"Artistic Gel ROSY VIOLET Allepaznokcie 5gr."},"content":{"rendered":"<p>Artistic Gel \u00e8 una linea di gel color senza dispersione, super pigmentati, super coprenti e autolivellanti.<\/p>\n<p>Questa linea \u00e8 adatta soprattutto per nail art poich\u00e8 ti permetter\u00e0 di disegnare con precisione ogni minimo particolare; pu\u00f2 essere utlizzata anche per creare l\u2019effetto 3D in rilievo, grazie alla loro denist\u00e0 elevata, ricalcando il disegno appena eseguito.<\/p>\n<p>ROSY VIOLET \u00e8 un favoloso viola con una punta di fucsia al suo interno, amato ad ogni et\u00e0, super brillante.<\/p>\n<p>TEMPO DI CATALIZZAZIONE: 3min. UV- 60s LED\/DIODI.<\/p>\n","protected":false},"excerpt":{"rendered":"<p>Gel paint super pigmentato, senza dispersione, perfetto per nail art. Adatto ad ogni tipo di lavoro.<\/p>\n","protected":false},"featured_media":2490,"comment_status":"closed","ping_status":"open","template":"","meta":[],"product_brand":[],"product_cat":[24,25,691,81],"product_tag":[732,32,726,40,73],"class_list":{"0":"post-4899","1":"product","2":"type-product","3":"status-publish","4":"has-post-thumbnail","6":"product_cat-colori","7":"product_cat-gel-color","8":"product_cat-gelcolor","9":"product_cat-molly-lac","10":"product_tag-allpeaznokcie","11":"product_tag-gel-color","12":"product_tag-gel-paint","13":"product_tag-nail-art","14":"product_tag-violet","16":"first","17":"instock","18":"shipping-taxable","19":"purchasable","20":"product-type-simple"},"_links":{"self":[{"href":"https:\/\/serverdedicato.lovenailsrivenditore.com\/index.php?rest_route=\/wp\/v2\/product\/4899","targetHints":{"allow":["GET"]}}],"collection":[{"href":"https:\/\/serverdedicato.lovenailsrivenditore.com\/index.php?rest_route=\/wp\/v2\/product"}],"about":[{"href":"https:\/\/serverdedicato.lovenailsrivenditore.com\/index.php?rest_route=\/wp\/v2\/types\/product"}],"replies":[{"embeddable":true,"href":"https:\/\/serverdedicato.lovenailsrivenditore.com\/index.php?rest_route=%2Fwp%2Fv2%2Fcomments&post=4899"}],"wp:featuredmedia":[{"embeddable":true,"href":"https:\/\/serverdedicato.lovenailsrivenditore.com\/index.php?rest_route=\/wp\/v2\/media\/2490"}],"wp:attachment":[{"href":"https:\/\/serverdedicato.lovenailsrivenditore.com\/index.php?rest_route=%2Fwp%2Fv2%2Fmedia&parent=4899"}],"wp:term":[{"taxonomy":"product_brand","embeddable":true,"href":"https:\/\/serverdedicato.lovenailsrivenditore.com\/index.php?rest_route=%2Fwp%2Fv2%2Fproduct_brand&post=4899"},{"taxonomy":"product_cat","embeddable":true,"href":"https:\/\/serverdedicato.lovenailsrivenditore.com\/index.php?rest_route=%2Fwp%2Fv2%2Fproduct_cat&post=4899"},{"taxonomy":"product_tag","embeddable":true,"href":"https:\/\/serverdedicato.lovenailsrivenditore.com\/index.php?rest_route=%2Fwp%2Fv2%2Fproduct_tag&post=4899"}],"curies":[{"name":"wp","href":"https:\/\/api.w.org\/{rel}","templated":true}]}}