{"id":49085,"date":"2026-04-03T10:02:42","date_gmt":"2026-04-03T08:02:42","guid":{"rendered":"https:\/\/serverdedicato.lovenailsrivenditore.com\/?product=kodi-medium-builder-gel-n-14-13ml"},"modified":"2026-04-20T18:32:33","modified_gmt":"2026-04-20T16:32:33","slug":"kodi-medium-builder-gel-n-14-13ml","status":"publish","type":"product","link":"https:\/\/serverdedicato.lovenailsrivenditore.com\/?product=kodi-medium-builder-gel-n-14-13ml","title":{"rendered":"KODI &#8211; MEDIUM BUILDER GEL n.14 &#8211; 13ml"},"content":{"rendered":"<p>Il medium builder gel di Kodi Professional \u00e8 la scelta perfetta per professionisti che cercano un gel costruttore di alta qualit\u00e0, facile da lavorare e dal risultato impeccabile.<\/p>\n<p>La sua consistenza media garantisce un perfetto equilibrio tra controllo e fluidit\u00e0 , rendendolo ideale per l\u2019allungamento, il rinforzo dell\u2019unghia naturale e refill.<\/p>\n<p>Una delle caratteristiche principali \u00e8 la memoria tissotropica, il che lo rende perfetto per applicare il materiale sulle unghie e lavorarlo in pochi minuti.<\/p>\n<p>Grazie alla sua formula il gel assicura una durata eccezionale, evitando sollevamenti o scheggiature.<\/p>\n<p>Polimerizzazione: 90-120 secondi in lampada LED o 2 minuti in lampada UV.<\/p>\n","protected":false},"excerpt":{"rendered":"<p>Il medium builder gel di Kodi Professional \u00e8 la scelta perfetta per professionisti che cercano un gel costruttore di alta qualit\u00e0, facile da lavorare e dal risultato impeccabile.<\/p>\n<p>La sua consistenza media garantisce un perfetto equilibrio tra controllo e fluidit\u00e0 , rendendolo ideale per l\u2019allungamento, il rinforzo dell\u2019unghia naturale e refill.<\/p>\n<p>Una delle caratteristiche principali \u00e8 la memoria tissotropica, il che lo rende perfetto per applicare il materiale sulle unghie e lavorarlo in pochi minuti.<\/p>\n<p>Grazie alla sua formula il gel assicura una durata eccezionale, evitando sollevamenti o scheggiature.<\/p>\n<p>Recentemente, la linea amata da molti \u00e8 stata rinnovata con una nuova tonalit\u00e0 14 &#8211; il nude rosa latte pi\u00f9 delicato con una calda nota pesca.<\/p>\n","protected":false},"featured_media":49086,"comment_status":"closed","ping_status":"open","template":"","meta":[],"product_brand":[],"product_cat":[224,2662,223,2627,1509],"product_tag":[3163,1610,227,128],"class_list":{"0":"post-49085","1":"product","2":"type-product","3":"status-publish","4":"has-post-thumbnail","6":"product_cat-costruttori","7":"product_cat-costruttori-kodi","8":"product_cat-gel-uv","9":"product_cat-kodi","10":"product_cat-top-brand-professionali-unghie","11":"product_tag-autolivellante","12":"product_tag-builder","13":"product_tag-costruttore","14":"product_tag-medium","16":"first","17":"instock","18":"shipping-taxable","19":"purchasable","20":"product-type-simple"},"_links":{"self":[{"href":"https:\/\/serverdedicato.lovenailsrivenditore.com\/index.php?rest_route=\/wp\/v2\/product\/49085","targetHints":{"allow":["GET"]}}],"collection":[{"href":"https:\/\/serverdedicato.lovenailsrivenditore.com\/index.php?rest_route=\/wp\/v2\/product"}],"about":[{"href":"https:\/\/serverdedicato.lovenailsrivenditore.com\/index.php?rest_route=\/wp\/v2\/types\/product"}],"replies":[{"embeddable":true,"href":"https:\/\/serverdedicato.lovenailsrivenditore.com\/index.php?rest_route=%2Fwp%2Fv2%2Fcomments&post=49085"}],"wp:featuredmedia":[{"embeddable":true,"href":"https:\/\/serverdedicato.lovenailsrivenditore.com\/index.php?rest_route=\/wp\/v2\/media\/49086"}],"wp:attachment":[{"href":"https:\/\/serverdedicato.lovenailsrivenditore.com\/index.php?rest_route=%2Fwp%2Fv2%2Fmedia&parent=49085"}],"wp:term":[{"taxonomy":"product_brand","embeddable":true,"href":"https:\/\/serverdedicato.lovenailsrivenditore.com\/index.php?rest_route=%2Fwp%2Fv2%2Fproduct_brand&post=49085"},{"taxonomy":"product_cat","embeddable":true,"href":"https:\/\/serverdedicato.lovenailsrivenditore.com\/index.php?rest_route=%2Fwp%2Fv2%2Fproduct_cat&post=49085"},{"taxonomy":"product_tag","embeddable":true,"href":"https:\/\/serverdedicato.lovenailsrivenditore.com\/index.php?rest_route=%2Fwp%2Fv2%2Fproduct_tag&post=49085"}],"curies":[{"name":"wp","href":"https:\/\/api.w.org\/{rel}","templated":true}]}}