{"id":49090,"date":"2026-04-07T10:08:10","date_gmt":"2026-04-07T08:08:10","guid":{"rendered":"https:\/\/serverdedicato.lovenailsrivenditore.com\/?product=kodi-modeling-gel-glass-n-10-12ml"},"modified":"2026-04-20T18:32:36","modified_gmt":"2026-04-20T16:32:36","slug":"kodi-modeling-gel-glass-n-10-12ml","status":"publish","type":"product","link":"https:\/\/serverdedicato.lovenailsrivenditore.com\/?product=kodi-modeling-gel-glass-n-10-12ml","title":{"rendered":"KODI &#8211; MODELING GEL &#8211; GLASS n.10 &#8211; 12ml"},"content":{"rendered":"<p>Il Glass Builder Gel \u00e8 una serie di materiali professionali per unghie progettati per modellare unghie di qualsiasi forma e lunghezza. Ora la collezione, amata da maestri e clienti, \u00e8 stata rinnovata con due nuove tonalit\u00e0. Il colore n. 10 \u00e8 fucsia neon brillante.<\/p>\n<p>Il gel \u00e8 distribuito uniformemente e non si diffonde, grazie alla sua consistenza densa. \u00c8 facile e comodo da usare anche per un principiante. Ha capacit\u00e0 tixotropiche e pu\u00f2 essere semplicemente limato se necessario. Il prodotto crea un effetto &#8220;vetro bagnato&#8221; alla moda e un effetto vetro colorato sulle unghie, che attira sguardi e complimenti sulle tue mani. Il Glass Builder Gel offre una manicure duratura. Non si scheggia n\u00e9 si stacca seguendo le raccomandazioni dei nostri tecnologi.<\/p>\n<p><b>Raccomandazioni per l&#8217;uso:<\/b> Il Glass Builder Gel \u00e8 un prodotto trifase. Richiede la preapplicazione di base rubber, base aggrappente o substrato gel a 1ph<\/p>\n","protected":false},"excerpt":{"rendered":"<p>Il Glass Builder Gel \u00e8 una serie di materiali professionali per unghie progettati per modellare unghie di qualsiasi forma e lunghezza. Ora la collezione, amata da maestri e clienti, \u00e8 stata rinnovata con due nuove tonalit\u00e0. Il colore n. 10 \u00e8 fucsia neon brillante.<\/p>\n<p>Il gel \u00e8 distribuito uniformemente e non si diffonde, grazie alla sua consistenza densa. \u00c8 facile e comodo da usare anche per un principiante. Ha capacit\u00e0 tixotropiche e pu\u00f2 essere semplicemente limato se necessario. Il prodotto crea un effetto &#8220;vetro bagnato&#8221; alla moda e un effetto vetro colorato sulle unghie, che attira sguardi e complimenti sulle tue mani. Il Glass Builder Gel offre una manicure duratura. Non si scheggia n\u00e9 si stacca seguendo le raccomandazioni dei nostri tecnologi.<\/p>\n","protected":false},"featured_media":49091,"comment_status":"closed","ping_status":"open","template":"","meta":[],"product_brand":[],"product_cat":[2662,224,223,2627],"product_tag":[2033,76,3402],"class_list":{"0":"post-49090","1":"product","2":"type-product","3":"status-publish","4":"has-post-thumbnail","6":"product_cat-costruttori-kodi","7":"product_cat-costruttori","8":"product_cat-gel-uv","9":"product_cat-kodi","10":"product_tag-gel-costruttore","11":"product_tag-glass","12":"product_tag-glass-builder","14":"first","15":"instock","16":"shipping-taxable","17":"purchasable","18":"product-type-simple"},"_links":{"self":[{"href":"https:\/\/serverdedicato.lovenailsrivenditore.com\/index.php?rest_route=\/wp\/v2\/product\/49090","targetHints":{"allow":["GET"]}}],"collection":[{"href":"https:\/\/serverdedicato.lovenailsrivenditore.com\/index.php?rest_route=\/wp\/v2\/product"}],"about":[{"href":"https:\/\/serverdedicato.lovenailsrivenditore.com\/index.php?rest_route=\/wp\/v2\/types\/product"}],"replies":[{"embeddable":true,"href":"https:\/\/serverdedicato.lovenailsrivenditore.com\/index.php?rest_route=%2Fwp%2Fv2%2Fcomments&post=49090"}],"wp:featuredmedia":[{"embeddable":true,"href":"https:\/\/serverdedicato.lovenailsrivenditore.com\/index.php?rest_route=\/wp\/v2\/media\/49091"}],"wp:attachment":[{"href":"https:\/\/serverdedicato.lovenailsrivenditore.com\/index.php?rest_route=%2Fwp%2Fv2%2Fmedia&parent=49090"}],"wp:term":[{"taxonomy":"product_brand","embeddable":true,"href":"https:\/\/serverdedicato.lovenailsrivenditore.com\/index.php?rest_route=%2Fwp%2Fv2%2Fproduct_brand&post=49090"},{"taxonomy":"product_cat","embeddable":true,"href":"https:\/\/serverdedicato.lovenailsrivenditore.com\/index.php?rest_route=%2Fwp%2Fv2%2Fproduct_cat&post=49090"},{"taxonomy":"product_tag","embeddable":true,"href":"https:\/\/serverdedicato.lovenailsrivenditore.com\/index.php?rest_route=%2Fwp%2Fv2%2Fproduct_tag&post=49090"}],"curies":[{"name":"wp","href":"https:\/\/api.w.org\/{rel}","templated":true}]}}