{"id":49127,"date":"2026-04-07T10:08:10","date_gmt":"2026-04-07T08:08:10","guid":{"rendered":"https:\/\/serverdedicato.lovenailsrivenditore.com\/?product=kodi-builder-modeling-gel-pastel-n-05-30ml"},"modified":"2026-04-20T18:33:14","modified_gmt":"2026-04-20T16:33:14","slug":"kodi-builder-modeling-gel-pastel-n-05-30ml","status":"publish","type":"product","link":"https:\/\/serverdedicato.lovenailsrivenditore.com\/?product=kodi-builder-modeling-gel-pastel-n-05-30ml","title":{"rendered":"KODI &#8211; BUILDER MODELING GEL PASTEL n.05 &#8211; 30ml"},"content":{"rendered":"<p><span dir=\"auto\">Pastel Gel del famoso marchio internazionale Kodi Professional \u00e8 una nuova linea di gel colorati per modellare in delicate tonalit\u00e0 pastello. Adatto sia ai principianti che alle artiste pi\u00f9 esperte.<\/span><\/p>\n<p><span dir=\"auto\"> Il colore 05 \u00e8 un limone chiaro e rinfrescante.<\/span><\/p>\n<p><span dir=\"auto\">Il gel pu\u00f2 essere utilizzato per modellare, rinforzare e correggere le unghie. Fa parte di un sistema trifasico. Il prodotto ha una consistenza mediamente viscosa e ottime propriet\u00e0 autolivellanti. Adatto per lavori con la tecnica \u201cno filing\u201d. Non si restringe dopo la polimerizzazione.<\/span><\/p>\n","protected":false},"excerpt":{"rendered":"<p><span dir=\"auto\">Pastel Gel del famoso marchio internazionale Kodi Professional \u00e8 una nuova linea di gel colorati per modellare in delicate tonalit\u00e0 pastello. Adatto sia ai principianti che alle artiste pi\u00f9 esperte.<\/span><\/p>\n<p><span dir=\"auto\"> Il colore 05 \u00e8 un limone chiaro e rinfrescante.<\/span><\/p>\n<p><span dir=\"auto\">Il gel pu\u00f2 essere utilizzato per modellare, rinforzare e correggere le unghie. Fa parte di un sistema trifasico. Il prodotto ha una consistenza mediamente viscosa e ottime propriet\u00e0 autolivellanti. Adatto per lavori con la tecnica \u201cno filing\u201d. Non si restringe dopo la polimerizzazione.<\/span><\/p>\n","protected":false},"featured_media":49128,"comment_status":"closed","ping_status":"open","template":"","meta":[],"product_brand":[],"product_cat":[2662,224,223,2627],"product_tag":[3163,227,184,550],"class_list":{"0":"post-49127","1":"product","2":"type-product","3":"status-publish","4":"has-post-thumbnail","6":"product_cat-costruttori-kodi","7":"product_cat-costruttori","8":"product_cat-gel-uv","9":"product_cat-kodi","10":"product_tag-autolivellante","11":"product_tag-costruttore","12":"product_tag-giallo","13":"product_tag-pastello","15":"first","16":"outofstock","17":"shipping-taxable","18":"purchasable","19":"product-type-simple"},"_links":{"self":[{"href":"https:\/\/serverdedicato.lovenailsrivenditore.com\/index.php?rest_route=\/wp\/v2\/product\/49127","targetHints":{"allow":["GET"]}}],"collection":[{"href":"https:\/\/serverdedicato.lovenailsrivenditore.com\/index.php?rest_route=\/wp\/v2\/product"}],"about":[{"href":"https:\/\/serverdedicato.lovenailsrivenditore.com\/index.php?rest_route=\/wp\/v2\/types\/product"}],"replies":[{"embeddable":true,"href":"https:\/\/serverdedicato.lovenailsrivenditore.com\/index.php?rest_route=%2Fwp%2Fv2%2Fcomments&post=49127"}],"wp:featuredmedia":[{"embeddable":true,"href":"https:\/\/serverdedicato.lovenailsrivenditore.com\/index.php?rest_route=\/wp\/v2\/media\/49128"}],"wp:attachment":[{"href":"https:\/\/serverdedicato.lovenailsrivenditore.com\/index.php?rest_route=%2Fwp%2Fv2%2Fmedia&parent=49127"}],"wp:term":[{"taxonomy":"product_brand","embeddable":true,"href":"https:\/\/serverdedicato.lovenailsrivenditore.com\/index.php?rest_route=%2Fwp%2Fv2%2Fproduct_brand&post=49127"},{"taxonomy":"product_cat","embeddable":true,"href":"https:\/\/serverdedicato.lovenailsrivenditore.com\/index.php?rest_route=%2Fwp%2Fv2%2Fproduct_cat&post=49127"},{"taxonomy":"product_tag","embeddable":true,"href":"https:\/\/serverdedicato.lovenailsrivenditore.com\/index.php?rest_route=%2Fwp%2Fv2%2Fproduct_tag&post=49127"}],"curies":[{"name":"wp","href":"https:\/\/api.w.org\/{rel}","templated":true}]}}