{"id":4955,"date":"2021-11-11T13:17:07","date_gmt":"2021-11-11T12:17:07","guid":{"rendered":"https:\/\/serverdedicato.lovenailsrivenditore.com\/?product=578-bond-girl-5ml-molly-lac"},"modified":"2026-04-17T18:44:22","modified_gmt":"2026-04-17T16:44:22","slug":"578-bond-girl-5ml-molly-lac","status":"publish","type":"product","link":"https:\/\/serverdedicato.lovenailsrivenditore.com\/?product=578-bond-girl-5ml-molly-lac","title":{"rendered":"578 Bond Girl 5ml. Molly Lac"},"content":{"rendered":"<p><span>Una collezione unica e altamente scintillante di colori appositamente selezionati per donne eccezionali.\u00a0<\/span><strong><span>Born To Glow<\/span><\/strong><span>\u00a0\u00e8 il trend pi\u00f9 hot della stagione, cos\u00ec come i colori senza tempo che utilizzerai per ogni occasione.<\/span><\/p>\n<p><strong><span>578\u00a0\u00a0<\/span><\/strong><strong><span>Bond Girl<\/span><\/strong><strong>\u00a0<\/strong><span> Il pi\u00f9 interessante e allo stesso tempo il pi\u00f9 spettacolare dei colori della collezione, \u00e8 un mix di argento e oro con paillettes olografiche.<\/span><\/p>\n<p><span>Un must assoluto per ogni stagione. Immergiti nell&#8217;abisso di un milione di particelle scintillanti!\u00a0<\/span><\/p>\n","protected":false},"excerpt":{"rendered":"<p><strong>578\u00a0\u00a0<\/strong><strong>Bond Girl<\/strong><strong>\u00a0<\/strong> Il pi\u00f9 interessante e allo stesso tempo il pi\u00f9 spettacolare dei colori della collezione, \u00e8 un mix di argento e oro con paillettes olografiche.<\/p>\n","protected":false},"featured_media":2589,"comment_status":"closed","ping_status":"open","template":"","meta":[],"product_brand":[],"product_cat":[24,82,81,83],"product_tag":[754,26,84,578,86],"class_list":{"0":"post-4955","1":"product","2":"type-product","3":"status-publish","4":"has-post-thumbnail","6":"product_cat-colori","7":"product_cat-colori-semipermanente","8":"product_cat-molly-lac","9":"product_cat-semipermanenti","10":"product_tag-bond-girl","11":"product_tag-colore","12":"product_tag-molly-lac","13":"product_tag-nail-art-0","14":"product_tag-semipermanente","16":"first","17":"instock","18":"shipping-taxable","19":"purchasable","20":"product-type-simple"},"_links":{"self":[{"href":"https:\/\/serverdedicato.lovenailsrivenditore.com\/index.php?rest_route=\/wp\/v2\/product\/4955","targetHints":{"allow":["GET"]}}],"collection":[{"href":"https:\/\/serverdedicato.lovenailsrivenditore.com\/index.php?rest_route=\/wp\/v2\/product"}],"about":[{"href":"https:\/\/serverdedicato.lovenailsrivenditore.com\/index.php?rest_route=\/wp\/v2\/types\/product"}],"replies":[{"embeddable":true,"href":"https:\/\/serverdedicato.lovenailsrivenditore.com\/index.php?rest_route=%2Fwp%2Fv2%2Fcomments&post=4955"}],"wp:featuredmedia":[{"embeddable":true,"href":"https:\/\/serverdedicato.lovenailsrivenditore.com\/index.php?rest_route=\/wp\/v2\/media\/2589"}],"wp:attachment":[{"href":"https:\/\/serverdedicato.lovenailsrivenditore.com\/index.php?rest_route=%2Fwp%2Fv2%2Fmedia&parent=4955"}],"wp:term":[{"taxonomy":"product_brand","embeddable":true,"href":"https:\/\/serverdedicato.lovenailsrivenditore.com\/index.php?rest_route=%2Fwp%2Fv2%2Fproduct_brand&post=4955"},{"taxonomy":"product_cat","embeddable":true,"href":"https:\/\/serverdedicato.lovenailsrivenditore.com\/index.php?rest_route=%2Fwp%2Fv2%2Fproduct_cat&post=4955"},{"taxonomy":"product_tag","embeddable":true,"href":"https:\/\/serverdedicato.lovenailsrivenditore.com\/index.php?rest_route=%2Fwp%2Fv2%2Fproduct_tag&post=4955"}],"curies":[{"name":"wp","href":"https:\/\/api.w.org\/{rel}","templated":true}]}}