{"id":49581,"date":"2026-04-14T10:33:00","date_gmt":"2026-04-14T08:33:00","guid":{"rendered":"https:\/\/serverdedicato.lovenailsrivenditore.com\/?product=dark-top-no-wipe-15ml"},"modified":"2026-04-20T18:40:14","modified_gmt":"2026-04-20T16:40:14","slug":"dark-top-no-wipe-15ml","status":"publish","type":"product","link":"https:\/\/serverdedicato.lovenailsrivenditore.com\/?product=dark-top-no-wipe-15ml","title":{"rendered":"DARK &#8211; TOP NO WIPE &#8211; 15ml"},"content":{"rendered":"<h4>DARK TOP NO WIPE \u00e8 un top trasparente senza strato di dispersione con filtro UV, pensato per tonalit\u00e0 chiare.<\/h4>\n<h4>La sua formula garantisce una lucentezza impeccabile e protegge il colore dallo sbiadimento, ideale per colori chiari. Compatibile con gel e rivestimenti ibridi, offre brillantezza fino a 4 settimane, previene ingiallimento e affievolimento grazie al filtro UV.<\/h4>\n<h4>Ha una consistenza confortevole e autolivellante, non \u00e8 difficile da applicare e riduce il rischio di scheggiature.<\/h4>\n<h4>Polimerizza in 90-120 secondi a 48W, pu\u00f2 essere steso in strato sottile o con allineamento della luce e richiede l\u2019uso di lampade originali.<\/h4>\n<h4>Su toni scuri pu\u00f2 dare una lieve sfumatura blu.<\/h4>\n<h4>Non pulire le unghie finch\u00e9 il top non si \u00e8 raffreddato (3-5 minuti) e si pu\u00f2 limare il bordo libero dopo l\u2019applicazione.<\/h4>\n","protected":false},"excerpt":{"rendered":"<h4>DARK TOP NO WIPE \u00e8 un top trasparente senza strato di dispersione con filtro UV, pensato per tonalit\u00e0 chiare.<\/h4>\n<h4>La sua formula garantisce una lucentezza impeccabile e protegge il colore dallo sbiadimento, ideale per colori chiari. Compatibile con gel e rivestimenti ibridi, offre brillantezza fino a 4 settimane, previene ingiallimento e affievolimento grazie al filtro UV.<\/h4>\n","protected":false},"featured_media":49582,"comment_status":"closed","ping_status":"open","template":"","meta":[],"product_brand":[],"product_cat":[3178,3180,202],"product_tag":[3423,1607,1577],"class_list":{"0":"post-49581","1":"product","2":"type-product","3":"status-publish","4":"has-post-thumbnail","6":"product_cat-dark","7":"product_cat-finish-dark","8":"product_cat-finish","9":"product_tag-top-dark","10":"product_tag-top-no-wipe","11":"product_tag-top-senza-dispersione","13":"first","14":"instock","15":"shipping-taxable","16":"purchasable","17":"product-type-simple"},"_links":{"self":[{"href":"https:\/\/serverdedicato.lovenailsrivenditore.com\/index.php?rest_route=\/wp\/v2\/product\/49581","targetHints":{"allow":["GET"]}}],"collection":[{"href":"https:\/\/serverdedicato.lovenailsrivenditore.com\/index.php?rest_route=\/wp\/v2\/product"}],"about":[{"href":"https:\/\/serverdedicato.lovenailsrivenditore.com\/index.php?rest_route=\/wp\/v2\/types\/product"}],"replies":[{"embeddable":true,"href":"https:\/\/serverdedicato.lovenailsrivenditore.com\/index.php?rest_route=%2Fwp%2Fv2%2Fcomments&post=49581"}],"wp:featuredmedia":[{"embeddable":true,"href":"https:\/\/serverdedicato.lovenailsrivenditore.com\/index.php?rest_route=\/wp\/v2\/media\/49582"}],"wp:attachment":[{"href":"https:\/\/serverdedicato.lovenailsrivenditore.com\/index.php?rest_route=%2Fwp%2Fv2%2Fmedia&parent=49581"}],"wp:term":[{"taxonomy":"product_brand","embeddable":true,"href":"https:\/\/serverdedicato.lovenailsrivenditore.com\/index.php?rest_route=%2Fwp%2Fv2%2Fproduct_brand&post=49581"},{"taxonomy":"product_cat","embeddable":true,"href":"https:\/\/serverdedicato.lovenailsrivenditore.com\/index.php?rest_route=%2Fwp%2Fv2%2Fproduct_cat&post=49581"},{"taxonomy":"product_tag","embeddable":true,"href":"https:\/\/serverdedicato.lovenailsrivenditore.com\/index.php?rest_route=%2Fwp%2Fv2%2Fproduct_tag&post=49581"}],"curies":[{"name":"wp","href":"https:\/\/api.w.org\/{rel}","templated":true}]}}