{"id":5005,"date":"2021-11-12T16:26:13","date_gmt":"2021-11-12T15:26:13","guid":{"rendered":"https:\/\/serverdedicato.lovenailsrivenditore.com\/?product=526-carmel-10ml-molly-lac"},"modified":"2026-04-17T18:44:42","modified_gmt":"2026-04-17T16:44:42","slug":"526-carmel-10ml-molly-lac","status":"publish","type":"product","link":"https:\/\/serverdedicato.lovenailsrivenditore.com\/?product=526-carmel-10ml-molly-lac","title":{"rendered":"526 Carmel 10ml. Molly Lac"},"content":{"rendered":"<p>Collezione I&#8217;m The Nudelover!<\/p>\n<p>Tantissime tonalit\u00e0 di nude che accontenter\u00e0 tutti!<\/p>\n<p>Troverai tantissime tonalit\u00e0 di Nude, dal pi\u00f9 chiaro al pi\u00f9 scuro, da quello freddo a quello caldo&#8230;insomma, per tutte le esigenze!<\/p>\n<p><strong>526. Carmel &#8211;<\/strong> caramello forte con un tocco di cannella. Non lasciarti ingannare dal suo aspetto dolce.\u00a0Questo \u00e8 un colore molto sofisticato per clienti esigenti, ma anche molto sbarazzino per tutte le persone che amano la spensieratezza!<\/p>\n","protected":false},"excerpt":{"rendered":"<p><strong><span>526. Carmel &#8211;<\/span><\/strong><span> caramello forte con un tocco di cannella. Non lasciarti ingannare dal suo aspetto dolce.\u00a0Questo \u00e8 un colore molto sofisticato per clienti esigenti, ma anche molto sbarazzino per tutte le persone che amano la spensieratezza!<\/span><\/p>\n","protected":false},"featured_media":2672,"comment_status":"closed","ping_status":"open","template":"","meta":[],"product_brand":[],"product_cat":[24,82,81,83],"product_tag":[26,526,84,234,772],"class_list":{"0":"post-5005","1":"product","2":"type-product","3":"status-publish","4":"has-post-thumbnail","6":"product_cat-colori","7":"product_cat-colori-semipermanente","8":"product_cat-molly-lac","9":"product_cat-semipermanenti","10":"product_tag-colore","11":"product_tag-esagonali","12":"product_tag-molly-lac","13":"product_tag-nude","14":"product_tag-semipermanene","16":"first","17":"instock","18":"shipping-taxable","19":"purchasable","20":"product-type-simple"},"_links":{"self":[{"href":"https:\/\/serverdedicato.lovenailsrivenditore.com\/index.php?rest_route=\/wp\/v2\/product\/5005","targetHints":{"allow":["GET"]}}],"collection":[{"href":"https:\/\/serverdedicato.lovenailsrivenditore.com\/index.php?rest_route=\/wp\/v2\/product"}],"about":[{"href":"https:\/\/serverdedicato.lovenailsrivenditore.com\/index.php?rest_route=\/wp\/v2\/types\/product"}],"replies":[{"embeddable":true,"href":"https:\/\/serverdedicato.lovenailsrivenditore.com\/index.php?rest_route=%2Fwp%2Fv2%2Fcomments&post=5005"}],"wp:featuredmedia":[{"embeddable":true,"href":"https:\/\/serverdedicato.lovenailsrivenditore.com\/index.php?rest_route=\/wp\/v2\/media\/2672"}],"wp:attachment":[{"href":"https:\/\/serverdedicato.lovenailsrivenditore.com\/index.php?rest_route=%2Fwp%2Fv2%2Fmedia&parent=5005"}],"wp:term":[{"taxonomy":"product_brand","embeddable":true,"href":"https:\/\/serverdedicato.lovenailsrivenditore.com\/index.php?rest_route=%2Fwp%2Fv2%2Fproduct_brand&post=5005"},{"taxonomy":"product_cat","embeddable":true,"href":"https:\/\/serverdedicato.lovenailsrivenditore.com\/index.php?rest_route=%2Fwp%2Fv2%2Fproduct_cat&post=5005"},{"taxonomy":"product_tag","embeddable":true,"href":"https:\/\/serverdedicato.lovenailsrivenditore.com\/index.php?rest_route=%2Fwp%2Fv2%2Fproduct_tag&post=5005"}],"curies":[{"name":"wp","href":"https:\/\/api.w.org\/{rel}","templated":true}]}}