{"id":5148,"date":"2021-11-18T14:03:52","date_gmt":"2021-11-18T13:03:52","guid":{"rendered":"https:\/\/serverdedicato.lovenailsrivenditore.com\/?product=617-flashing-lights-metal-rain-5ml-molly-lac"},"modified":"2026-04-17T18:45:38","modified_gmt":"2026-04-17T16:45:38","slug":"617-flashing-lights-metal-rain-5ml-molly-lac","status":"publish","type":"product","link":"https:\/\/serverdedicato.lovenailsrivenditore.com\/?product=617-flashing-lights-metal-rain-5ml-molly-lac","title":{"rendered":"617 Flashing Lights Metal Rain 5ml Molly Lac"},"content":{"rendered":"<p>La collezione di colori sofisticati di MollyLac nasconde due facce.<\/p>\n<p>La prima \u00e8 una versione fumosa del colore con una fine polvere di stelle.<br \/>\nIl secondo, a sua volta, mostra milioni di particelle d\u2019argento scintillanti bagnate da splendidi colori. Quale versione sar\u00e0 visibile dipende solo dalla luce e dalla sua intensit\u00e0!<br \/>\n9 colori intriganti con una polvere argentea unica sono una proposta unica per una manicure estiva. Colori estremamente universali: saranno assolutamente perfetti per ogni occasione! Cambia il tuo look per una manicure e lucentezza! Milioni di particelle di diamanti racchiusi in una bottiglia di design ti faranno sentire una vera star di Hollywood sul tappeto rosso! I colori apparentemente scuri e ovattati aprono le loro ali con un po\u2019 di luce, che accende in loro una nuova, scintillante vita!<\/p>\n<p>617 <strong>\u00a0<\/strong>un\u00a0cielo scintillante pieno di stelle cadenti.\u00a0\u00e8 cos\u00ec che puoi descrivere questo colore unico, che piacer\u00e0 sicuramente a tutti gli appassionati di colori non ovvi.<\/p>\n","protected":false},"excerpt":{"rendered":"<p>617 <strong>\u00a0<\/strong>un\u00a0cielo scintillante pieno di stelle cadenti.\u00a0\u00e8 cos\u00ec che puoi descrivere questo colore unico, che piacer\u00e0 sicuramente a tutti gli appassionati di colori non ovvi.<\/p>\n","protected":false},"featured_media":2911,"comment_status":"closed","ping_status":"open","template":"","meta":[],"product_brand":[],"product_cat":[24,82,81,83],"product_tag":[26,682,350,84,86],"class_list":{"0":"post-5148","1":"product","2":"type-product","3":"status-publish","4":"has-post-thumbnail","6":"product_cat-colori","7":"product_cat-colori-semipermanente","8":"product_cat-molly-lac","9":"product_cat-semipermanenti","10":"product_tag-colore","11":"product_tag-flashing-lights","12":"product_tag-glitter","13":"product_tag-molly-lac","14":"product_tag-semipermanente","16":"first","17":"instock","18":"shipping-taxable","19":"purchasable","20":"product-type-simple"},"_links":{"self":[{"href":"https:\/\/serverdedicato.lovenailsrivenditore.com\/index.php?rest_route=\/wp\/v2\/product\/5148","targetHints":{"allow":["GET"]}}],"collection":[{"href":"https:\/\/serverdedicato.lovenailsrivenditore.com\/index.php?rest_route=\/wp\/v2\/product"}],"about":[{"href":"https:\/\/serverdedicato.lovenailsrivenditore.com\/index.php?rest_route=\/wp\/v2\/types\/product"}],"replies":[{"embeddable":true,"href":"https:\/\/serverdedicato.lovenailsrivenditore.com\/index.php?rest_route=%2Fwp%2Fv2%2Fcomments&post=5148"}],"wp:featuredmedia":[{"embeddable":true,"href":"https:\/\/serverdedicato.lovenailsrivenditore.com\/index.php?rest_route=\/wp\/v2\/media\/2911"}],"wp:attachment":[{"href":"https:\/\/serverdedicato.lovenailsrivenditore.com\/index.php?rest_route=%2Fwp%2Fv2%2Fmedia&parent=5148"}],"wp:term":[{"taxonomy":"product_brand","embeddable":true,"href":"https:\/\/serverdedicato.lovenailsrivenditore.com\/index.php?rest_route=%2Fwp%2Fv2%2Fproduct_brand&post=5148"},{"taxonomy":"product_cat","embeddable":true,"href":"https:\/\/serverdedicato.lovenailsrivenditore.com\/index.php?rest_route=%2Fwp%2Fv2%2Fproduct_cat&post=5148"},{"taxonomy":"product_tag","embeddable":true,"href":"https:\/\/serverdedicato.lovenailsrivenditore.com\/index.php?rest_route=%2Fwp%2Fv2%2Fproduct_tag&post=5148"}],"curies":[{"name":"wp","href":"https:\/\/api.w.org\/{rel}","templated":true}]}}