{"id":5229,"date":"2021-12-07T10:22:58","date_gmt":"2021-12-07T09:22:58","guid":{"rendered":"https:\/\/serverdedicato.lovenailsrivenditore.com\/?product=porcelain-sparkle-gel-50ml-natural-pink-molly-lac"},"modified":"2026-04-17T18:46:08","modified_gmt":"2026-04-17T16:46:08","slug":"porcelain-sparkle-gel-50ml-natural-pink-molly-lac","status":"publish","type":"product","link":"https:\/\/serverdedicato.lovenailsrivenditore.com\/?product=porcelain-sparkle-gel-50ml-natural-pink-molly-lac","title":{"rendered":"Porcelain Sparkle Gel 50ml. Natural Pink Molly Lac"},"content":{"rendered":"<p>Nuovissimo gel costruttore.<\/p>\n<p>\u00c8 caratterizzato da durezza, durata e versatilit\u00e0.<\/p>\n<p>GEL TRIFASICO.<\/p>\n<p>Le particelle contenute nel gel gli conferiscono uno scintillio unico e consentono di ottenere una struttura eccezionale.<\/p>\n<p>Sar\u00e0 la scelta migliore per unghie fragili, sottili o esigenti. Il lavoro confortevole, la preparazione rapida e l\u2019aspetto sano dell\u2019unghia fornita dal gel garantiscono la soddisfazione del cliente, nonch\u00e9 praticit\u00e0 e velocit\u00e0 della manicure. Puoi usarlo quando lavori con un unghia naturale e anche per allungamenti.<\/p>\n<p>Luccicante da vicino e uniforme da lontano!\u00a0Il gel si distingue per l\u2019eleganza e la durata della vera porcellana.<\/p>\n<p><strong>Perch\u00e9 devi averlo?<\/strong><\/p>\n<ul>\n<li>Il gel non si allunga quando lo si rimuove dal contenitore.<\/li>\n<li>\u00e8 consigliabile utilizzare la base X-Bond sotto il gel.<\/li>\n<li>Il gel \u00e8 adatto per allungare e ricostruire unghie.<\/li>\n<li>Il gel si armonizza con il calore della mano, che facilita il rapido livellamento del prodotto.<\/li>\n<li>Apparentemente denso, perfettamente livellante in pratica.<\/li>\n<li>Tiene la pinzatura e non si rompe, anche con uno scheletro sottile.<\/li>\n<li>Riduce il tempo di lavoro fino a 1\/3 del tempo.<\/li>\n<li>Grazie alle sue caratteristiche Il gel accelera notevolmente i tempi.<\/li>\n<li>Ha la consistenza perfetta e le propriet\u00e0 estreme per poter lavorare al meglio.<\/li>\n<li>Il gel stesso \u00e8 un colore, adattissimo per il babyboomer e la french manicure.<\/li>\n<li><strong>Sparkle Gel<\/strong>\u00a0\u00e8 il prodotto perfetto per qualsiasi occasione.<\/li>\n<li>Disponibile in 3 tenui colorazioni.<\/li>\n<\/ul>\n<p><strong>Inoltre:<\/strong><\/p>\n<ul>\n<li>Si pu\u00f2 pinzare dopo 7-10 sec.<\/li>\n<li>Il gel \u00e8 facile da limare e non richiede una lunga lavorazione.<\/li>\n<\/ul>\n","protected":false},"excerpt":{"rendered":"<p>Nuovissimo gel costruttore.<\/p>\n<p>\u00c8 caratterizzato da durezza, durata e versatilit\u00e0.<\/p>\n<p>Le particelle contenute nel gel gli conferiscono uno scintillio unico e consentono di ottenere una struttura eccezionale.<\/p>\n<p>Sar\u00e0 la scelta migliore per unghie fragili, sottili o esigenti. Il lavoro confortevole, la preparazione rapida e l\u2019aspetto sano dell\u2019unghia fornita dal gel garantiscono la soddisfazione del cliente, nonch\u00e9 praticit\u00e0 e velocit\u00e0 della manicure. Puoi usarlo quando lavori con un unghia naturale e anche per allungamenti.<\/p>\n<p>Luccicante da vicino e uniforme da lontano! Il gel si distingue per l\u2019eleganza e la durata della vera porcellana.<\/p>\n","protected":false},"featured_media":3038,"comment_status":"closed","ping_status":"open","template":"","meta":[],"product_brand":[],"product_cat":[225,224,223,81],"product_tag":[227,75,84,723],"class_list":{"0":"post-5229","1":"product","2":"type-product","3":"status-publish","4":"has-post-thumbnail","6":"product_cat-costruttori-molly-lac","7":"product_cat-costruttori","8":"product_cat-gel-uv","9":"product_cat-molly-lac","10":"product_tag-costruttore","11":"product_tag-gel","12":"product_tag-molly-lac","13":"product_tag-uv","15":"first","16":"instock","17":"shipping-taxable","18":"purchasable","19":"product-type-simple"},"_links":{"self":[{"href":"https:\/\/serverdedicato.lovenailsrivenditore.com\/index.php?rest_route=\/wp\/v2\/product\/5229","targetHints":{"allow":["GET"]}}],"collection":[{"href":"https:\/\/serverdedicato.lovenailsrivenditore.com\/index.php?rest_route=\/wp\/v2\/product"}],"about":[{"href":"https:\/\/serverdedicato.lovenailsrivenditore.com\/index.php?rest_route=\/wp\/v2\/types\/product"}],"replies":[{"embeddable":true,"href":"https:\/\/serverdedicato.lovenailsrivenditore.com\/index.php?rest_route=%2Fwp%2Fv2%2Fcomments&post=5229"}],"wp:featuredmedia":[{"embeddable":true,"href":"https:\/\/serverdedicato.lovenailsrivenditore.com\/index.php?rest_route=\/wp\/v2\/media\/3038"}],"wp:attachment":[{"href":"https:\/\/serverdedicato.lovenailsrivenditore.com\/index.php?rest_route=%2Fwp%2Fv2%2Fmedia&parent=5229"}],"wp:term":[{"taxonomy":"product_brand","embeddable":true,"href":"https:\/\/serverdedicato.lovenailsrivenditore.com\/index.php?rest_route=%2Fwp%2Fv2%2Fproduct_brand&post=5229"},{"taxonomy":"product_cat","embeddable":true,"href":"https:\/\/serverdedicato.lovenailsrivenditore.com\/index.php?rest_route=%2Fwp%2Fv2%2Fproduct_cat&post=5229"},{"taxonomy":"product_tag","embeddable":true,"href":"https:\/\/serverdedicato.lovenailsrivenditore.com\/index.php?rest_route=%2Fwp%2Fv2%2Fproduct_tag&post=5229"}],"curies":[{"name":"wp","href":"https:\/\/api.w.org\/{rel}","templated":true}]}}