{"id":7785,"date":"2022-11-16T16:40:08","date_gmt":"2022-11-16T15:40:08","guid":{"rendered":"https:\/\/serverdedicato.lovenailsrivenditore.com\/?product=extra-top-monika-mielniczuk-10ml-molly-lac"},"modified":"2026-04-17T19:03:52","modified_gmt":"2026-04-17T17:03:52","slug":"extra-top-monika-mielniczuk-10ml-molly-lac","status":"publish","type":"product","link":"https:\/\/serverdedicato.lovenailsrivenditore.com\/?product=extra-top-monika-mielniczuk-10ml-molly-lac","title":{"rendered":"Extra Top Monika Mielniczuk 10ml Molly Lac"},"content":{"rendered":"<p>Extra top \u00e8 un finish senza dispersione che non si screpola e mantiene la sua brillantezza per 4 settimane! <\/p>\n<p>Perch\u00e9 Extra?<br \/>\nAnche se \u00e8 senza dispersione consigliamo di sgrassarlo comunque con alcool per dare maggior lucidit\u00e0.<br \/>\nLa superficie impeccabile protegge lo styling da scolorimento e graffi.<br \/>\nLa formula chimica del prodotto blocca efficacemente i raggi del sole e protegge i colori dalla perdita di pigmento, protegge anche i colori brillanti e non scolorisce il nero.<br \/>\nUna consistenza sottile e un pennello unico disegnato da Monika Mielniczuk , che \u00e8 gi\u00e0 stato amato da migliaia di clienti, creano un duo perfetto che render\u00e0 la tua applicazione il pi\u00f9 semplice possibile.<br \/>\nCaratteristiche superiori extra :<br \/>\nflessibile<br \/>\nfornisce un perfetto effetto specchio che dura fino a 4 settimane<br \/>\nha un pennello perfettamente rifinito che rende l&#8217;applicazione il pi\u00f9 semplice possibile<br \/>\nnon ingiallisce<br \/>\nnon scorre sulle cuticole e non le allaga<br \/>\nnon si rompe<br \/>\nresistente a sollecitazioni e danni meccanici, graffi<br \/>\n\u00e8 un polimero ad altissima reticolazione, che ne garantisce la massima resistenza<br \/>\nmostra una tensione superficiale molto elevata<br \/>\n\u00e8 raro<br \/>\nnon arieggia durante l&#8217;applicazione<br \/>\n\u00e8 ideale per decorazioni miste, per strofinare e proteggere dalla polvere.<\/p>\n","protected":false},"excerpt":{"rendered":"<p>Extra top \u00e8 un finish senza dispersione che non si screpola e mantiene la sua brillantezza per 4 settimane!<\/p>\n","protected":false},"featured_media":7786,"comment_status":"closed","ping_status":"open","template":"","meta":[],"product_brand":[],"product_cat":[202,203,81],"product_tag":[1158,1159,634,662,84,1160,270],"class_list":{"0":"post-7785","1":"product","2":"type-product","3":"status-publish","4":"has-post-thumbnail","6":"product_cat-finish","7":"product_cat-finish-molly-lac","8":"product_cat-molly-lac","9":"product_tag-extra","10":"product_tag-extra-top","11":"product_tag-finish","12":"product_tag-lucido","13":"product_tag-molly-lac","14":"product_tag-monika-mielniczuk","15":"product_tag-top","17":"first","18":"instock","19":"shipping-taxable","20":"purchasable","21":"product-type-simple"},"_links":{"self":[{"href":"https:\/\/serverdedicato.lovenailsrivenditore.com\/index.php?rest_route=\/wp\/v2\/product\/7785","targetHints":{"allow":["GET"]}}],"collection":[{"href":"https:\/\/serverdedicato.lovenailsrivenditore.com\/index.php?rest_route=\/wp\/v2\/product"}],"about":[{"href":"https:\/\/serverdedicato.lovenailsrivenditore.com\/index.php?rest_route=\/wp\/v2\/types\/product"}],"replies":[{"embeddable":true,"href":"https:\/\/serverdedicato.lovenailsrivenditore.com\/index.php?rest_route=%2Fwp%2Fv2%2Fcomments&post=7785"}],"wp:featuredmedia":[{"embeddable":true,"href":"https:\/\/serverdedicato.lovenailsrivenditore.com\/index.php?rest_route=\/wp\/v2\/media\/7786"}],"wp:attachment":[{"href":"https:\/\/serverdedicato.lovenailsrivenditore.com\/index.php?rest_route=%2Fwp%2Fv2%2Fmedia&parent=7785"}],"wp:term":[{"taxonomy":"product_brand","embeddable":true,"href":"https:\/\/serverdedicato.lovenailsrivenditore.com\/index.php?rest_route=%2Fwp%2Fv2%2Fproduct_brand&post=7785"},{"taxonomy":"product_cat","embeddable":true,"href":"https:\/\/serverdedicato.lovenailsrivenditore.com\/index.php?rest_route=%2Fwp%2Fv2%2Fproduct_cat&post=7785"},{"taxonomy":"product_tag","embeddable":true,"href":"https:\/\/serverdedicato.lovenailsrivenditore.com\/index.php?rest_route=%2Fwp%2Fv2%2Fproduct_tag&post=7785"}],"curies":[{"name":"wp","href":"https:\/\/api.w.org\/{rel}","templated":true}]}}