{"id":7876,"date":"2022-11-18T12:52:09","date_gmt":"2022-11-18T11:52:09","guid":{"rendered":"https:\/\/serverdedicato.lovenailsrivenditore.com\/?product=velvet-effect-06-allepaznokcie"},"modified":"2026-04-17T19:04:28","modified_gmt":"2026-04-17T17:04:28","slug":"velvet-effect-06-allepaznokcie","status":"publish","type":"product","link":"https:\/\/serverdedicato.lovenailsrivenditore.com\/?product=velvet-effect-06-allepaznokcie","title":{"rendered":"Velvet Effect 06 Allepaznokcie"},"content":{"rendered":"<p>\u00c8 il momento di un effetto unico che enfatizzi il potere della femminilit\u00e0 e del sex appeal: \u00e8 il momento della morbidezza del tuo styling Velvet .<br \/>\nEffetto zucchero super sottile e luccicante.<br \/>\n06 rosa antico.<\/p>\n","protected":false},"excerpt":{"rendered":"<p>Effetto zucchero super sottile e luccicante.<\/p>\n","protected":false},"featured_media":7877,"comment_status":"closed","ping_status":"open","template":"","meta":[],"product_brand":[],"product_cat":[35,514],"product_tag":[252,516,350,1170],"class_list":{"0":"post-7876","1":"product","2":"type-product","3":"status-publish","4":"has-post-thumbnail","6":"product_cat-decorazioni","7":"product_cat-glitter","8":"product_tag-allepaznokcie","9":"product_tag-effetto-zucchero","10":"product_tag-glitter","11":"product_tag-velvet-effect","13":"first","14":"instock","15":"shipping-taxable","16":"purchasable","17":"product-type-simple"},"_links":{"self":[{"href":"https:\/\/serverdedicato.lovenailsrivenditore.com\/index.php?rest_route=\/wp\/v2\/product\/7876","targetHints":{"allow":["GET"]}}],"collection":[{"href":"https:\/\/serverdedicato.lovenailsrivenditore.com\/index.php?rest_route=\/wp\/v2\/product"}],"about":[{"href":"https:\/\/serverdedicato.lovenailsrivenditore.com\/index.php?rest_route=\/wp\/v2\/types\/product"}],"replies":[{"embeddable":true,"href":"https:\/\/serverdedicato.lovenailsrivenditore.com\/index.php?rest_route=%2Fwp%2Fv2%2Fcomments&post=7876"}],"wp:featuredmedia":[{"embeddable":true,"href":"https:\/\/serverdedicato.lovenailsrivenditore.com\/index.php?rest_route=\/wp\/v2\/media\/7877"}],"wp:attachment":[{"href":"https:\/\/serverdedicato.lovenailsrivenditore.com\/index.php?rest_route=%2Fwp%2Fv2%2Fmedia&parent=7876"}],"wp:term":[{"taxonomy":"product_brand","embeddable":true,"href":"https:\/\/serverdedicato.lovenailsrivenditore.com\/index.php?rest_route=%2Fwp%2Fv2%2Fproduct_brand&post=7876"},{"taxonomy":"product_cat","embeddable":true,"href":"https:\/\/serverdedicato.lovenailsrivenditore.com\/index.php?rest_route=%2Fwp%2Fv2%2Fproduct_cat&post=7876"},{"taxonomy":"product_tag","embeddable":true,"href":"https:\/\/serverdedicato.lovenailsrivenditore.com\/index.php?rest_route=%2Fwp%2Fv2%2Fproduct_tag&post=7876"}],"curies":[{"name":"wp","href":"https:\/\/api.w.org\/{rel}","templated":true}]}}