{"id":7915,"date":"2022-11-18T13:32:53","date_gmt":"2022-11-18T12:32:53","guid":{"rendered":"https:\/\/serverdedicato.lovenailsrivenditore.com\/?product=velvet-effect-15-allepanzokcie"},"modified":"2026-04-17T19:04:50","modified_gmt":"2026-04-17T17:04:50","slug":"velvet-effect-15-allepanzokcie","status":"publish","type":"product","link":"https:\/\/serverdedicato.lovenailsrivenditore.com\/?product=velvet-effect-15-allepanzokcie","title":{"rendered":"Velvet Effect 15 Allepanzokcie"},"content":{"rendered":"<p>\u00c8 il momento di un effetto unico che enfatizzi il potere della femminilit\u00e0 e del sex appeal: \u00e8 il momento della morbidezza del tuo styling Velvet .<br \/>\nEffetto zucchero super sottile e luccicante.<br \/>\n15 blu navy.<\/p>\n","protected":false},"excerpt":{"rendered":"<p>Effetto zucchero super sottile e luccicante.<\/p>\n","protected":false},"featured_media":7916,"comment_status":"closed","ping_status":"open","template":"","meta":[],"product_brand":[],"product_cat":[35,514],"product_tag":[252,192,516,350,1168],"class_list":{"0":"post-7915","1":"product","2":"type-product","3":"status-publish","4":"has-post-thumbnail","6":"product_cat-decorazioni","7":"product_cat-glitter","8":"product_tag-allepaznokcie","9":"product_tag-blu","10":"product_tag-effetto-zucchero","11":"product_tag-glitter","12":"product_tag-zucchero","14":"first","15":"instock","16":"shipping-taxable","17":"purchasable","18":"product-type-simple"},"_links":{"self":[{"href":"https:\/\/serverdedicato.lovenailsrivenditore.com\/index.php?rest_route=\/wp\/v2\/product\/7915","targetHints":{"allow":["GET"]}}],"collection":[{"href":"https:\/\/serverdedicato.lovenailsrivenditore.com\/index.php?rest_route=\/wp\/v2\/product"}],"about":[{"href":"https:\/\/serverdedicato.lovenailsrivenditore.com\/index.php?rest_route=\/wp\/v2\/types\/product"}],"replies":[{"embeddable":true,"href":"https:\/\/serverdedicato.lovenailsrivenditore.com\/index.php?rest_route=%2Fwp%2Fv2%2Fcomments&post=7915"}],"wp:featuredmedia":[{"embeddable":true,"href":"https:\/\/serverdedicato.lovenailsrivenditore.com\/index.php?rest_route=\/wp\/v2\/media\/7916"}],"wp:attachment":[{"href":"https:\/\/serverdedicato.lovenailsrivenditore.com\/index.php?rest_route=%2Fwp%2Fv2%2Fmedia&parent=7915"}],"wp:term":[{"taxonomy":"product_brand","embeddable":true,"href":"https:\/\/serverdedicato.lovenailsrivenditore.com\/index.php?rest_route=%2Fwp%2Fv2%2Fproduct_brand&post=7915"},{"taxonomy":"product_cat","embeddable":true,"href":"https:\/\/serverdedicato.lovenailsrivenditore.com\/index.php?rest_route=%2Fwp%2Fv2%2Fproduct_cat&post=7915"},{"taxonomy":"product_tag","embeddable":true,"href":"https:\/\/serverdedicato.lovenailsrivenditore.com\/index.php?rest_route=%2Fwp%2Fv2%2Fproduct_tag&post=7915"}],"curies":[{"name":"wp","href":"https:\/\/api.w.org\/{rel}","templated":true}]}}