{"id":8613,"date":"2023-02-21T13:53:36","date_gmt":"2023-02-21T12:53:36","guid":{"rendered":"https:\/\/serverdedicato.lovenailsrivenditore.com\/?product=gel-herbaline-by-gosia-krus-shiny-flakes-50ml-molly-lac"},"modified":"2026-04-17T19:10:39","modified_gmt":"2026-04-17T17:10:39","slug":"gel-herbaline-by-gosia-krus-shiny-flakes-50ml-molly-lac","status":"publish","type":"product","link":"https:\/\/serverdedicato.lovenailsrivenditore.com\/?product=gel-herbaline-by-gosia-krus-shiny-flakes-50ml-molly-lac","title":{"rendered":"Gel Herbaline By Gosia Krus &#8211; Shiny Flakes 50ml Molly Lac"},"content":{"rendered":"<p>Un gel da costruzione innovativo e autolivellante per lo styling delle unghie con una composizione e propriet\u00e0 uniche create dal Master Educator MollyLac Ma\u0142gorzata Kru\u015b . Grazie al contenuto di tea tree oil, dar\u00e0 fiducia ai clienti che hanno un problema ricorrente con i prodotti lifting, che le unghie saranno protette dal possibile rischio di infezione, cosiddetto. &#8221; batteri verdi &#8220;.<\/p>\n<p>\u00c8 un gel rivoluzionario che unisce eccellenti qualit\u00e0 visive e tecnologiche introvabili in prodotti simili. La copertura del colore di circa il 60-70% \u00e8 il pieno controllo della condizione dell&#8217;unghia. I colori delicati e femminili sono un must nel tuo salone di styling. I colori naturali piaceranno alla maggior parte dei clienti: non richiedono verniciatura, il che pu\u00f2 accelerare notevolmente l&#8217;orario di lavoro.<\/p>\n<p>Il prodotto \u00e8 destinato non solo ai clienti con il problema delle infezioni ricorrenti da pseudomonas aeruginosa , ma sar\u00e0 perfetto anche per lo styling delle unghie difficili con tendenza alle sacche d&#8217;aria. Inoltre, contiene acido lattico che garantisce un&#8217;idratazione ottimale dell&#8217;unghia naturale ed \u00e8 privo di Hema e di-Hema , considerati uno degli ingredienti pi\u00f9 allergenici nei prodotti per lo styling.<\/p>\n","protected":false},"excerpt":{"rendered":"<p>Un gel da costruzione innovativo e autolivellante per lo styling delle unghie con una composizione e propriet\u00e0 uniche create dal Master Educator MollyLac Ma\u0142gorzata Kru\u015b .<\/p>\n","protected":false},"featured_media":8614,"comment_status":"closed","ping_status":"open","template":"","meta":[],"product_brand":[],"product_cat":[224,225,223,81],"product_tag":[227,75,1236,84],"class_list":{"0":"post-8613","1":"product","2":"type-product","3":"status-publish","4":"has-post-thumbnail","6":"product_cat-costruttori","7":"product_cat-costruttori-molly-lac","8":"product_cat-gel-uv","9":"product_cat-molly-lac","10":"product_tag-costruttore","11":"product_tag-gel","12":"product_tag-herbaline","13":"product_tag-molly-lac","15":"first","16":"instock","17":"shipping-taxable","18":"purchasable","19":"product-type-simple"},"_links":{"self":[{"href":"https:\/\/serverdedicato.lovenailsrivenditore.com\/index.php?rest_route=\/wp\/v2\/product\/8613","targetHints":{"allow":["GET"]}}],"collection":[{"href":"https:\/\/serverdedicato.lovenailsrivenditore.com\/index.php?rest_route=\/wp\/v2\/product"}],"about":[{"href":"https:\/\/serverdedicato.lovenailsrivenditore.com\/index.php?rest_route=\/wp\/v2\/types\/product"}],"replies":[{"embeddable":true,"href":"https:\/\/serverdedicato.lovenailsrivenditore.com\/index.php?rest_route=%2Fwp%2Fv2%2Fcomments&post=8613"}],"wp:featuredmedia":[{"embeddable":true,"href":"https:\/\/serverdedicato.lovenailsrivenditore.com\/index.php?rest_route=\/wp\/v2\/media\/8614"}],"wp:attachment":[{"href":"https:\/\/serverdedicato.lovenailsrivenditore.com\/index.php?rest_route=%2Fwp%2Fv2%2Fmedia&parent=8613"}],"wp:term":[{"taxonomy":"product_brand","embeddable":true,"href":"https:\/\/serverdedicato.lovenailsrivenditore.com\/index.php?rest_route=%2Fwp%2Fv2%2Fproduct_brand&post=8613"},{"taxonomy":"product_cat","embeddable":true,"href":"https:\/\/serverdedicato.lovenailsrivenditore.com\/index.php?rest_route=%2Fwp%2Fv2%2Fproduct_cat&post=8613"},{"taxonomy":"product_tag","embeddable":true,"href":"https:\/\/serverdedicato.lovenailsrivenditore.com\/index.php?rest_route=%2Fwp%2Fv2%2Fproduct_tag&post=8613"}],"curies":[{"name":"wp","href":"https:\/\/api.w.org\/{rel}","templated":true}]}}